{"id":208692,"date":"2025-01-22T10:54:50","date_gmt":"2025-01-22T15:54:50","guid":{"rendered":"https:\/\/goelette.ca\/?post_type=product&#038;p=208692"},"modified":"2025-05-15T13:22:24","modified_gmt":"2025-05-15T17:22:24","slug":"identiques-mais-uniques","status":"publish","type":"product","link":"https:\/\/goelette.ca\/en\/tous-les-livres\/identiques-mais-uniques\/","title":{"rendered":"Identiques, mais uniques"},"content":{"rendered":"<p class=\"p1\">Sofia et Maeva sont deux jumelles identiques en tout point. D\u2019ailleurs, chaque fois que l\u2019une d\u2019elles d\u00e9cide quelque chose, l\u2019autre la copie ! Quand une nouvelle amie arrive \u00e0 la garderie, Maeva r\u00e9alise cependant qu\u2019elle a des go\u00fbts diff\u00e9rents de sa soeur, et une dispute \u00e9clate. Comment les deux jumelles parviendront-elles \u00e0 s\u2019entendre ?<\/p>\n<p class=\"p1\">Avec cette histoire attachante, abordez le th\u00e8me de la diff\u00e9rence avec votre enfant et profitez d\u2019une page sp\u00e9ciale \u00e0 la fin du livre pour discuter avec lui.<\/p>\n","protected":false},"excerpt":{"rendered":"<p>Sofia et Maeva sont deux jumelles identiques en tout point. D\u2019ailleurs, chaque fois que l\u2019une d\u2019elles d\u00e9cide quelque chose, l\u2019autre la copie ! Quand une nouvelle amie arrive \u00e0 la garderie, Maeva r\u00e9alise cependant qu\u2019elle a des go\u00fbts diff\u00e9rents de sa soeur, et une dispute \u00e9clate. Comment les deux jumelles parviendront-elles \u00e0 s\u2019entendre ? Avec [&hellip;]<\/p>\n","protected":false},"featured_media":208694,"template":"","meta":{"wds_primary_product_brand":0,"wds_primary_product_cat":0,"wds_primary_maison_dedition":0},"product_brand":[],"product_cat":[560,578,538],"product_tag":[],"maison_dedition":[541,584],"class_list":{"0":"post-208692","1":"product","2":"type-product","3":"status-publish","4":"has-post-thumbnail","6":"product_cat-3-5-ans","7":"product_cat-albums-illustres","8":"product_cat-jeunesse","9":"pa_auteur-catherine-cote","10":"pa_illustrateur-sandrine-lamour","11":"maison_dedition-les-editions-coup-doeil","12":"maison_dedition-petites-lectures","14":"first","15":"instock","16":"taxable","17":"shipping-taxable","18":"purchasable","19":"product-type-variable"},"bundled_by":[],"bundle_stock_status":"instock","bundle_stock_quantity":null,"bundle_virtual":false,"bundle_layout":"","bundle_add_to_cart_form_location":"","bundle_editable_in_cart":false,"bundle_sold_individually_context":"","bundle_item_grouping":"","bundle_min_size":"","bundle_max_size":"","bundle_price":[],"bundled_items":[],"bundle_sell_ids":[],"acf":[],"_links":{"self":[{"href":"https:\/\/goelette.ca\/en\/wp-json\/wp\/v2\/product\/208692","targetHints":{"allow":["GET"]}}],"collection":[{"href":"https:\/\/goelette.ca\/en\/wp-json\/wp\/v2\/product"}],"about":[{"href":"https:\/\/goelette.ca\/en\/wp-json\/wp\/v2\/types\/product"}],"wp:featuredmedia":[{"embeddable":true,"href":"https:\/\/goelette.ca\/en\/wp-json\/wp\/v2\/media\/208694"}],"wp:attachment":[{"href":"https:\/\/goelette.ca\/en\/wp-json\/wp\/v2\/media?parent=208692"}],"wp:term":[{"taxonomy":"product_brand","embeddable":true,"href":"https:\/\/goelette.ca\/en\/wp-json\/wp\/v2\/product_brand?post=208692"},{"taxonomy":"product_cat","embeddable":true,"href":"https:\/\/goelette.ca\/en\/wp-json\/wp\/v2\/product_cat?post=208692"},{"taxonomy":"product_tag","embeddable":true,"href":"https:\/\/goelette.ca\/en\/wp-json\/wp\/v2\/product_tag?post=208692"},{"taxonomy":"maison_dedition","embeddable":true,"href":"https:\/\/goelette.ca\/en\/wp-json\/wp\/v2\/maison_dedition?post=208692"}],"curies":[{"name":"wp","href":"https:\/\/api.w.org\/{rel}","templated":true}]}}