{"id":208688,"date":"2025-01-22T10:46:02","date_gmt":"2025-01-22T15:46:02","guid":{"rendered":"https:\/\/goelette.ca\/?post_type=product&#038;p=208688"},"modified":"2025-05-15T13:25:57","modified_gmt":"2025-05-15T17:25:57","slug":"une-montagne-de-fruits","status":"publish","type":"product","link":"https:\/\/goelette.ca\/en\/tous-les-livres\/une-montagne-de-fruits\/","title":{"rendered":"Une montagne de fruits !"},"content":{"rendered":"<p class=\"p1\">Samie adore les g\u00e2teaux aux petits <span class=\"s1\">fruits <\/span>et aux <span class=\"s1\">noix ! <\/span>Justement, aujourd\u2019hui, elle a envie d\u2019en pr\u00e9parer un. Accompagn\u00e9e de son fr\u00e8re et de sa soeur, elle se rend dans la for\u00eat pour r\u00e9colter ses <span class=\"s1\">ingr\u00e9dients. <\/span>Seulement, une fois le g\u00e2teau cuit, il lui reste encore une tonne de fruits. Que feront les \u00e9cureuils avec toutes ces <span class=\"s1\">provisions ?<\/span><\/p>\n<p class=\"p1\">Avec cette histoire attachante, abordez le th\u00e8me du <span class=\"s1\">gaspillage alimentaire <\/span>avec votre enfant et profitez d\u2019une page sp\u00e9ciale \u00e0 la fin du livre pour discuter avec lui.<\/p>\n","protected":false},"excerpt":{"rendered":"<p>Samie adore les g\u00e2teaux aux petits fruits et aux noix ! Justement, aujourd\u2019hui, elle a envie d\u2019en pr\u00e9parer un. Accompagn\u00e9e de son fr\u00e8re et de sa soeur, elle se rend dans la for\u00eat pour r\u00e9colter ses ingr\u00e9dients. Seulement, une fois le g\u00e2teau cuit, il lui reste encore une tonne de fruits. Que feront les \u00e9cureuils [&hellip;]<\/p>\n","protected":false},"featured_media":208690,"template":"","meta":{"wds_primary_product_brand":0,"wds_primary_product_cat":0,"wds_primary_maison_dedition":0},"product_brand":[],"product_cat":[560,578,538],"product_tag":[],"maison_dedition":[541,584],"class_list":{"0":"post-208688","1":"product","2":"type-product","3":"status-publish","4":"has-post-thumbnail","6":"product_cat-3-5-ans","7":"product_cat-albums-illustres","8":"product_cat-jeunesse","9":"pa_auteur-raphaelle-mirandette","10":"pa_illustrateur-laure-phelipon","11":"maison_dedition-les-editions-coup-doeil","12":"maison_dedition-petites-lectures","14":"first","15":"instock","16":"taxable","17":"shipping-taxable","18":"purchasable","19":"product-type-variable","20":"has-default-attributes"},"bundled_by":[],"bundle_stock_status":"instock","bundle_stock_quantity":null,"bundle_virtual":false,"bundle_layout":"","bundle_add_to_cart_form_location":"","bundle_editable_in_cart":false,"bundle_sold_individually_context":"","bundle_item_grouping":"","bundle_min_size":"","bundle_max_size":"","bundle_price":[],"bundled_items":[],"bundle_sell_ids":[],"acf":[],"_links":{"self":[{"href":"https:\/\/goelette.ca\/en\/wp-json\/wp\/v2\/product\/208688","targetHints":{"allow":["GET"]}}],"collection":[{"href":"https:\/\/goelette.ca\/en\/wp-json\/wp\/v2\/product"}],"about":[{"href":"https:\/\/goelette.ca\/en\/wp-json\/wp\/v2\/types\/product"}],"wp:featuredmedia":[{"embeddable":true,"href":"https:\/\/goelette.ca\/en\/wp-json\/wp\/v2\/media\/208690"}],"wp:attachment":[{"href":"https:\/\/goelette.ca\/en\/wp-json\/wp\/v2\/media?parent=208688"}],"wp:term":[{"taxonomy":"product_brand","embeddable":true,"href":"https:\/\/goelette.ca\/en\/wp-json\/wp\/v2\/product_brand?post=208688"},{"taxonomy":"product_cat","embeddable":true,"href":"https:\/\/goelette.ca\/en\/wp-json\/wp\/v2\/product_cat?post=208688"},{"taxonomy":"product_tag","embeddable":true,"href":"https:\/\/goelette.ca\/en\/wp-json\/wp\/v2\/product_tag?post=208688"},{"taxonomy":"maison_dedition","embeddable":true,"href":"https:\/\/goelette.ca\/en\/wp-json\/wp\/v2\/maison_dedition?post=208688"}],"curies":[{"name":"wp","href":"https:\/\/api.w.org\/{rel}","templated":true}]}}