{"id":208671,"date":"2025-01-22T10:01:06","date_gmt":"2025-01-22T15:01:06","guid":{"rendered":"https:\/\/goelette.ca\/?post_type=product&#038;p=208671"},"modified":"2025-05-15T13:28:09","modified_gmt":"2025-05-15T17:28:09","slug":"une-voix-pleine-de-magie","status":"publish","type":"product","link":"https:\/\/goelette.ca\/en\/tous-les-livres\/une-voix-pleine-de-magie\/","title":{"rendered":"Une voix pleine de magie !"},"content":{"rendered":"<p class=\"p1\">L\u00e9onie a de la difficult\u00e9 \u00e0 contr\u00f4ler le volume de sa voix pleine de magie, si bien qu\u2019elle lance parfois des sorts par accident ! C\u2019est ainsi qu\u2019un jour, elle rend les bras de sa maman mous comme des spaghettis ! Les deux sorci\u00e8res doivent donc aller chez grand-maman. Cependant, un probl\u00e8me de taille les attend : une dragonne est coinc\u00e9e dans le tunnel du m\u00e9tro ! L\u00e9onie r\u00e9ussira-t-elle \u00e0 la lib\u00e9rer ?<\/p>\n<p class=\"p2\">Avec cette adorable histoire, faites r\u00e9fl\u00e9chir l\u2019enfant sur l\u2019importance de parler sans crier et poursuivez avec lui la discussion gr\u00e2ce \u00e0 une page sp\u00e9ciale \u00e0 la fin de l\u2019album.<\/p>\n","protected":false},"excerpt":{"rendered":"<p>L\u00e9onie a de la difficult\u00e9 \u00e0 contr\u00f4ler le volume de sa voix pleine de magie, si bien qu\u2019elle lance parfois des sorts par accident ! C\u2019est ainsi qu\u2019un jour, elle rend les bras de sa maman mous comme des spaghettis ! Les deux sorci\u00e8res doivent donc aller chez grand-maman. Cependant, un probl\u00e8me de taille les [&hellip;]<\/p>\n","protected":false},"featured_media":208673,"template":"","meta":{"wds_primary_product_brand":0,"wds_primary_product_cat":0,"wds_primary_maison_dedition":0},"product_brand":[],"product_cat":[560,578,538],"product_tag":[],"maison_dedition":[541,584],"class_list":{"0":"post-208671","1":"product","2":"type-product","3":"status-publish","4":"has-post-thumbnail","6":"product_cat-3-5-ans","7":"product_cat-albums-illustres","8":"product_cat-jeunesse","9":"pa_auteur-coralie-chapais-roy","10":"pa_illustrateur-maria-sole-macchia","11":"maison_dedition-les-editions-coup-doeil","12":"maison_dedition-petites-lectures","14":"first","15":"instock","16":"taxable","17":"shipping-taxable","18":"purchasable","19":"product-type-variable","20":"has-default-attributes"},"bundled_by":[],"bundle_stock_status":"instock","bundle_stock_quantity":null,"bundle_virtual":false,"bundle_layout":"","bundle_add_to_cart_form_location":"","bundle_editable_in_cart":false,"bundle_sold_individually_context":"","bundle_item_grouping":"","bundle_min_size":"","bundle_max_size":"","bundle_price":[],"bundled_items":[],"bundle_sell_ids":[],"acf":[],"_links":{"self":[{"href":"https:\/\/goelette.ca\/en\/wp-json\/wp\/v2\/product\/208671","targetHints":{"allow":["GET"]}}],"collection":[{"href":"https:\/\/goelette.ca\/en\/wp-json\/wp\/v2\/product"}],"about":[{"href":"https:\/\/goelette.ca\/en\/wp-json\/wp\/v2\/types\/product"}],"wp:featuredmedia":[{"embeddable":true,"href":"https:\/\/goelette.ca\/en\/wp-json\/wp\/v2\/media\/208673"}],"wp:attachment":[{"href":"https:\/\/goelette.ca\/en\/wp-json\/wp\/v2\/media?parent=208671"}],"wp:term":[{"taxonomy":"product_brand","embeddable":true,"href":"https:\/\/goelette.ca\/en\/wp-json\/wp\/v2\/product_brand?post=208671"},{"taxonomy":"product_cat","embeddable":true,"href":"https:\/\/goelette.ca\/en\/wp-json\/wp\/v2\/product_cat?post=208671"},{"taxonomy":"product_tag","embeddable":true,"href":"https:\/\/goelette.ca\/en\/wp-json\/wp\/v2\/product_tag?post=208671"},{"taxonomy":"maison_dedition","embeddable":true,"href":"https:\/\/goelette.ca\/en\/wp-json\/wp\/v2\/maison_dedition?post=208671"}],"curies":[{"name":"wp","href":"https:\/\/api.w.org\/{rel}","templated":true}]}}