{"id":208666,"date":"2025-01-22T09:46:37","date_gmt":"2025-01-22T14:46:37","guid":{"rendered":"https:\/\/goelette.ca\/?post_type=product&#038;p=208666"},"modified":"2025-05-15T13:30:55","modified_gmt":"2025-05-15T17:30:55","slug":"ses-desirs-sont-des-ordres","status":"publish","type":"product","link":"https:\/\/goelette.ca\/en\/tous-les-livres\/ses-desirs-sont-des-ordres\/","title":{"rendered":"Ses d\u00e9sirs sont des ordres !"},"content":{"rendered":"<p>Lorsqu&#8217;Henri veut un jouet, aussit\u00f4t dit, aussit\u00f4t re\u00e7u : le petit prince poss\u00e8de tout ce qu\u2019il souhaite, et m\u00eame plus ! Toutefois, il finit bien vite par s\u2019ennuyer. Et son nouveau cadeau, R\u00e9glisse, son cheval rien qu\u2019\u00e0 lui, ne veut pas lui ob\u00e9ir. Gr\u00e2ce \u00e0 Maude, la fille d&#8217;une domestique, peut-\u00eatre d\u00e9couvrira-t-il d&#8217;autres mani\u00e8res de s&#8217;amuser !<\/p>\n<p class=\"p1\">Avec cette adorable histoire, faites r\u00e9fl\u00e9chir l\u2019enfant sur la surconsommation et poursuivez avec lui la discussion gr\u00e2ce \u00e0 une page sp\u00e9ciale \u00e0 la fin de l\u2019album.<\/p>\n","protected":false},"excerpt":{"rendered":"<p>Lorsqu&#8217;Henri veut un jouet, aussit\u00f4t dit, aussit\u00f4t re\u00e7u : le petit prince poss\u00e8de tout ce qu\u2019il souhaite, et m\u00eame plus ! Toutefois, il finit bien vite par s\u2019ennuyer. Et son nouveau cadeau, R\u00e9glisse, son cheval rien qu\u2019\u00e0 lui, ne veut pas lui ob\u00e9ir. Gr\u00e2ce \u00e0 Maude, la fille d&#8217;une domestique, peut-\u00eatre d\u00e9couvrira-t-il d&#8217;autres mani\u00e8res de [&hellip;]<\/p>\n","protected":false},"featured_media":208668,"template":"","meta":{"wds_primary_product_brand":0,"wds_primary_product_cat":0,"wds_primary_maison_dedition":0},"product_brand":[],"product_cat":[560,578,538],"product_tag":[],"maison_dedition":[541,584],"class_list":{"0":"post-208666","1":"product","2":"type-product","3":"status-publish","4":"has-post-thumbnail","6":"product_cat-3-5-ans","7":"product_cat-albums-illustres","8":"product_cat-jeunesse","9":"pa_auteur-marie-frederique-poirier","10":"pa_illustrateur-lisa-m-griffin","11":"maison_dedition-les-editions-coup-doeil","12":"maison_dedition-petites-lectures","14":"first","15":"instock","16":"taxable","17":"shipping-taxable","18":"purchasable","19":"product-type-variable","20":"has-default-attributes"},"bundled_by":[],"bundle_stock_status":"instock","bundle_stock_quantity":null,"bundle_virtual":false,"bundle_layout":"","bundle_add_to_cart_form_location":"","bundle_editable_in_cart":false,"bundle_sold_individually_context":"","bundle_item_grouping":"","bundle_min_size":"","bundle_max_size":"","bundle_price":[],"bundled_items":[],"bundle_sell_ids":[],"acf":[],"_links":{"self":[{"href":"https:\/\/goelette.ca\/en\/wp-json\/wp\/v2\/product\/208666","targetHints":{"allow":["GET"]}}],"collection":[{"href":"https:\/\/goelette.ca\/en\/wp-json\/wp\/v2\/product"}],"about":[{"href":"https:\/\/goelette.ca\/en\/wp-json\/wp\/v2\/types\/product"}],"wp:featuredmedia":[{"embeddable":true,"href":"https:\/\/goelette.ca\/en\/wp-json\/wp\/v2\/media\/208668"}],"wp:attachment":[{"href":"https:\/\/goelette.ca\/en\/wp-json\/wp\/v2\/media?parent=208666"}],"wp:term":[{"taxonomy":"product_brand","embeddable":true,"href":"https:\/\/goelette.ca\/en\/wp-json\/wp\/v2\/product_brand?post=208666"},{"taxonomy":"product_cat","embeddable":true,"href":"https:\/\/goelette.ca\/en\/wp-json\/wp\/v2\/product_cat?post=208666"},{"taxonomy":"product_tag","embeddable":true,"href":"https:\/\/goelette.ca\/en\/wp-json\/wp\/v2\/product_tag?post=208666"},{"taxonomy":"maison_dedition","embeddable":true,"href":"https:\/\/goelette.ca\/en\/wp-json\/wp\/v2\/maison_dedition?post=208666"}],"curies":[{"name":"wp","href":"https:\/\/api.w.org\/{rel}","templated":true}]}}