{"id":208658,"date":"2025-01-22T09:04:34","date_gmt":"2025-01-22T14:04:34","guid":{"rendered":"https:\/\/goelette.ca\/?post_type=product&#038;p=208658"},"modified":"2025-05-15T13:29:57","modified_gmt":"2025-05-15T17:29:57","slug":"le-grand-mechant-loup-de-mer","status":"publish","type":"product","link":"https:\/\/goelette.ca\/en\/tous-les-livres\/le-grand-mechant-loup-de-mer\/","title":{"rendered":"Le grand m\u00e9chant loup de mer"},"content":{"rendered":"<p class=\"p1\">Le grand m\u00e9chant loup de mer est un vilain pirate. Un jour, il s\u2019endort dans son bateau et se r\u00e9veille\u2026 entour\u00e9 d\u2019icebergs ! Affam\u00e9, il essaie de trouver des gens \u00e0 voler, mais la banquise semble vide et il s\u2019effondre d\u2019\u00e9puisement. Les gentils phoques qui lui viennent en aide pourront-ils lui apprendre le bonheur de partager ?<\/p>\n<p class=\"p2\">Avec cette adorable histoire, faites r\u00e9fl\u00e9chir l\u2019enfant sur la g\u00e9n\u00e9rosit\u00e9 et poursuivez avec lui la discussion gr\u00e2ce \u00e0 une page sp\u00e9ciale \u00e0 la fin de l\u2019album.<\/p>\n","protected":false},"excerpt":{"rendered":"<p>Le grand m\u00e9chant loup de mer est un vilain pirate. Un jour, il s\u2019endort dans son bateau et se r\u00e9veille\u2026 entour\u00e9 d\u2019icebergs ! Affam\u00e9, il essaie de trouver des gens \u00e0 voler, mais la banquise semble vide et il s\u2019effondre d\u2019\u00e9puisement. Les gentils phoques qui lui viennent en aide pourront-ils lui apprendre le bonheur de [&hellip;]<\/p>\n","protected":false},"featured_media":208663,"template":"","meta":{"wds_primary_product_brand":0,"wds_primary_product_cat":0,"wds_primary_maison_dedition":0},"product_brand":[],"product_cat":[560,578,538],"product_tag":[],"maison_dedition":[541,584],"class_list":{"0":"post-208658","1":"product","2":"type-product","3":"status-publish","4":"has-post-thumbnail","6":"product_cat-3-5-ans","7":"product_cat-albums-illustres","8":"product_cat-jeunesse","9":"pa_auteur-marilou-charpentier","10":"pa_illustrateur-claudio-cerri","11":"maison_dedition-les-editions-coup-doeil","12":"maison_dedition-petites-lectures","14":"first","15":"instock","16":"taxable","17":"shipping-taxable","18":"purchasable","19":"product-type-variable","20":"has-default-attributes"},"bundled_by":[],"bundle_stock_status":"instock","bundle_stock_quantity":null,"bundle_virtual":false,"bundle_layout":"","bundle_add_to_cart_form_location":"","bundle_editable_in_cart":false,"bundle_sold_individually_context":"","bundle_item_grouping":"","bundle_min_size":"","bundle_max_size":"","bundle_price":[],"bundled_items":[],"bundle_sell_ids":[],"acf":[],"_links":{"self":[{"href":"https:\/\/goelette.ca\/en\/wp-json\/wp\/v2\/product\/208658","targetHints":{"allow":["GET"]}}],"collection":[{"href":"https:\/\/goelette.ca\/en\/wp-json\/wp\/v2\/product"}],"about":[{"href":"https:\/\/goelette.ca\/en\/wp-json\/wp\/v2\/types\/product"}],"wp:featuredmedia":[{"embeddable":true,"href":"https:\/\/goelette.ca\/en\/wp-json\/wp\/v2\/media\/208663"}],"wp:attachment":[{"href":"https:\/\/goelette.ca\/en\/wp-json\/wp\/v2\/media?parent=208658"}],"wp:term":[{"taxonomy":"product_brand","embeddable":true,"href":"https:\/\/goelette.ca\/en\/wp-json\/wp\/v2\/product_brand?post=208658"},{"taxonomy":"product_cat","embeddable":true,"href":"https:\/\/goelette.ca\/en\/wp-json\/wp\/v2\/product_cat?post=208658"},{"taxonomy":"product_tag","embeddable":true,"href":"https:\/\/goelette.ca\/en\/wp-json\/wp\/v2\/product_tag?post=208658"},{"taxonomy":"maison_dedition","embeddable":true,"href":"https:\/\/goelette.ca\/en\/wp-json\/wp\/v2\/maison_dedition?post=208658"}],"curies":[{"name":"wp","href":"https:\/\/api.w.org\/{rel}","templated":true}]}}