{"id":208653,"date":"2025-01-22T08:48:42","date_gmt":"2025-01-22T13:48:42","guid":{"rendered":"https:\/\/goelette.ca\/?post_type=product&#038;p=208653"},"modified":"2025-05-15T13:13:36","modified_gmt":"2025-05-15T17:13:36","slug":"la-dompteuse-de-licornes","status":"publish","type":"product","link":"https:\/\/goelette.ca\/en\/tous-les-livres\/la-dompteuse-de-licornes\/","title":{"rendered":"La dompteuse de licornes"},"content":{"rendered":"<p class=\"p1\">La tante d\u2019Ariana est dompteuse de licornes. Une fois son spectacle termin\u00e9, c\u2019est la panique : Cassiop\u00e9e, la grande licorne, s\u2019est bless\u00e9e \u00e0 une patte ! Pendant que celle-ci est \u00e0 l\u2019h\u00f4pital v\u00e9t\u00e9rinaire, Ariana accepte avec joie d\u2019aider sa tante \u00e0 s\u2019occuper de Cumulus, le b\u00e9b\u00e9 licorne. R\u00e9ussira-t-elle \u00e0 l\u2019apprivoiser et \u00e0 devenir dompteuse de licornes \u00e0 son tour ?<\/p>\n<p class=\"p1\">Avec cette adorable histoire, faites r\u00e9fl\u00e9chir l\u2019enfant sur comment prendre soin d\u2019un animal et poursuivez avec lui la discussion gr\u00e2ce \u00e0 une page sp\u00e9ciale \u00e0 la fin de l\u2019album.<\/p>\n","protected":false},"excerpt":{"rendered":"<p>La tante d\u2019Ariana est dompteuse de licornes. Une fois son spectacle termin\u00e9, c\u2019est la panique : Cassiop\u00e9e, la grande licorne, s\u2019est bless\u00e9e \u00e0 une patte ! Pendant que celle-ci est \u00e0 l\u2019h\u00f4pital v\u00e9t\u00e9rinaire, Ariana accepte avec joie d\u2019aider sa tante \u00e0 s\u2019occuper de Cumulus, le b\u00e9b\u00e9 licorne. R\u00e9ussira-t-elle \u00e0 l\u2019apprivoiser et \u00e0 devenir dompteuse de [&hellip;]<\/p>\n","protected":false},"featured_media":208655,"template":"","meta":{"wds_primary_product_brand":0,"wds_primary_product_cat":0,"wds_primary_maison_dedition":0},"product_brand":[],"product_cat":[560,578,538],"product_tag":[],"maison_dedition":[541,584],"class_list":{"0":"post-208653","1":"product","2":"type-product","3":"status-publish","4":"has-post-thumbnail","6":"product_cat-3-5-ans","7":"product_cat-albums-illustres","8":"product_cat-jeunesse","9":"pa_auteur-marilou-charpentier","10":"pa_illustrateur-vayounette","11":"maison_dedition-les-editions-coup-doeil","12":"maison_dedition-petites-lectures","14":"first","15":"instock","16":"taxable","17":"shipping-taxable","18":"purchasable","19":"product-type-variable","20":"has-default-attributes"},"bundled_by":[],"bundle_stock_status":"instock","bundle_stock_quantity":null,"bundle_virtual":false,"bundle_layout":"","bundle_add_to_cart_form_location":"","bundle_editable_in_cart":false,"bundle_sold_individually_context":"","bundle_item_grouping":"","bundle_min_size":"","bundle_max_size":"","bundle_price":[],"bundled_items":[],"bundle_sell_ids":[],"acf":[],"_links":{"self":[{"href":"https:\/\/goelette.ca\/en\/wp-json\/wp\/v2\/product\/208653","targetHints":{"allow":["GET"]}}],"collection":[{"href":"https:\/\/goelette.ca\/en\/wp-json\/wp\/v2\/product"}],"about":[{"href":"https:\/\/goelette.ca\/en\/wp-json\/wp\/v2\/types\/product"}],"wp:featuredmedia":[{"embeddable":true,"href":"https:\/\/goelette.ca\/en\/wp-json\/wp\/v2\/media\/208655"}],"wp:attachment":[{"href":"https:\/\/goelette.ca\/en\/wp-json\/wp\/v2\/media?parent=208653"}],"wp:term":[{"taxonomy":"product_brand","embeddable":true,"href":"https:\/\/goelette.ca\/en\/wp-json\/wp\/v2\/product_brand?post=208653"},{"taxonomy":"product_cat","embeddable":true,"href":"https:\/\/goelette.ca\/en\/wp-json\/wp\/v2\/product_cat?post=208653"},{"taxonomy":"product_tag","embeddable":true,"href":"https:\/\/goelette.ca\/en\/wp-json\/wp\/v2\/product_tag?post=208653"},{"taxonomy":"maison_dedition","embeddable":true,"href":"https:\/\/goelette.ca\/en\/wp-json\/wp\/v2\/maison_dedition?post=208653"}],"curies":[{"name":"wp","href":"https:\/\/api.w.org\/{rel}","templated":true}]}}