{"id":208558,"date":"2025-01-22T00:01:08","date_gmt":"2025-01-22T05:01:08","guid":{"rendered":"https:\/\/goelette.ca\/?post_type=product&#038;p=208558"},"modified":"2025-10-08T11:21:45","modified_gmt":"2025-10-08T15:21:45","slug":"le-fantastique-livre-des-chats","status":"publish","type":"product","link":"https:\/\/goelette.ca\/en\/tous-les-livres\/le-fantastique-livre-des-chats\/","title":{"rendered":"Le fantastique livre des chats"},"content":{"rendered":"<p class=\"p1\"><strong>D\u00e9couvrez les chats les plus fascinants du monde !<\/strong><\/p>\n<p class=\"p2\">Qui ose encore croire que tous les chats se ressemblent ?<\/p>\n<p class=\"p1\">Ce livre d\u00e9taille les caract\u00e9ristiques que partagent tous les chats et, en parall\u00e8le, les particularit\u00e9s qui rendent chaque race unique.<\/p>\n<p class=\"p1\">De l\u2019\u00c9gypte ancienne \u00e0 la cour de la reine Victoria, plongez dans l\u2019histoire \u00e9tonnante du chat \u00e0 travers les \u00e2ges, et partez \u00e0 la rencontre du plus attachant des animaux.<\/p>\n","protected":false},"excerpt":{"rendered":"<p>D\u00e9couvrez les chats les plus fascinants du monde ! Qui ose encore croire que tous les chats se ressemblent ? Ce livre d\u00e9taille les caract\u00e9ristiques que partagent tous les chats et, en parall\u00e8le, les particularit\u00e9s qui rendent chaque race unique. De l\u2019\u00c9gypte ancienne \u00e0 la cour de la reine Victoria, plongez dans l\u2019histoire \u00e9tonnante du [&hellip;]<\/p>\n","protected":false},"featured_media":208560,"template":"","meta":{"wds_primary_product_brand":0,"wds_primary_product_cat":0,"wds_primary_maison_dedition":0},"product_brand":[],"product_cat":[555,553,538],"product_tag":[],"maison_dedition":[630],"class_list":{"0":"post-208558","1":"product","2":"type-product","3":"status-publish","4":"has-post-thumbnail","6":"product_cat-6-ans-et-plus","7":"product_cat-documentaire","8":"product_cat-jeunesse","9":"pa_auteur-collectif","10":"maison_dedition-les-editions-goelette","12":"first","13":"instock","14":"taxable","15":"shipping-taxable","16":"purchasable","17":"product-type-variable"},"bundled_by":[],"bundle_stock_status":"instock","bundle_stock_quantity":null,"bundle_virtual":false,"bundle_layout":"","bundle_add_to_cart_form_location":"","bundle_editable_in_cart":false,"bundle_sold_individually_context":"","bundle_item_grouping":"","bundle_min_size":"","bundle_max_size":"","bundle_price":[],"bundled_items":[],"bundle_sell_ids":[],"acf":[],"_links":{"self":[{"href":"https:\/\/goelette.ca\/en\/wp-json\/wp\/v2\/product\/208558","targetHints":{"allow":["GET"]}}],"collection":[{"href":"https:\/\/goelette.ca\/en\/wp-json\/wp\/v2\/product"}],"about":[{"href":"https:\/\/goelette.ca\/en\/wp-json\/wp\/v2\/types\/product"}],"wp:featuredmedia":[{"embeddable":true,"href":"https:\/\/goelette.ca\/en\/wp-json\/wp\/v2\/media\/208560"}],"wp:attachment":[{"href":"https:\/\/goelette.ca\/en\/wp-json\/wp\/v2\/media?parent=208558"}],"wp:term":[{"taxonomy":"product_brand","embeddable":true,"href":"https:\/\/goelette.ca\/en\/wp-json\/wp\/v2\/product_brand?post=208558"},{"taxonomy":"product_cat","embeddable":true,"href":"https:\/\/goelette.ca\/en\/wp-json\/wp\/v2\/product_cat?post=208558"},{"taxonomy":"product_tag","embeddable":true,"href":"https:\/\/goelette.ca\/en\/wp-json\/wp\/v2\/product_tag?post=208558"},{"taxonomy":"maison_dedition","embeddable":true,"href":"https:\/\/goelette.ca\/en\/wp-json\/wp\/v2\/maison_dedition?post=208558"}],"curies":[{"name":"wp","href":"https:\/\/api.w.org\/{rel}","templated":true}]}}