{"id":208514,"date":"2025-01-21T13:15:07","date_gmt":"2025-01-21T18:15:07","guid":{"rendered":"https:\/\/goelette.ca\/?post_type=product&#038;p=208514"},"modified":"2025-05-23T11:54:07","modified_gmt":"2025-05-23T15:54:07","slug":"365-jours-de-jeux-le-mot","status":"publish","type":"product","link":"https:\/\/goelette.ca\/en\/tous-les-livres\/365-jours-de-jeux-le-mot\/","title":{"rendered":"365 jours de jeux &#8211; Le mot"},"content":{"rendered":"<p>&nbsp;<\/p>\n<p class=\"p1\">LE JEU DE MOTS DE L\u2019HEURE !<\/p>\n<p class=\"p2\">Chaque jour pendant un an, jouez et profitez d\u2019un moment de d\u00e9tente bien m\u00e9rit\u00e9.<\/p>\n<p class=\"p2\">Notez votre temps pour chaque d\u00e9fi quotidien et suivez votre am\u00e9lioration !<\/p>\n<p class=\"p2\">3 niveaux de difficult\u00e9.<\/p>\n<p>Pages d\u00e9tachables et solutions au verso.<\/p>\n<p><strong>Dans la m\u00eame collection :<\/strong><\/p>\n<ul>\n<li><em>365 jours de jeux &#8211; Sudokus<\/em><\/li>\n<li><em>365 jours de jeux &#8211; 7 erreurs<\/em><\/li>\n<\/ul>\n","protected":false},"excerpt":{"rendered":"<p>&nbsp; LE JEU DE MOTS DE L\u2019HEURE ! Chaque jour pendant un an, jouez et profitez d\u2019un moment de d\u00e9tente bien m\u00e9rit\u00e9. Notez votre temps pour chaque d\u00e9fi quotidien et suivez votre am\u00e9lioration ! 3 niveaux de difficult\u00e9. Pages d\u00e9tachables et solutions au verso. Dans la m\u00eame collection : 365 jours de jeux &#8211; Sudokus [&hellip;]<\/p>\n","protected":false},"featured_media":208518,"template":"","meta":{"wds_primary_product_brand":0,"wds_primary_product_cat":0,"wds_primary_maison_dedition":0},"product_brand":[],"product_cat":[567,883,566],"product_tag":[],"maison_dedition":[633,630],"class_list":{"0":"post-208514","1":"product","2":"type-product","3":"status-publish","4":"has-post-thumbnail","6":"product_cat-adulte","7":"product_cat-le-mot","8":"product_cat-livres-de-jeux","9":"pa_auteur-collectif","10":"maison_dedition-365-jeux-les-editions-goelette","11":"maison_dedition-les-editions-goelette","13":"first","14":"instock","15":"taxable","16":"shipping-taxable","17":"purchasable","18":"product-type-variable"},"bundled_by":[],"bundle_stock_status":"instock","bundle_stock_quantity":null,"bundle_virtual":false,"bundle_layout":"","bundle_add_to_cart_form_location":"","bundle_editable_in_cart":false,"bundle_sold_individually_context":"","bundle_item_grouping":"","bundle_min_size":"","bundle_max_size":"","bundle_price":[],"bundled_items":[],"bundle_sell_ids":[],"acf":[],"_links":{"self":[{"href":"https:\/\/goelette.ca\/en\/wp-json\/wp\/v2\/product\/208514","targetHints":{"allow":["GET"]}}],"collection":[{"href":"https:\/\/goelette.ca\/en\/wp-json\/wp\/v2\/product"}],"about":[{"href":"https:\/\/goelette.ca\/en\/wp-json\/wp\/v2\/types\/product"}],"wp:featuredmedia":[{"embeddable":true,"href":"https:\/\/goelette.ca\/en\/wp-json\/wp\/v2\/media\/208518"}],"wp:attachment":[{"href":"https:\/\/goelette.ca\/en\/wp-json\/wp\/v2\/media?parent=208514"}],"wp:term":[{"taxonomy":"product_brand","embeddable":true,"href":"https:\/\/goelette.ca\/en\/wp-json\/wp\/v2\/product_brand?post=208514"},{"taxonomy":"product_cat","embeddable":true,"href":"https:\/\/goelette.ca\/en\/wp-json\/wp\/v2\/product_cat?post=208514"},{"taxonomy":"product_tag","embeddable":true,"href":"https:\/\/goelette.ca\/en\/wp-json\/wp\/v2\/product_tag?post=208514"},{"taxonomy":"maison_dedition","embeddable":true,"href":"https:\/\/goelette.ca\/en\/wp-json\/wp\/v2\/maison_dedition?post=208514"}],"curies":[{"name":"wp","href":"https:\/\/api.w.org\/{rel}","templated":true}]}}