{"id":208460,"date":"2025-01-21T11:23:47","date_gmt":"2025-01-21T16:23:47","guid":{"rendered":"https:\/\/goelette.ca\/?post_type=product&#038;p=208460"},"modified":"2025-01-21T11:28:44","modified_gmt":"2025-01-21T16:28:44","slug":"ma-tablette-de-jeux-a-coller-3-a-5-ans","status":"publish","type":"product","link":"https:\/\/goelette.ca\/en\/tous-les-livres\/ma-tablette-de-jeux-a-coller-3-a-5-ans\/","title":{"rendered":"Ma tablette de jeux \u00e0 coller (3 \u00e0 5 ans)"},"content":{"rendered":"<ul>\n<li>80 sc\u00e8nes \u00e0 d\u00e9corer !<\/li>\n<li>Plus de 275 autocollants !<\/li>\n<\/ul>\n<p class=\"p1\">Pas besoin de crayons ! Pour jouer, tout ce qu\u2019il te faut, ce sont tes autocollants ! Compte, observe et mets ta logique \u00e0 l\u2019\u00e9preuve.<\/p>\n<p class=\"p1\">Ces activit\u00e9s offrent \u00e0 votre enfant l\u2019occasion de d\u00e9velopper sa motricit\u00e9 fine, son vocabulaire et sa cr\u00e9ativit\u00e9 tout en s\u2019amusant.<\/p>\n","protected":false},"excerpt":{"rendered":"<p>80 sc\u00e8nes \u00e0 d\u00e9corer ! Plus de 275 autocollants ! Pas besoin de crayons ! Pour jouer, tout ce qu\u2019il te faut, ce sont tes autocollants ! Compte, observe et mets ta logique \u00e0 l\u2019\u00e9preuve. Ces activit\u00e9s offrent \u00e0 votre enfant l\u2019occasion de d\u00e9velopper sa motricit\u00e9 fine, son vocabulaire et sa cr\u00e9ativit\u00e9 tout en s\u2019amusant.<\/p>\n","protected":false},"featured_media":208462,"template":"","meta":{"wds_primary_product_brand":0,"wds_primary_product_cat":552,"wds_primary_maison_dedition":0},"product_brand":[],"product_cat":[560,570,551,552,865,538,566],"product_tag":[],"maison_dedition":[630],"class_list":{"0":"post-208460","1":"product","2":"type-product","3":"status-publish","4":"has-post-thumbnail","6":"product_cat-3-5-ans","7":"product_cat-activites-livres-de-jeux","8":"product_cat-activites","9":"product_cat-autocollants","10":"product_cat-autocollants-pratique","11":"product_cat-jeunesse","12":"product_cat-livres-de-jeux","13":"pa_auteur-collectif","14":"maison_dedition-les-editions-goelette","16":"first","17":"instock","18":"taxable","19":"shipping-taxable","20":"purchasable","21":"product-type-variable"},"bundled_by":[],"bundle_stock_status":"instock","bundle_stock_quantity":null,"bundle_virtual":false,"bundle_layout":"","bundle_add_to_cart_form_location":"","bundle_editable_in_cart":false,"bundle_sold_individually_context":"","bundle_item_grouping":"","bundle_min_size":"","bundle_max_size":"","bundle_price":[],"bundled_items":[],"bundle_sell_ids":[],"acf":[],"_links":{"self":[{"href":"https:\/\/goelette.ca\/en\/wp-json\/wp\/v2\/product\/208460","targetHints":{"allow":["GET"]}}],"collection":[{"href":"https:\/\/goelette.ca\/en\/wp-json\/wp\/v2\/product"}],"about":[{"href":"https:\/\/goelette.ca\/en\/wp-json\/wp\/v2\/types\/product"}],"wp:featuredmedia":[{"embeddable":true,"href":"https:\/\/goelette.ca\/en\/wp-json\/wp\/v2\/media\/208462"}],"wp:attachment":[{"href":"https:\/\/goelette.ca\/en\/wp-json\/wp\/v2\/media?parent=208460"}],"wp:term":[{"taxonomy":"product_brand","embeddable":true,"href":"https:\/\/goelette.ca\/en\/wp-json\/wp\/v2\/product_brand?post=208460"},{"taxonomy":"product_cat","embeddable":true,"href":"https:\/\/goelette.ca\/en\/wp-json\/wp\/v2\/product_cat?post=208460"},{"taxonomy":"product_tag","embeddable":true,"href":"https:\/\/goelette.ca\/en\/wp-json\/wp\/v2\/product_tag?post=208460"},{"taxonomy":"maison_dedition","embeddable":true,"href":"https:\/\/goelette.ca\/en\/wp-json\/wp\/v2\/maison_dedition?post=208460"}],"curies":[{"name":"wp","href":"https:\/\/api.w.org\/{rel}","templated":true}]}}