{"id":206968,"date":"2025-01-15T11:00:38","date_gmt":"2025-01-15T16:00:38","guid":{"rendered":"https:\/\/goelette.ca\/?post_type=product&#038;p=206968"},"modified":"2025-09-24T09:21:04","modified_gmt":"2025-09-24T13:21:04","slug":"face-a-lhorizon","status":"publish","type":"product","link":"https:\/\/goelette.ca\/en\/tous-les-livres\/face-a-lhorizon\/","title":{"rendered":"Face \u00e0 l&#8217;horizon"},"content":{"rendered":"<p>D\u00e9boussol\u00e9e et fragile \u00e0 la suite du d\u00e9c\u00e8s de sa m\u00e8re, Lise se d\u00e9bat avec la perspective d\u2019une vie sans horizon. Son s\u00e9jour au Mexique n\u2019a donc rien d\u2019un simple voyage d\u2019agr\u00e9ment et repr\u00e9sente pour elle l\u2019occasion de finalement r\u00e9gler des comptes avec un p\u00e8re qu\u2019elle n\u2019a jamais connu et qu\u2019elle s\u2019acharne \u00e0 d\u00e9tester. C\u2019est dans le cimeti\u00e8re o\u00f9 repose ce dernier qu\u2019elle rencontre Lucas, guide touristique. Se pourrait-il que cette rencontre ne soit pas tout \u00e0 fait fortuite ? Au fil des jours, entre non-dits, maladresses et moments magiques, Lise et Lucas cultivent une relation qui laisse entrevoir une tendre amiti\u00e9. C\u2019est \u00e0 l\u2019occasion du jour des Morts, dans une atmosph\u00e8re charg\u00e9e de myst\u00e8re, que leur histoire trouvera un d\u00e9nouement en apparence tragique et pourtant porteur d\u2019espoir. \u00c9crivaine, conf\u00e9renci\u00e8re et consultante en cyclotourisme, Laura Pedebas puise son inspiration dans la fusion entre l\u2019\u00e9criture et l\u2019aventure \u00e0 v\u00e9lo. Originaire de France, dipl\u00f4m\u00e9e en litt\u00e9rature et r\u00e9sidente du Qu\u00e9bec depuis 2015, ses r\u00e9cits habilement tiss\u00e9s marient la magie des mots \u00e0 l\u2019enthousiasme de l\u2019exploration, incitant les lecteurs \u00e0 une r\u00e9flexion profonde et \u00e0 des actions transformatrices.<\/p>\n","protected":false},"excerpt":{"rendered":"<p>D\u00e9boussol\u00e9e et fragile \u00e0 la suite du d\u00e9c\u00e8s de sa m\u00e8re, Lise se d\u00e9bat avec la perspective d\u2019une vie sans horizon. Son s\u00e9jour au Mexique n\u2019a donc rien d\u2019un simple voyage d\u2019agr\u00e9ment et repr\u00e9sente pour elle l\u2019occasion de finalement r\u00e9gler des comptes avec un p\u00e8re qu\u2019elle n\u2019a jamais connu et qu\u2019elle s\u2019acharne \u00e0 d\u00e9tester. C\u2019est [&hellip;]<\/p>\n","protected":false},"featured_media":206971,"template":"","meta":{"wds_primary_product_brand":0,"wds_primary_product_cat":0,"wds_primary_maison_dedition":0},"product_brand":[],"product_cat":[546,542,602],"product_tag":[],"maison_dedition":[],"class_list":{"0":"post-206968","1":"product","2":"type-product","3":"status-publish","4":"has-post-thumbnail","6":"product_cat-policier-thriller","7":"product_cat-roman","8":"product_cat-science-fiction","9":"pa_auteur-laura-pedebas","11":"first","12":"instock","13":"taxable","14":"shipping-taxable","15":"purchasable","16":"product-type-variable"},"bundled_by":[],"bundle_stock_status":"instock","bundle_stock_quantity":null,"bundle_virtual":false,"bundle_layout":"","bundle_add_to_cart_form_location":"","bundle_editable_in_cart":false,"bundle_sold_individually_context":"","bundle_item_grouping":"","bundle_min_size":"","bundle_max_size":"","bundle_price":[],"bundled_items":[],"bundle_sell_ids":[],"acf":[],"_links":{"self":[{"href":"https:\/\/goelette.ca\/en\/wp-json\/wp\/v2\/product\/206968","targetHints":{"allow":["GET"]}}],"collection":[{"href":"https:\/\/goelette.ca\/en\/wp-json\/wp\/v2\/product"}],"about":[{"href":"https:\/\/goelette.ca\/en\/wp-json\/wp\/v2\/types\/product"}],"wp:featuredmedia":[{"embeddable":true,"href":"https:\/\/goelette.ca\/en\/wp-json\/wp\/v2\/media\/206971"}],"wp:attachment":[{"href":"https:\/\/goelette.ca\/en\/wp-json\/wp\/v2\/media?parent=206968"}],"wp:term":[{"taxonomy":"product_brand","embeddable":true,"href":"https:\/\/goelette.ca\/en\/wp-json\/wp\/v2\/product_brand?post=206968"},{"taxonomy":"product_cat","embeddable":true,"href":"https:\/\/goelette.ca\/en\/wp-json\/wp\/v2\/product_cat?post=206968"},{"taxonomy":"product_tag","embeddable":true,"href":"https:\/\/goelette.ca\/en\/wp-json\/wp\/v2\/product_tag?post=206968"},{"taxonomy":"maison_dedition","embeddable":true,"href":"https:\/\/goelette.ca\/en\/wp-json\/wp\/v2\/maison_dedition?post=206968"}],"curies":[{"name":"wp","href":"https:\/\/api.w.org\/{rel}","templated":true}]}}