{"id":201791,"date":"2025-01-09T00:01:10","date_gmt":"2025-01-09T05:01:10","guid":{"rendered":"https:\/\/goelette.ca\/?post_type=product&#038;p=201791"},"modified":"2025-10-08T11:24:49","modified_gmt":"2025-10-08T15:24:49","slug":"qui-a-tue-gerald-bull","status":"publish","type":"product","link":"https:\/\/goelette.ca\/en\/tous-les-livres\/qui-a-tue-gerald-bull\/","title":{"rendered":"Qui a tu\u00e9 Gerald Bull ?"},"content":{"rendered":"<p>Qui est Gerald Bull, l&#8217;ing\u00e9nieur canadien assassin\u00e9 en Belgique? Un tra\u00eetre ou une victime? Un g\u00e9nie ou un fou? Ce r\u00e9cit captivant nous entra\u00eene dans les coulisses de la vie mouvement\u00e9e de l&#8217;homme connu pour son fameux canon et qui est tomb\u00e9 dans la mire du Mossad, de la CIA et du M16.<\/p>\n<p>B\u00e2ti en trois temps un interrogatoire d\u00e9terminant, la prison o\u00f9 Bull se raconte et se justifie, pour ensuite se conclure avec des t\u00e9moignages de ceux et celles qui l&#8217;ont c\u00f4toy\u00e9 Qui a tu\u00e9 Gerald Bull? permet de comprendre les nombreux enjeux de la politique internationale et les guerres qui s&#8217;annoncent au moment o\u00f9 Bull entre en sc\u00e8ne.<\/p>\n<p>Marie-Paule Villeneuve est une journaliste et \u00e9crivaine originaire du Lac-Saint-Jean. Son roman L&#8217;Enfant cigarier (1999) lui a valu le prix Abitibi- Consolidated. Les Demoiselles aux allumettes (2005), quant \u00e0 lui, a remport\u00e9 le prix Communications et soci\u00e9t\u00e9. Salut mon oncle! (2012) a \u00e9t\u00e9 un des trois finalistes au prix France-Qu\u00e9bec.<\/p>\n","protected":false},"excerpt":{"rendered":"<p>Qui est Gerald Bull, l&#8217;ing\u00e9nieur canadien assassin\u00e9 en Belgique? Un tra\u00eetre ou une victime? Un g\u00e9nie ou un fou? Ce r\u00e9cit captivant nous entra\u00eene dans les coulisses de la vie mouvement\u00e9e de l&#8217;homme connu pour son fameux canon et qui est tomb\u00e9 dans la mire du Mossad, de la CIA et du M16. B\u00e2ti en [&hellip;]<\/p>\n","protected":false},"featured_media":201795,"template":"","meta":{"wds_primary_product_brand":0,"wds_primary_product_cat":0,"wds_primary_maison_dedition":0},"product_brand":[],"product_cat":[546,542,602],"product_tag":[],"maison_dedition":[],"class_list":{"0":"post-201791","1":"product","2":"type-product","3":"status-publish","4":"has-post-thumbnail","6":"product_cat-policier-thriller","7":"product_cat-roman","8":"product_cat-science-fiction","9":"pa_auteur-marie-paule-villeneuve","11":"first","12":"instock","13":"taxable","14":"shipping-taxable","15":"purchasable","16":"product-type-variable"},"bundled_by":[],"bundle_stock_status":"instock","bundle_stock_quantity":null,"bundle_virtual":false,"bundle_layout":"","bundle_add_to_cart_form_location":"","bundle_editable_in_cart":false,"bundle_sold_individually_context":"","bundle_item_grouping":"","bundle_min_size":"","bundle_max_size":"","bundle_price":[],"bundled_items":[],"bundle_sell_ids":[],"acf":[],"_links":{"self":[{"href":"https:\/\/goelette.ca\/en\/wp-json\/wp\/v2\/product\/201791","targetHints":{"allow":["GET"]}}],"collection":[{"href":"https:\/\/goelette.ca\/en\/wp-json\/wp\/v2\/product"}],"about":[{"href":"https:\/\/goelette.ca\/en\/wp-json\/wp\/v2\/types\/product"}],"wp:featuredmedia":[{"embeddable":true,"href":"https:\/\/goelette.ca\/en\/wp-json\/wp\/v2\/media\/201795"}],"wp:attachment":[{"href":"https:\/\/goelette.ca\/en\/wp-json\/wp\/v2\/media?parent=201791"}],"wp:term":[{"taxonomy":"product_brand","embeddable":true,"href":"https:\/\/goelette.ca\/en\/wp-json\/wp\/v2\/product_brand?post=201791"},{"taxonomy":"product_cat","embeddable":true,"href":"https:\/\/goelette.ca\/en\/wp-json\/wp\/v2\/product_cat?post=201791"},{"taxonomy":"product_tag","embeddable":true,"href":"https:\/\/goelette.ca\/en\/wp-json\/wp\/v2\/product_tag?post=201791"},{"taxonomy":"maison_dedition","embeddable":true,"href":"https:\/\/goelette.ca\/en\/wp-json\/wp\/v2\/maison_dedition?post=201791"}],"curies":[{"name":"wp","href":"https:\/\/api.w.org\/{rel}","templated":true}]}}