{"id":190243,"date":"2024-11-21T00:01:19","date_gmt":"2024-11-21T05:01:19","guid":{"rendered":"https:\/\/goelette.ca\/?post_type=product&#038;p=190243"},"modified":"2025-03-06T08:11:09","modified_gmt":"2025-03-06T13:11:09","slug":"un-ocean-de-differences","status":"publish","type":"product","link":"https:\/\/goelette.ca\/en\/tous-les-livres\/un-ocean-de-differences\/","title":{"rendered":"Un oc\u00e9an de diff\u00e9rences"},"content":{"rendered":"<p>N\u00e9e dans un pays riche au milieu du vingti\u00e8me si\u00e8cle, Marie a tout de cette g\u00e9n\u00e9ration d\u2019apr\u00e8s-guerre qui s\u2019\u00e9mancipe. Le monde est son terrain de jeu ; les amiti\u00e9s, les amours et les rencontres se multiplient au rythme des continents visit\u00e9s. Sa qu\u00eate de soleil et de libert\u00e9 la m\u00e8ne en Australie, l\u00e0 o\u00f9 elle choisira de s\u2019\u00e9tablir.<\/p>\n<p>Au moment de tracer un bilan de sa vie surgit en elle la question des origines. Un personnage s\u2019impose : Florentine, son arri\u00e8re-grand-m\u00e8re. Cette a\u00efeule au destin autant banal qu\u2019extraordinaire d\u00e9sire elle aussi se raconter.<\/p>\n<p>S\u2019installe alors entre ces deux femmes li\u00e9es par le sang une correspondance intime et universelle o\u00f9 l\u2019une se confie \u00e0 l\u2019autre par-del\u00e0 les mers et les ann\u00e9es.<\/p>\n","protected":false},"excerpt":{"rendered":"<p>N\u00e9e dans un pays riche au milieu du vingti\u00e8me si\u00e8cle, Marie a tout de cette g\u00e9n\u00e9ration d\u2019apr\u00e8s-guerre qui s\u2019\u00e9mancipe. Le monde est son terrain de jeu ; les amiti\u00e9s, les amours et les rencontres se multiplient au rythme des continents visit\u00e9s. Sa qu\u00eate de soleil et de libert\u00e9 la m\u00e8ne en Australie, l\u00e0 o\u00f9 elle [&hellip;]<\/p>\n","protected":false},"featured_media":190246,"template":"","meta":{"wds_primary_product_brand":0,"wds_primary_product_cat":0,"wds_primary_maison_dedition":0},"product_brand":[],"product_cat":[877,542],"product_tag":[],"maison_dedition":[630],"class_list":{"0":"post-190243","1":"product","2":"type-product","3":"status-publish","4":"has-post-thumbnail","6":"product_cat-contemporain","7":"product_cat-roman","8":"pa_auteur-marie-daoust","9":"maison_dedition-les-editions-goelette","11":"first","12":"instock","13":"taxable","14":"shipping-taxable","15":"purchasable","16":"product-type-variable"},"bundled_by":[],"bundle_stock_status":"instock","bundle_stock_quantity":null,"bundle_virtual":false,"bundle_layout":"","bundle_add_to_cart_form_location":"","bundle_editable_in_cart":false,"bundle_sold_individually_context":"","bundle_item_grouping":"","bundle_min_size":"","bundle_max_size":"","bundle_price":[],"bundled_items":[],"bundle_sell_ids":[],"acf":[],"_links":{"self":[{"href":"https:\/\/goelette.ca\/en\/wp-json\/wp\/v2\/product\/190243","targetHints":{"allow":["GET"]}}],"collection":[{"href":"https:\/\/goelette.ca\/en\/wp-json\/wp\/v2\/product"}],"about":[{"href":"https:\/\/goelette.ca\/en\/wp-json\/wp\/v2\/types\/product"}],"wp:featuredmedia":[{"embeddable":true,"href":"https:\/\/goelette.ca\/en\/wp-json\/wp\/v2\/media\/190246"}],"wp:attachment":[{"href":"https:\/\/goelette.ca\/en\/wp-json\/wp\/v2\/media?parent=190243"}],"wp:term":[{"taxonomy":"product_brand","embeddable":true,"href":"https:\/\/goelette.ca\/en\/wp-json\/wp\/v2\/product_brand?post=190243"},{"taxonomy":"product_cat","embeddable":true,"href":"https:\/\/goelette.ca\/en\/wp-json\/wp\/v2\/product_cat?post=190243"},{"taxonomy":"product_tag","embeddable":true,"href":"https:\/\/goelette.ca\/en\/wp-json\/wp\/v2\/product_tag?post=190243"},{"taxonomy":"maison_dedition","embeddable":true,"href":"https:\/\/goelette.ca\/en\/wp-json\/wp\/v2\/maison_dedition?post=190243"}],"curies":[{"name":"wp","href":"https:\/\/api.w.org\/{rel}","templated":true}]}}