{"id":190234,"date":"2024-11-21T00:01:25","date_gmt":"2024-11-21T05:01:25","guid":{"rendered":"https:\/\/goelette.ca\/?post_type=product&#038;p=190234"},"modified":"2024-11-20T08:06:28","modified_gmt":"2024-11-20T13:06:28","slug":"citations-secretes-chansons-quebecoises","status":"publish","type":"product","link":"https:\/\/goelette.ca\/en\/tous-les-livres\/citations-secretes-chansons-quebecoises\/","title":{"rendered":"Citations secr\u00e8tes &#8211; Chansons qu\u00e9b\u00e9coises"},"content":{"rendered":"<p>155 grilles et solutions.<\/p>\n<p>Avec les citations secr\u00e8tes &#8211; chansons qu\u00e9b\u00e9coises, prenez une pause du quotidien tout en mettant votre sens de la d\u00e9duction au d\u00e9fi.<\/p>\n<p>La collection <em>Des jeux et des jeux<\/em> de poche vous propose des jeux de lettres et de chiffres classiques ou innovants dans un petit format facile \u00e0 transporter partout.<\/p>\n","protected":false},"excerpt":{"rendered":"<p>155 grilles et solutions. Avec les citations secr\u00e8tes &#8211; chansons qu\u00e9b\u00e9coises, prenez une pause du quotidien tout en mettant votre sens de la d\u00e9duction au d\u00e9fi. La collection Des jeux et des jeux de poche vous propose des jeux de lettres et de chiffres classiques ou innovants dans un petit format facile \u00e0 transporter partout.<\/p>\n","protected":false},"featured_media":190237,"template":"","meta":{"wds_primary_product_brand":0,"wds_primary_product_cat":0,"wds_primary_maison_dedition":0},"product_brand":[],"product_cat":[567,771,566],"product_tag":[],"maison_dedition":[630],"class_list":{"0":"post-190234","1":"product","2":"type-product","3":"status-publish","4":"has-post-thumbnail","6":"product_cat-adulte","7":"product_cat-citations-secretes","8":"product_cat-livres-de-jeux","9":"pa_auteur-collectif","10":"maison_dedition-les-editions-goelette","12":"first","13":"instock","14":"taxable","15":"shipping-taxable","16":"purchasable","17":"product-type-variable"},"bundled_by":[],"bundle_stock_status":"instock","bundle_stock_quantity":null,"bundle_virtual":false,"bundle_layout":"","bundle_add_to_cart_form_location":"","bundle_editable_in_cart":false,"bundle_sold_individually_context":"","bundle_item_grouping":"","bundle_min_size":"","bundle_max_size":"","bundle_price":[],"bundled_items":[],"bundle_sell_ids":[],"acf":[],"_links":{"self":[{"href":"https:\/\/goelette.ca\/en\/wp-json\/wp\/v2\/product\/190234","targetHints":{"allow":["GET"]}}],"collection":[{"href":"https:\/\/goelette.ca\/en\/wp-json\/wp\/v2\/product"}],"about":[{"href":"https:\/\/goelette.ca\/en\/wp-json\/wp\/v2\/types\/product"}],"wp:featuredmedia":[{"embeddable":true,"href":"https:\/\/goelette.ca\/en\/wp-json\/wp\/v2\/media\/190237"}],"wp:attachment":[{"href":"https:\/\/goelette.ca\/en\/wp-json\/wp\/v2\/media?parent=190234"}],"wp:term":[{"taxonomy":"product_brand","embeddable":true,"href":"https:\/\/goelette.ca\/en\/wp-json\/wp\/v2\/product_brand?post=190234"},{"taxonomy":"product_cat","embeddable":true,"href":"https:\/\/goelette.ca\/en\/wp-json\/wp\/v2\/product_cat?post=190234"},{"taxonomy":"product_tag","embeddable":true,"href":"https:\/\/goelette.ca\/en\/wp-json\/wp\/v2\/product_tag?post=190234"},{"taxonomy":"maison_dedition","embeddable":true,"href":"https:\/\/goelette.ca\/en\/wp-json\/wp\/v2\/maison_dedition?post=190234"}],"curies":[{"name":"wp","href":"https:\/\/api.w.org\/{rel}","templated":true}]}}