{"id":182902,"date":"2024-11-14T00:01:00","date_gmt":"2024-11-14T05:01:00","guid":{"rendered":"https:\/\/goelette.ca\/?post_type=product&#038;p=182902"},"modified":"2024-11-12T14:11:03","modified_gmt":"2024-11-12T19:11:03","slug":"mes-mini-jeux-mots-croises-niveau-1-vol-1","status":"publish","type":"product","link":"https:\/\/goelette.ca\/en\/tous-les-livres\/mes-mini-jeux-mots-croises-niveau-1-vol-1\/","title":{"rendered":"Mes mini jeux &#8211; Mots crois\u00e9s niveau 1 (vol. 1)"},"content":{"rendered":"<p>Cherche et apprends de nouveaux mots pour r\u00e9soudre ces 27 grilles de mots crois\u00e9s sp\u00e9cialement cr\u00e9\u00e9es pour toi !<\/p>\n<p>DANS LA M\u00caME COLLECTION :<br \/>\nMots crois\u00e9s, niveau 2<br \/>\nMots cach\u00e9s, niveau 1 et 2<br \/>\nMots entrecrois\u00e9s, niveau 1 et 2<\/p>\n","protected":false},"excerpt":{"rendered":"<p>Cherche et apprends de nouveaux mots pour r\u00e9soudre ces 27 grilles de mots crois\u00e9s sp\u00e9cialement cr\u00e9\u00e9es pour toi ! DANS LA M\u00caME COLLECTION : Mots crois\u00e9s, niveau 2 Mots cach\u00e9s, niveau 1 et 2 Mots entrecrois\u00e9s, niveau 1 et 2<\/p>\n","protected":false},"featured_media":182904,"template":"","meta":{"wds_primary_product_brand":0,"wds_primary_product_cat":0,"wds_primary_maison_dedition":0},"product_brand":[],"product_cat":[627,626,566,629],"product_tag":[],"maison_dedition":[630],"class_list":{"0":"post-182902","1":"product","2":"type-product","3":"status-publish","4":"has-post-thumbnail","6":"product_cat-6-ans-et-plus-livres-de-jeux","7":"product_cat-jeunesse-livres-de-jeux","8":"product_cat-livres-de-jeux","9":"product_cat-mots-croises","10":"maison_dedition-les-editions-goelette","12":"first","13":"instock","14":"taxable","15":"shipping-taxable","16":"purchasable","17":"product-type-variable"},"bundled_by":[],"bundle_stock_status":"instock","bundle_stock_quantity":null,"bundle_virtual":false,"bundle_layout":"","bundle_add_to_cart_form_location":"","bundle_editable_in_cart":false,"bundle_sold_individually_context":"","bundle_item_grouping":"","bundle_min_size":"","bundle_max_size":"","bundle_price":[],"bundled_items":[],"bundle_sell_ids":[],"acf":[],"_links":{"self":[{"href":"https:\/\/goelette.ca\/en\/wp-json\/wp\/v2\/product\/182902","targetHints":{"allow":["GET"]}}],"collection":[{"href":"https:\/\/goelette.ca\/en\/wp-json\/wp\/v2\/product"}],"about":[{"href":"https:\/\/goelette.ca\/en\/wp-json\/wp\/v2\/types\/product"}],"wp:featuredmedia":[{"embeddable":true,"href":"https:\/\/goelette.ca\/en\/wp-json\/wp\/v2\/media\/182904"}],"wp:attachment":[{"href":"https:\/\/goelette.ca\/en\/wp-json\/wp\/v2\/media?parent=182902"}],"wp:term":[{"taxonomy":"product_brand","embeddable":true,"href":"https:\/\/goelette.ca\/en\/wp-json\/wp\/v2\/product_brand?post=182902"},{"taxonomy":"product_cat","embeddable":true,"href":"https:\/\/goelette.ca\/en\/wp-json\/wp\/v2\/product_cat?post=182902"},{"taxonomy":"product_tag","embeddable":true,"href":"https:\/\/goelette.ca\/en\/wp-json\/wp\/v2\/product_tag?post=182902"},{"taxonomy":"maison_dedition","embeddable":true,"href":"https:\/\/goelette.ca\/en\/wp-json\/wp\/v2\/maison_dedition?post=182902"}],"curies":[{"name":"wp","href":"https:\/\/api.w.org\/{rel}","templated":true}]}}