{"id":180220,"date":"2024-11-07T00:01:37","date_gmt":"2024-11-07T05:01:37","guid":{"rendered":"https:\/\/goelette.ca\/?post_type=product&#038;p=180220"},"modified":"2025-01-09T11:24:45","modified_gmt":"2025-01-09T16:24:45","slug":"pleine-conscience-52-meditations-pour-une-annee-de-plenitude","status":"publish","type":"product","link":"https:\/\/goelette.ca\/en\/tous-les-livres\/pleine-conscience-52-meditations-pour-une-annee-de-plenitude\/","title":{"rendered":"Pleine conscience &#8211; 52 m\u00e9ditations pour une ann\u00e9e de pl\u00e9nitude"},"content":{"rendered":"<p>L\u2019anxi\u00e9t\u00e9 et le stress vous emp\u00eachent d\u2019avancer ? Les difficult\u00e9s vous semblent impossibles \u00e0 surmonter ? Les douleurs chroniques g\u00e2chent vos nuits ? Ou tout simplement, vous avez envie de mener une vie plus douce et plus sereine ? L\u2019autrice Louise J Poulin vous propose des m\u00e9ditations simples inspir\u00e9es de ses connaissances spirituelles et d\u2019une philosophie de<br \/>\nl\u2019esprit pour vous aider \u00e0 affronter les tourments de votre vie avec plus de calme et de bienveillance.<\/p>\n<p>Pleine conscience \u2013 52 m\u00e9ditations pour une ann\u00e9e de pl\u00e9nitude vous offre une m\u00e9ditation par semaine pour une ann\u00e9e compl\u00e8te d\u2019introspection. D\u00e9couvrez la m\u00e9thode CIEL\u00ae et pr\u00e9parez votre moment de m\u00e9ditation avec des conseils pratiques et des mises en situation. Apaisez votre esprit et trouvez la paix int\u00e9rieure jour apr\u00e8s jour !<\/p>\n","protected":false},"excerpt":{"rendered":"<p>L\u2019anxi\u00e9t\u00e9 et le stress vous emp\u00eachent d\u2019avancer ? Les difficult\u00e9s vous semblent impossibles \u00e0 surmonter ? Les douleurs chroniques g\u00e2chent vos nuits ? Ou tout simplement, vous avez envie de mener une vie plus douce et plus sereine ? L\u2019autrice Louise J Poulin vous propose des m\u00e9ditations simples inspir\u00e9es de ses connaissances spirituelles et d\u2019une [&hellip;]<\/p>\n","protected":false},"featured_media":180228,"template":"","meta":{"wds_primary_product_brand":0,"wds_primary_product_cat":0,"wds_primary_maison_dedition":0},"product_brand":[],"product_cat":[586,592,557],"product_tag":[],"maison_dedition":[630],"class_list":{"0":"post-180220","1":"product","2":"type-product","3":"status-publish","4":"has-post-thumbnail","6":"product_cat-bien-etre-et-sante-pratique","7":"product_cat-croissance-personnelle-pratique","8":"product_cat-pratique","9":"pa_auteur-louise-j-poulin-2","10":"maison_dedition-les-editions-goelette","12":"first","13":"instock","14":"taxable","15":"shipping-taxable","16":"purchasable","17":"product-type-variable"},"bundled_by":[],"bundle_stock_status":"instock","bundle_stock_quantity":null,"bundle_virtual":false,"bundle_layout":"","bundle_add_to_cart_form_location":"","bundle_editable_in_cart":false,"bundle_sold_individually_context":"","bundle_item_grouping":"","bundle_min_size":"","bundle_max_size":"","bundle_price":[],"bundled_items":[],"bundle_sell_ids":[],"acf":[],"_links":{"self":[{"href":"https:\/\/goelette.ca\/en\/wp-json\/wp\/v2\/product\/180220","targetHints":{"allow":["GET"]}}],"collection":[{"href":"https:\/\/goelette.ca\/en\/wp-json\/wp\/v2\/product"}],"about":[{"href":"https:\/\/goelette.ca\/en\/wp-json\/wp\/v2\/types\/product"}],"wp:featuredmedia":[{"embeddable":true,"href":"https:\/\/goelette.ca\/en\/wp-json\/wp\/v2\/media\/180228"}],"wp:attachment":[{"href":"https:\/\/goelette.ca\/en\/wp-json\/wp\/v2\/media?parent=180220"}],"wp:term":[{"taxonomy":"product_brand","embeddable":true,"href":"https:\/\/goelette.ca\/en\/wp-json\/wp\/v2\/product_brand?post=180220"},{"taxonomy":"product_cat","embeddable":true,"href":"https:\/\/goelette.ca\/en\/wp-json\/wp\/v2\/product_cat?post=180220"},{"taxonomy":"product_tag","embeddable":true,"href":"https:\/\/goelette.ca\/en\/wp-json\/wp\/v2\/product_tag?post=180220"},{"taxonomy":"maison_dedition","embeddable":true,"href":"https:\/\/goelette.ca\/en\/wp-json\/wp\/v2\/maison_dedition?post=180220"}],"curies":[{"name":"wp","href":"https:\/\/api.w.org\/{rel}","templated":true}]}}