{"id":175163,"date":"2024-10-18T13:25:34","date_gmt":"2024-10-18T17:25:34","guid":{"rendered":"https:\/\/goelette.ca\/?post_type=product&#038;p=175163"},"modified":"2025-10-08T11:00:50","modified_gmt":"2025-10-08T15:00:50","slug":"le-facteur-vorlon-partie-1","status":"publish","type":"product","link":"https:\/\/goelette.ca\/en\/tous-les-livres\/le-facteur-vorlon-partie-1\/","title":{"rendered":"Le facteur Vorlon &#8211; Partie 1"},"content":{"rendered":"<p>Mia Donovan se r\u00e9veille dans un lieu inconnu \u00e0 la suite d\u2019un processus de r\u00e9animation douloureux. Cinq autres protagonistes lui apprennent qu\u2019elle est tout simplement apparue du vide. Aucun d\u2019entre eux ne se rappelle comment il est arriv\u00e9 \u00e0 cet endroit. On lui r\u00e9v\u00e8le \u00e9galement qu\u2019il existe un autre processus, tout aussi rapide et atroce, qui peut survenir \u00e0 n\u2019importe<br \/>\nquel moment : la personne se d\u00e9compose alors et dispara\u00eet enti\u00e8rement.<\/p>\n<p>Thriller et huis clos angoissant s\u2019il en est un, Le facteur Vorlon dresse le tableau saisissant d\u2019individus au-dessus desquels est suspendue une \u00e9p\u00e9e de Damocl\u00e8s. Hallucinations, parano\u00efa, conflits aigus mais aussi volont\u00e9 de coop\u00e9ration forg\u00e9e par la force des choses : rien ou presque ne leur est \u00e9pargn\u00e9 ! Au fil des pages, l&#8217;auteur nous invite \u00e0 nous immerger<br \/>\ndans une intrigue en apparence sans issue o\u00f9 la fronti\u00e8re entre la r\u00e9alit\u00e9 et l\u2019imagination n\u2019a jamais \u00e9t\u00e9 aussi floue.<\/p>\n","protected":false},"excerpt":{"rendered":"<p>Mia Donovan se r\u00e9veille dans un lieu inconnu \u00e0 la suite d\u2019un processus de r\u00e9animation douloureux. Cinq autres protagonistes lui apprennent qu\u2019elle est tout simplement apparue du vide. Aucun d\u2019entre eux ne se rappelle comment il est arriv\u00e9 \u00e0 cet endroit. On lui r\u00e9v\u00e8le \u00e9galement qu\u2019il existe un autre processus, tout aussi rapide et atroce, [&hellip;]<\/p>\n","protected":false},"featured_media":175166,"template":"","meta":{"wds_primary_product_brand":0,"wds_primary_product_cat":0,"wds_primary_maison_dedition":0},"product_brand":[],"product_cat":[546,542,602],"product_tag":[],"maison_dedition":[630],"class_list":{"0":"post-175163","1":"product","2":"type-product","3":"status-publish","4":"has-post-thumbnail","6":"product_cat-policier-thriller","7":"product_cat-roman","8":"product_cat-science-fiction","9":"pa_auteur-alain-lafond","10":"maison_dedition-les-editions-goelette","12":"first","13":"instock","14":"taxable","15":"shipping-taxable","16":"purchasable","17":"product-type-variable"},"bundled_by":[],"bundle_stock_status":"instock","bundle_stock_quantity":null,"bundle_virtual":false,"bundle_layout":"","bundle_add_to_cart_form_location":"","bundle_editable_in_cart":false,"bundle_sold_individually_context":"","bundle_item_grouping":"","bundle_min_size":"","bundle_max_size":"","bundle_price":[],"bundled_items":[],"bundle_sell_ids":[],"acf":[],"_links":{"self":[{"href":"https:\/\/goelette.ca\/en\/wp-json\/wp\/v2\/product\/175163","targetHints":{"allow":["GET"]}}],"collection":[{"href":"https:\/\/goelette.ca\/en\/wp-json\/wp\/v2\/product"}],"about":[{"href":"https:\/\/goelette.ca\/en\/wp-json\/wp\/v2\/types\/product"}],"wp:featuredmedia":[{"embeddable":true,"href":"https:\/\/goelette.ca\/en\/wp-json\/wp\/v2\/media\/175166"}],"wp:attachment":[{"href":"https:\/\/goelette.ca\/en\/wp-json\/wp\/v2\/media?parent=175163"}],"wp:term":[{"taxonomy":"product_brand","embeddable":true,"href":"https:\/\/goelette.ca\/en\/wp-json\/wp\/v2\/product_brand?post=175163"},{"taxonomy":"product_cat","embeddable":true,"href":"https:\/\/goelette.ca\/en\/wp-json\/wp\/v2\/product_cat?post=175163"},{"taxonomy":"product_tag","embeddable":true,"href":"https:\/\/goelette.ca\/en\/wp-json\/wp\/v2\/product_tag?post=175163"},{"taxonomy":"maison_dedition","embeddable":true,"href":"https:\/\/goelette.ca\/en\/wp-json\/wp\/v2\/maison_dedition?post=175163"}],"curies":[{"name":"wp","href":"https:\/\/api.w.org\/{rel}","templated":true}]}}