{"id":175157,"date":"2024-11-21T00:01:43","date_gmt":"2024-11-21T05:01:43","guid":{"rendered":"https:\/\/goelette.ca\/?post_type=product&#038;p=175157"},"modified":"2024-11-07T11:17:43","modified_gmt":"2024-11-07T16:17:43","slug":"des-jeux-et-des-jeux-grandes-grilles-mots-caches-vol-3","status":"publish","type":"product","link":"https:\/\/goelette.ca\/en\/tous-les-livres\/des-jeux-et-des-jeux-grandes-grilles-mots-caches-vol-3\/","title":{"rendered":"Des jeux et des jeux grandes grilles &#8211; Mots cach\u00e9s vol. 3"},"content":{"rendered":"<p>125\u00a0 GRILLES ET SOLUTIONS<\/p>\n<p>Amateurs de mots cach\u00e9s, retrouvez votre jeu pr\u00e9f\u00e9r\u00e9 dans un plus grand format !<\/p>\n<p>30 x 30 cases<\/p>\n<p>&nbsp;<\/p>\n<p>&nbsp;<\/p>\n","protected":false},"excerpt":{"rendered":"<p>125\u00a0 GRILLES ET SOLUTIONS Amateurs de mots cach\u00e9s, retrouvez votre jeu pr\u00e9f\u00e9r\u00e9 dans un plus grand format ! 30 x 30 cases &nbsp; &nbsp;<\/p>\n","protected":false},"featured_media":175159,"template":"","meta":{"wds_primary_product_brand":0,"wds_primary_product_cat":0,"wds_primary_maison_dedition":0},"product_brand":[],"product_cat":[567,566,608],"product_tag":[],"maison_dedition":[630],"class_list":{"0":"post-175157","1":"product","2":"type-product","3":"status-publish","4":"has-post-thumbnail","6":"product_cat-adulte","7":"product_cat-livres-de-jeux","8":"product_cat-mots-caches","9":"pa_auteur-collectif","10":"maison_dedition-les-editions-goelette","12":"first","13":"instock","14":"taxable","15":"shipping-taxable","16":"purchasable","17":"product-type-variable"},"bundled_by":[],"bundle_stock_status":"instock","bundle_stock_quantity":null,"bundle_virtual":false,"bundle_layout":"","bundle_add_to_cart_form_location":"","bundle_editable_in_cart":false,"bundle_sold_individually_context":"","bundle_item_grouping":"","bundle_min_size":"","bundle_max_size":"","bundle_price":[],"bundled_items":[],"bundle_sell_ids":[],"acf":[],"_links":{"self":[{"href":"https:\/\/goelette.ca\/en\/wp-json\/wp\/v2\/product\/175157","targetHints":{"allow":["GET"]}}],"collection":[{"href":"https:\/\/goelette.ca\/en\/wp-json\/wp\/v2\/product"}],"about":[{"href":"https:\/\/goelette.ca\/en\/wp-json\/wp\/v2\/types\/product"}],"wp:featuredmedia":[{"embeddable":true,"href":"https:\/\/goelette.ca\/en\/wp-json\/wp\/v2\/media\/175159"}],"wp:attachment":[{"href":"https:\/\/goelette.ca\/en\/wp-json\/wp\/v2\/media?parent=175157"}],"wp:term":[{"taxonomy":"product_brand","embeddable":true,"href":"https:\/\/goelette.ca\/en\/wp-json\/wp\/v2\/product_brand?post=175157"},{"taxonomy":"product_cat","embeddable":true,"href":"https:\/\/goelette.ca\/en\/wp-json\/wp\/v2\/product_cat?post=175157"},{"taxonomy":"product_tag","embeddable":true,"href":"https:\/\/goelette.ca\/en\/wp-json\/wp\/v2\/product_tag?post=175157"},{"taxonomy":"maison_dedition","embeddable":true,"href":"https:\/\/goelette.ca\/en\/wp-json\/wp\/v2\/maison_dedition?post=175157"}],"curies":[{"name":"wp","href":"https:\/\/api.w.org\/{rel}","templated":true}]}}