{"id":174326,"date":"2024-10-31T00:01:19","date_gmt":"2024-10-31T04:01:19","guid":{"rendered":"https:\/\/goelette.ca\/?post_type=product&#038;p=174326"},"modified":"2024-10-16T13:10:29","modified_gmt":"2024-10-16T17:10:29","slug":"la-cuisine-autour-du-monde","status":"publish","type":"product","link":"https:\/\/goelette.ca\/en\/tous-les-livres\/la-cuisine-autour-du-monde\/","title":{"rendered":"La cuisine autour du monde"},"content":{"rendered":"<p>C\u00e9l\u00e8bre la gastronomie \u00e0 travers le monde !<\/p>\n<p>Sais-tu que les traditions culinaires diff\u00e8rent d\u2019un continent \u00e0 l\u2019autre ? Soul\u00e8ve les 48 volets afin de d\u00e9couvrir les coutumes sp\u00e9cifiques \u00e0 de nombreux pays.<\/p>\n<p>&nbsp;<\/p>\n<p>&nbsp;<\/p>\n","protected":false},"excerpt":{"rendered":"<p>C\u00e9l\u00e8bre la gastronomie \u00e0 travers le monde ! Sais-tu que les traditions culinaires diff\u00e8rent d\u2019un continent \u00e0 l\u2019autre ? Soul\u00e8ve les 48 volets afin de d\u00e9couvrir les coutumes sp\u00e9cifiques \u00e0 de nombreux pays. &nbsp; &nbsp;<\/p>\n","protected":false},"featured_media":174328,"template":"","meta":{"wds_primary_product_brand":0,"wds_primary_product_cat":0,"wds_primary_maison_dedition":0},"product_brand":[],"product_cat":[555,538,579],"product_tag":[],"maison_dedition":[630],"class_list":{"0":"post-174326","1":"product","2":"type-product","3":"status-publish","4":"has-post-thumbnail","6":"product_cat-6-ans-et-plus","7":"product_cat-jeunesse","8":"product_cat-souleve-les-volets","9":"pa_auteur-collectif","10":"maison_dedition-les-editions-goelette","12":"first","13":"instock","14":"taxable","15":"shipping-taxable","16":"purchasable","17":"product-type-variable"},"bundled_by":[],"bundle_stock_status":"instock","bundle_stock_quantity":null,"bundle_virtual":false,"bundle_layout":"","bundle_add_to_cart_form_location":"","bundle_editable_in_cart":false,"bundle_sold_individually_context":"","bundle_item_grouping":"","bundle_min_size":"","bundle_max_size":"","bundle_price":[],"bundled_items":[],"bundle_sell_ids":[],"acf":[],"_links":{"self":[{"href":"https:\/\/goelette.ca\/en\/wp-json\/wp\/v2\/product\/174326","targetHints":{"allow":["GET"]}}],"collection":[{"href":"https:\/\/goelette.ca\/en\/wp-json\/wp\/v2\/product"}],"about":[{"href":"https:\/\/goelette.ca\/en\/wp-json\/wp\/v2\/types\/product"}],"wp:featuredmedia":[{"embeddable":true,"href":"https:\/\/goelette.ca\/en\/wp-json\/wp\/v2\/media\/174328"}],"wp:attachment":[{"href":"https:\/\/goelette.ca\/en\/wp-json\/wp\/v2\/media?parent=174326"}],"wp:term":[{"taxonomy":"product_brand","embeddable":true,"href":"https:\/\/goelette.ca\/en\/wp-json\/wp\/v2\/product_brand?post=174326"},{"taxonomy":"product_cat","embeddable":true,"href":"https:\/\/goelette.ca\/en\/wp-json\/wp\/v2\/product_cat?post=174326"},{"taxonomy":"product_tag","embeddable":true,"href":"https:\/\/goelette.ca\/en\/wp-json\/wp\/v2\/product_tag?post=174326"},{"taxonomy":"maison_dedition","embeddable":true,"href":"https:\/\/goelette.ca\/en\/wp-json\/wp\/v2\/maison_dedition?post=174326"}],"curies":[{"name":"wp","href":"https:\/\/api.w.org\/{rel}","templated":true}]}}