{"id":172714,"date":"2024-09-29T19:00:53","date_gmt":"2024-09-29T23:00:53","guid":{"rendered":"https:\/\/goelette.ca\/?post_type=product&#038;p=172714"},"modified":"2025-07-15T07:41:57","modified_gmt":"2025-07-15T11:41:57","slug":"passion-fromage","status":"publish","type":"product","link":"https:\/\/goelette.ca\/en\/tous-les-livres\/passion-fromage\/","title":{"rendered":"Passion Fromage"},"content":{"rendered":"<p>Apr\u00e8s Passion saumon, Genevi\u00e8ve Everell poursuit son intention de cr\u00e9er de v\u00e9ritables essentiels de la cuisine en s\u2019inspirant d\u2019un ingr\u00e9dient vedette. Cette fois, c\u2019est le fromage qui est \u00e0 l\u2019honneur ! Passion fromage regroupe pr\u00e8s d\u2019une centaine de recettes r\u00e9parties dans des sections \u00e9loquentes telles que les burratas, les croustimozzas frits, les fromages \u00e0 griller, jaune ou orange, salades, soupes et tartares fromag\u00e9s ainsi que les tartinades cheesy. La c\u00e9l\u00e8bre cheffe fait preuve d\u2019audace et de cr\u00e9ativit\u00e9 pour mettre les fromages d\u2019ici \u00e0 l\u2019honneur et proposer des recettes savoureuses, hautes en couleur et faciles \u00e0 pr\u00e9parer.<\/p>\n<p>GENEVI\u00c8VE EVERELL<\/p>\n<p>Le parcours de Genevi\u00e8ve Everell est inspirant ! Avec plus de 25 Miss Sushi qui sillonnent le Qu\u00e9bec et 8 franchises des comptoirs Sushi \u00e0 la maison \u00e0 travers la province, la cheffe a le vent dans les voiles ! Une foule de produits Sushi \u00e0 la maison garnissent maintenant les tablettes des IGA alors que de nouveaux sont \u00e0 venir ! Le Qu\u00e9bec lui rend bien cet amour : en 2024, elle s\u2019est vu d\u00e9cerner le prix du public lors des Lauriers de la gastronomie. L\u2019\u00e9nergique femme d\u2019affaires publie des livres depuis 2014 en plus d\u2019\u00eatre une personnalit\u00e9 m\u00e9diatique r\u00e9put\u00e9e, invit\u00e9e \u00e0 de nombreuses \u00e9missions, une influenceuse av\u00e9r\u00e9e et une conf\u00e9renci\u00e8re hors pair.<\/p>\n","protected":false},"excerpt":{"rendered":"<p>Apr\u00e8s Passion saumon, Genevi\u00e8ve Everell poursuit son intention de cr\u00e9er de v\u00e9ritables essentiels de la cuisine en s\u2019inspirant d\u2019un ingr\u00e9dient vedette. Cette fois, c\u2019est le fromage qui est \u00e0 l\u2019honneur ! Passion fromage regroupe pr\u00e8s d\u2019une centaine de recettes r\u00e9parties dans des sections \u00e9loquentes telles que les burratas, les croustimozzas frits, les fromages \u00e0 griller, [&hellip;]<\/p>\n","protected":false},"featured_media":172720,"template":"","meta":{"wds_primary_product_brand":0,"wds_primary_product_cat":550,"wds_primary_maison_dedition":630},"product_brand":[],"product_cat":[550],"product_tag":[],"maison_dedition":[879,630],"class_list":{"0":"post-172714","1":"product","2":"type-product","3":"status-publish","4":"has-post-thumbnail","6":"product_cat-livres-de-cuisine","7":"pa_auteur-genevieve-everell","8":"maison_dedition-genevieve-everell-les-editions-goelette","9":"maison_dedition-les-editions-goelette","11":"first","12":"instock","13":"taxable","14":"shipping-taxable","15":"purchasable","16":"product-type-variable","17":"has-default-attributes"},"bundled_by":[],"bundle_stock_status":"instock","bundle_stock_quantity":null,"bundle_virtual":false,"bundle_layout":"","bundle_add_to_cart_form_location":"","bundle_editable_in_cart":false,"bundle_sold_individually_context":"","bundle_item_grouping":"","bundle_min_size":"","bundle_max_size":"","bundle_price":[],"bundled_items":[],"bundle_sell_ids":[],"acf":[],"_links":{"self":[{"href":"https:\/\/goelette.ca\/en\/wp-json\/wp\/v2\/product\/172714","targetHints":{"allow":["GET"]}}],"collection":[{"href":"https:\/\/goelette.ca\/en\/wp-json\/wp\/v2\/product"}],"about":[{"href":"https:\/\/goelette.ca\/en\/wp-json\/wp\/v2\/types\/product"}],"wp:featuredmedia":[{"embeddable":true,"href":"https:\/\/goelette.ca\/en\/wp-json\/wp\/v2\/media\/172720"}],"wp:attachment":[{"href":"https:\/\/goelette.ca\/en\/wp-json\/wp\/v2\/media?parent=172714"}],"wp:term":[{"taxonomy":"product_brand","embeddable":true,"href":"https:\/\/goelette.ca\/en\/wp-json\/wp\/v2\/product_brand?post=172714"},{"taxonomy":"product_cat","embeddable":true,"href":"https:\/\/goelette.ca\/en\/wp-json\/wp\/v2\/product_cat?post=172714"},{"taxonomy":"product_tag","embeddable":true,"href":"https:\/\/goelette.ca\/en\/wp-json\/wp\/v2\/product_tag?post=172714"},{"taxonomy":"maison_dedition","embeddable":true,"href":"https:\/\/goelette.ca\/en\/wp-json\/wp\/v2\/maison_dedition?post=172714"}],"curies":[{"name":"wp","href":"https:\/\/api.w.org\/{rel}","templated":true}]}}