{"id":172689,"date":"2024-10-03T00:01:04","date_gmt":"2024-10-03T04:01:04","guid":{"rendered":"https:\/\/goelette.ca\/?post_type=product&#038;p=172689"},"modified":"2025-03-19T16:17:27","modified_gmt":"2025-03-19T20:17:27","slug":"la-fille-du-plateau","status":"publish","type":"product","link":"https:\/\/goelette.ca\/en\/tous-les-livres\/la-fille-du-plateau\/","title":{"rendered":"La fille du plateau"},"content":{"rendered":"<p>Tout commence un soir de janvier, lorsqu\u2019Andr\u00e9 re\u00e7oit un appel \u00e0 l\u2019aide d\u2019une \u00e9trang\u00e8re sur Messenger. De tous ses amis Facebook, c\u2019est lui qu\u2019elle a choisi pour se confier, et il en est flatt\u00e9. Intrigu\u00e9 par cette belle fille du Plateau-Mont-Royal, le Sherbrookois se laisse happer par ce lien naissant. Rapidement, leur correspondance en vient \u00e0 meubler son quotidien, ses pens\u00e9es et ses r\u00eaves.<\/p>\n<p>Mais tout comme les fantasmes, les possibilit\u00e9s apparemment infinies que promet le virtuel ne s\u2019accordent pas toujours avec la r\u00e9alit\u00e9. De silences en malentendus, les \u00e9changes d\u2019Andr\u00e9 et de l\u2019insaisissable Anne Perrier se compliquent et prennent bient\u00f4t une tournure d\u00e9concertante.<\/p>\n<p>Qui est r\u00e9ellement cette myst\u00e9rieuse inconnue et que repr\u00e9sente-t-il pour elle ? Est-il son confident, un potentiel amant, ou un simple divertissement ?<\/p>\n","protected":false},"excerpt":{"rendered":"<p>Tout commence un soir de janvier, lorsqu\u2019Andr\u00e9 re\u00e7oit un appel \u00e0 l\u2019aide d\u2019une \u00e9trang\u00e8re sur Messenger. De tous ses amis Facebook, c\u2019est lui qu\u2019elle a choisi pour se confier, et il en est flatt\u00e9. Intrigu\u00e9 par cette belle fille du Plateau-Mont-Royal, le Sherbrookois se laisse happer par ce lien naissant. Rapidement, leur correspondance en vient [&hellip;]<\/p>\n","protected":false},"featured_media":172692,"template":"","meta":{"wds_primary_product_brand":0,"wds_primary_product_cat":0,"wds_primary_maison_dedition":0},"product_brand":[],"product_cat":[877,542,585],"product_tag":[],"maison_dedition":[630],"class_list":{"0":"post-172689","1":"product","2":"type-product","3":"status-publish","4":"has-post-thumbnail","6":"product_cat-contemporain","7":"product_cat-roman","8":"product_cat-romance","9":"pa_auteur-andre-bernier","10":"maison_dedition-les-editions-goelette","12":"first","13":"instock","14":"taxable","15":"shipping-taxable","16":"purchasable","17":"product-type-variable"},"bundled_by":[],"bundle_stock_status":"instock","bundle_stock_quantity":null,"bundle_virtual":false,"bundle_layout":"","bundle_add_to_cart_form_location":"","bundle_editable_in_cart":false,"bundle_sold_individually_context":"","bundle_item_grouping":"","bundle_min_size":"","bundle_max_size":"","bundle_price":[],"bundled_items":[],"bundle_sell_ids":[],"acf":[],"_links":{"self":[{"href":"https:\/\/goelette.ca\/en\/wp-json\/wp\/v2\/product\/172689","targetHints":{"allow":["GET"]}}],"collection":[{"href":"https:\/\/goelette.ca\/en\/wp-json\/wp\/v2\/product"}],"about":[{"href":"https:\/\/goelette.ca\/en\/wp-json\/wp\/v2\/types\/product"}],"wp:featuredmedia":[{"embeddable":true,"href":"https:\/\/goelette.ca\/en\/wp-json\/wp\/v2\/media\/172692"}],"wp:attachment":[{"href":"https:\/\/goelette.ca\/en\/wp-json\/wp\/v2\/media?parent=172689"}],"wp:term":[{"taxonomy":"product_brand","embeddable":true,"href":"https:\/\/goelette.ca\/en\/wp-json\/wp\/v2\/product_brand?post=172689"},{"taxonomy":"product_cat","embeddable":true,"href":"https:\/\/goelette.ca\/en\/wp-json\/wp\/v2\/product_cat?post=172689"},{"taxonomy":"product_tag","embeddable":true,"href":"https:\/\/goelette.ca\/en\/wp-json\/wp\/v2\/product_tag?post=172689"},{"taxonomy":"maison_dedition","embeddable":true,"href":"https:\/\/goelette.ca\/en\/wp-json\/wp\/v2\/maison_dedition?post=172689"}],"curies":[{"name":"wp","href":"https:\/\/api.w.org\/{rel}","templated":true}]}}