{"id":172667,"date":"2024-10-03T00:00:01","date_gmt":"2024-10-03T04:00:01","guid":{"rendered":"https:\/\/goelette.ca\/?post_type=product&#038;p=172667"},"modified":"2024-09-27T10:07:34","modified_gmt":"2024-09-27T14:07:34","slug":"ma-tablette-dautocollants-noel","status":"publish","type":"product","link":"https:\/\/goelette.ca\/en\/tous-les-livres\/ma-tablette-dautocollants-noel\/","title":{"rendered":"Ma tablette d&#8217;autocollants &#8211; No\u00ebl"},"content":{"rendered":"<ul>\n<li>80 sc\u00e8nes \u00e0 d\u00e9corer !<\/li>\n<li>Plus de 275 autocollants !<\/li>\n<\/ul>\n<p>Explore le p\u00f4le Nord ! Colle des autocollants pour donner vie \u00e0 des personnages festifs. Ces activit\u00e9s offrent \u00e0 votre enfant l\u2019occasion de d\u00e9velopper sa motricit\u00e9 fine, son vocabulaire<br \/>\net sa cr\u00e9ativit\u00e9 tout en s\u2019amusant.<\/p>\n","protected":false},"excerpt":{"rendered":"<p>80 sc\u00e8nes \u00e0 d\u00e9corer ! Plus de 275 autocollants ! Explore le p\u00f4le Nord ! Colle des autocollants pour donner vie \u00e0 des personnages festifs. Ces activit\u00e9s offrent \u00e0 votre enfant l\u2019occasion de d\u00e9velopper sa motricit\u00e9 fine, son vocabulaire et sa cr\u00e9ativit\u00e9 tout en s\u2019amusant.<\/p>\n","protected":false},"featured_media":172669,"template":"","meta":{"wds_primary_product_brand":0,"wds_primary_product_cat":552,"wds_primary_maison_dedition":0},"product_brand":[],"product_cat":[560,555,551,570,552,538,566,545],"product_tag":[],"maison_dedition":[630],"class_list":{"0":"post-172667","1":"product","2":"type-product","3":"status-publish","4":"has-post-thumbnail","6":"product_cat-3-5-ans","7":"product_cat-6-ans-et-plus","8":"product_cat-activites","9":"product_cat-activites-livres-de-jeux","10":"product_cat-autocollants","11":"product_cat-jeunesse","12":"product_cat-livres-de-jeux","13":"product_cat-noel","14":"pa_auteur-collectif","15":"maison_dedition-les-editions-goelette","17":"first","18":"instock","19":"taxable","20":"shipping-taxable","21":"purchasable","22":"product-type-variable"},"bundled_by":[],"bundle_stock_status":"instock","bundle_stock_quantity":null,"bundle_virtual":false,"bundle_layout":"","bundle_add_to_cart_form_location":"","bundle_editable_in_cart":false,"bundle_sold_individually_context":"","bundle_item_grouping":"","bundle_min_size":"","bundle_max_size":"","bundle_price":[],"bundled_items":[],"bundle_sell_ids":[],"acf":[],"_links":{"self":[{"href":"https:\/\/goelette.ca\/en\/wp-json\/wp\/v2\/product\/172667","targetHints":{"allow":["GET"]}}],"collection":[{"href":"https:\/\/goelette.ca\/en\/wp-json\/wp\/v2\/product"}],"about":[{"href":"https:\/\/goelette.ca\/en\/wp-json\/wp\/v2\/types\/product"}],"wp:featuredmedia":[{"embeddable":true,"href":"https:\/\/goelette.ca\/en\/wp-json\/wp\/v2\/media\/172669"}],"wp:attachment":[{"href":"https:\/\/goelette.ca\/en\/wp-json\/wp\/v2\/media?parent=172667"}],"wp:term":[{"taxonomy":"product_brand","embeddable":true,"href":"https:\/\/goelette.ca\/en\/wp-json\/wp\/v2\/product_brand?post=172667"},{"taxonomy":"product_cat","embeddable":true,"href":"https:\/\/goelette.ca\/en\/wp-json\/wp\/v2\/product_cat?post=172667"},{"taxonomy":"product_tag","embeddable":true,"href":"https:\/\/goelette.ca\/en\/wp-json\/wp\/v2\/product_tag?post=172667"},{"taxonomy":"maison_dedition","embeddable":true,"href":"https:\/\/goelette.ca\/en\/wp-json\/wp\/v2\/maison_dedition?post=172667"}],"curies":[{"name":"wp","href":"https:\/\/api.w.org\/{rel}","templated":true}]}}