{"id":172663,"date":"2024-10-03T00:01:58","date_gmt":"2024-10-03T04:01:58","guid":{"rendered":"https:\/\/goelette.ca\/?post_type=product&#038;p=172663"},"modified":"2024-09-27T10:04:21","modified_gmt":"2024-09-27T14:04:21","slug":"ma-tablette-de-coloriages-par-numeros-noel","status":"publish","type":"product","link":"https:\/\/goelette.ca\/en\/tous-les-livres\/ma-tablette-de-coloriages-par-numeros-noel\/","title":{"rendered":"Ma tablette de coloriages par num\u00e9ros &#8211; No\u00ebl"},"content":{"rendered":"<p><strong>80 dessins amusants !<\/strong><\/p>\n<p>Exerce tes talents d\u2019artiste avec ces dessins de No\u00ebl. Suis le code de couleurs et d\u00e9couvre des personnages festifs !<\/p>\n<p>Ces activit\u00e9s offrent \u00e0 votre enfant l\u2019occasion de d\u00e9velopper sa motricit\u00e9 fine, sa logique et sa cr\u00e9ativit\u00e9 tout en s\u2019amusant.<\/p>\n<p>&nbsp;<\/p>\n","protected":false},"excerpt":{"rendered":"<p>80 dessins amusants ! Exerce tes talents d\u2019artiste avec ces dessins de No\u00ebl. Suis le code de couleurs et d\u00e9couvre des personnages festifs ! Ces activit\u00e9s offrent \u00e0 votre enfant l\u2019occasion de d\u00e9velopper sa motricit\u00e9 fine, sa logique et sa cr\u00e9ativit\u00e9 tout en s\u2019amusant. &nbsp;<\/p>\n","protected":false},"featured_media":172665,"template":"","meta":{"wds_primary_product_brand":0,"wds_primary_product_cat":0,"wds_primary_maison_dedition":0},"product_brand":[],"product_cat":[560,555,551,606,538,545],"product_tag":[],"maison_dedition":[630],"class_list":{"0":"post-172663","1":"product","2":"type-product","3":"status-publish","4":"has-post-thumbnail","6":"product_cat-3-5-ans","7":"product_cat-6-ans-et-plus","8":"product_cat-activites","9":"product_cat-coloriage-par-numeros","10":"product_cat-jeunesse","11":"product_cat-noel","12":"pa_auteur-collectif","13":"maison_dedition-les-editions-goelette","15":"first","16":"instock","17":"taxable","18":"shipping-taxable","19":"purchasable","20":"product-type-variable"},"bundled_by":[],"bundle_stock_status":"instock","bundle_stock_quantity":null,"bundle_virtual":false,"bundle_layout":"","bundle_add_to_cart_form_location":"","bundle_editable_in_cart":false,"bundle_sold_individually_context":"","bundle_item_grouping":"","bundle_min_size":"","bundle_max_size":"","bundle_price":[],"bundled_items":[],"bundle_sell_ids":[],"acf":[],"_links":{"self":[{"href":"https:\/\/goelette.ca\/en\/wp-json\/wp\/v2\/product\/172663","targetHints":{"allow":["GET"]}}],"collection":[{"href":"https:\/\/goelette.ca\/en\/wp-json\/wp\/v2\/product"}],"about":[{"href":"https:\/\/goelette.ca\/en\/wp-json\/wp\/v2\/types\/product"}],"wp:featuredmedia":[{"embeddable":true,"href":"https:\/\/goelette.ca\/en\/wp-json\/wp\/v2\/media\/172665"}],"wp:attachment":[{"href":"https:\/\/goelette.ca\/en\/wp-json\/wp\/v2\/media?parent=172663"}],"wp:term":[{"taxonomy":"product_brand","embeddable":true,"href":"https:\/\/goelette.ca\/en\/wp-json\/wp\/v2\/product_brand?post=172663"},{"taxonomy":"product_cat","embeddable":true,"href":"https:\/\/goelette.ca\/en\/wp-json\/wp\/v2\/product_cat?post=172663"},{"taxonomy":"product_tag","embeddable":true,"href":"https:\/\/goelette.ca\/en\/wp-json\/wp\/v2\/product_tag?post=172663"},{"taxonomy":"maison_dedition","embeddable":true,"href":"https:\/\/goelette.ca\/en\/wp-json\/wp\/v2\/maison_dedition?post=172663"}],"curies":[{"name":"wp","href":"https:\/\/api.w.org\/{rel}","templated":true}]}}