{"id":171653,"date":"2024-09-26T00:01:23","date_gmt":"2024-09-26T04:01:23","guid":{"rendered":"https:\/\/goelette.ca\/?post_type=product&#038;p=171653"},"modified":"2025-02-26T11:14:04","modified_gmt":"2025-02-26T16:14:04","slug":"la-constellation-de-simone","status":"publish","type":"product","link":"https:\/\/goelette.ca\/en\/tous-les-livres\/la-constellation-de-simone\/","title":{"rendered":"La constellation de Simone"},"content":{"rendered":"<p>Au cr\u00e9puscule de sa vie, sentant ses forces d\u00e9cliner, Simone Lemire a d\u00e9cid\u00e9 d\u2019\u00e9laborer un \u00ab plan \u00bb destin\u00e9 \u00e0 ses filles et petites-filles. Seulement, il ne s\u2019agit pas d\u2019un simple testament, mais plut\u00f4t d\u2019une tentative imaginative de les aider en vue de l\u2019avenir et d\u2019y aller de r\u00e9v\u00e9lations qui, esp\u00e8re-t-elle, lui permettront de boucler la boucle en toute s\u00e9r\u00e9nit\u00e9.<\/p>\n<p>R\u00e9cit de filiation o\u00f9 l\u2019on alterne entre les aveux, le chagrin mais aussi le comique, et o\u00f9 se tisse la trame d\u2019une famille tricot\u00e9e serr\u00e9e, La constellation de Simone puise dans le poids de l\u2019interg\u00e9n\u00e9rationnel et du bagage \u00e9motionnel qui subsiste en chacun de nous. Cette famille d\u00e9crite avec empathie, elle pourrait \u00eatre la n\u00f4tre. Quant \u00e0 ses secrets, ses diff\u00e9rends et ses moments de bonheur, ils nous invitent \u00e0 c\u00e9l\u00e9brer la vie dans tout ce qu\u2019elle a d\u2019unique et de merveilleux.<\/p>\n","protected":false},"excerpt":{"rendered":"<p>Au cr\u00e9puscule de sa vie, sentant ses forces d\u00e9cliner, Simone Lemire a d\u00e9cid\u00e9 d\u2019\u00e9laborer un \u00ab plan \u00bb destin\u00e9 \u00e0 ses filles et petites-filles. Seulement, il ne s\u2019agit pas d\u2019un simple testament, mais plut\u00f4t d\u2019une tentative imaginative de les aider en vue de l\u2019avenir et d\u2019y aller de r\u00e9v\u00e9lations qui, esp\u00e8re-t-elle, lui permettront de boucler [&hellip;]<\/p>\n","protected":false},"featured_media":182889,"template":"","meta":{"wds_primary_product_brand":0,"wds_primary_product_cat":0,"wds_primary_maison_dedition":0},"product_brand":[],"product_cat":[877,542],"product_tag":[],"maison_dedition":[630],"class_list":{"0":"post-171653","1":"product","2":"type-product","3":"status-publish","4":"has-post-thumbnail","6":"product_cat-contemporain","7":"product_cat-roman","8":"pa_auteur-johanne-lamontagne","9":"maison_dedition-les-editions-goelette","11":"first","12":"instock","13":"taxable","14":"shipping-taxable","15":"purchasable","16":"product-type-variable"},"bundled_by":[],"bundle_stock_status":"instock","bundle_stock_quantity":null,"bundle_virtual":false,"bundle_layout":"","bundle_add_to_cart_form_location":"","bundle_editable_in_cart":false,"bundle_sold_individually_context":"","bundle_item_grouping":"","bundle_min_size":"","bundle_max_size":"","bundle_price":[],"bundled_items":[],"bundle_sell_ids":[],"acf":[],"_links":{"self":[{"href":"https:\/\/goelette.ca\/en\/wp-json\/wp\/v2\/product\/171653","targetHints":{"allow":["GET"]}}],"collection":[{"href":"https:\/\/goelette.ca\/en\/wp-json\/wp\/v2\/product"}],"about":[{"href":"https:\/\/goelette.ca\/en\/wp-json\/wp\/v2\/types\/product"}],"wp:featuredmedia":[{"embeddable":true,"href":"https:\/\/goelette.ca\/en\/wp-json\/wp\/v2\/media\/182889"}],"wp:attachment":[{"href":"https:\/\/goelette.ca\/en\/wp-json\/wp\/v2\/media?parent=171653"}],"wp:term":[{"taxonomy":"product_brand","embeddable":true,"href":"https:\/\/goelette.ca\/en\/wp-json\/wp\/v2\/product_brand?post=171653"},{"taxonomy":"product_cat","embeddable":true,"href":"https:\/\/goelette.ca\/en\/wp-json\/wp\/v2\/product_cat?post=171653"},{"taxonomy":"product_tag","embeddable":true,"href":"https:\/\/goelette.ca\/en\/wp-json\/wp\/v2\/product_tag?post=171653"},{"taxonomy":"maison_dedition","embeddable":true,"href":"https:\/\/goelette.ca\/en\/wp-json\/wp\/v2\/maison_dedition?post=171653"}],"curies":[{"name":"wp","href":"https:\/\/api.w.org\/{rel}","templated":true}]}}