{"id":171591,"date":"2024-09-26T00:01:46","date_gmt":"2024-09-26T04:01:46","guid":{"rendered":"https:\/\/goelette.ca\/?post_type=product&#038;p=171591"},"modified":"2024-09-18T15:31:04","modified_gmt":"2024-09-18T19:31:04","slug":"jjouer-pour-donner-cancer-du-sein-mots-caches-vol-2","status":"publish","type":"product","link":"https:\/\/goelette.ca\/en\/tous-les-livres\/jjouer-pour-donner-cancer-du-sein-mots-caches-vol-2\/","title":{"rendered":"Jouer pour donner &#8211; Cancer du sein &#8211; Mots cach\u00e9s vol. 2"},"content":{"rendered":"<p>AMUSEZ-VOUS ET SOUTENEZ UNE BONNE CAUSE !<\/p>\n<p>Pour chaque exemplaire vendu, un montant de 0,75 $ sera remis \u00e0 la Fondation cancer du sein du Qu\u00e9bec afin de financer la recherche, de promouvoir la sant\u00e9 du sein et de soutenir<br \/>\nles personnes touch\u00e9es par la maladie.<\/p>\n","protected":false},"excerpt":{"rendered":"<p>AMUSEZ-VOUS ET SOUTENEZ UNE BONNE CAUSE ! Pour chaque exemplaire vendu, un montant de 0,75 $ sera remis \u00e0 la Fondation cancer du sein du Qu\u00e9bec afin de financer la recherche, de promouvoir la sant\u00e9 du sein et de soutenir les personnes touch\u00e9es par la maladie.<\/p>\n","protected":false},"featured_media":171593,"template":"","meta":{"wds_primary_product_brand":0,"wds_primary_product_cat":0,"wds_primary_maison_dedition":0},"product_brand":[],"product_cat":[567,566,608],"product_tag":[],"maison_dedition":[636,630],"class_list":{"0":"post-171591","1":"product","2":"type-product","3":"status-publish","4":"has-post-thumbnail","6":"product_cat-adulte","7":"product_cat-livres-de-jeux","8":"product_cat-mots-caches","9":"pa_auteur-collectif","10":"maison_dedition-jouer-pour-donner","11":"maison_dedition-les-editions-goelette","13":"first","14":"instock","15":"taxable","16":"shipping-taxable","17":"purchasable","18":"product-type-variable"},"bundled_by":[],"bundle_stock_status":"instock","bundle_stock_quantity":null,"bundle_virtual":false,"bundle_layout":"","bundle_add_to_cart_form_location":"","bundle_editable_in_cart":false,"bundle_sold_individually_context":"","bundle_item_grouping":"","bundle_min_size":"","bundle_max_size":"","bundle_price":[],"bundled_items":[],"bundle_sell_ids":[],"acf":[],"_links":{"self":[{"href":"https:\/\/goelette.ca\/en\/wp-json\/wp\/v2\/product\/171591","targetHints":{"allow":["GET"]}}],"collection":[{"href":"https:\/\/goelette.ca\/en\/wp-json\/wp\/v2\/product"}],"about":[{"href":"https:\/\/goelette.ca\/en\/wp-json\/wp\/v2\/types\/product"}],"wp:featuredmedia":[{"embeddable":true,"href":"https:\/\/goelette.ca\/en\/wp-json\/wp\/v2\/media\/171593"}],"wp:attachment":[{"href":"https:\/\/goelette.ca\/en\/wp-json\/wp\/v2\/media?parent=171591"}],"wp:term":[{"taxonomy":"product_brand","embeddable":true,"href":"https:\/\/goelette.ca\/en\/wp-json\/wp\/v2\/product_brand?post=171591"},{"taxonomy":"product_cat","embeddable":true,"href":"https:\/\/goelette.ca\/en\/wp-json\/wp\/v2\/product_cat?post=171591"},{"taxonomy":"product_tag","embeddable":true,"href":"https:\/\/goelette.ca\/en\/wp-json\/wp\/v2\/product_tag?post=171591"},{"taxonomy":"maison_dedition","embeddable":true,"href":"https:\/\/goelette.ca\/en\/wp-json\/wp\/v2\/maison_dedition?post=171591"}],"curies":[{"name":"wp","href":"https:\/\/api.w.org\/{rel}","templated":true}]}}