{"id":171580,"date":"2024-09-26T00:01:22","date_gmt":"2024-09-26T04:01:22","guid":{"rendered":"https:\/\/goelette.ca\/?post_type=product&#038;p=171580"},"modified":"2024-09-18T11:50:10","modified_gmt":"2024-09-18T15:50:10","slug":"ma-tablette-ludique-visite-a-la-ferme","status":"publish","type":"product","link":"https:\/\/goelette.ca\/en\/tous-les-livres\/ma-tablette-ludique-visite-a-la-ferme\/","title":{"rendered":"Ma tablette ludique &#8211; Visite \u00e0 la ferme"},"content":{"rendered":"<p>112\u00a0 jeux et coloriages.<\/p>\n<p>D\u00e9couvre la vie \u00e0 la ferme avec des activit\u00e9s que tu vas adorer : coloriages, labyrinthes, jeux de logique et d\u2019observation\u2026 et plusieurs autres !<\/p>\n<p>La solution t&#8217;est r\u00e9v\u00e9l\u00e9e au verso de chaque page.<\/p>\n<p>&nbsp;<\/p>\n","protected":false},"excerpt":{"rendered":"<p>112\u00a0 jeux et coloriages. D\u00e9couvre la vie \u00e0 la ferme avec des activit\u00e9s que tu vas adorer : coloriages, labyrinthes, jeux de logique et d\u2019observation\u2026 et plusieurs autres ! La solution t&#8217;est r\u00e9v\u00e9l\u00e9e au verso de chaque page. &nbsp;<\/p>\n","protected":false},"featured_media":171582,"template":"","meta":{"wds_primary_product_brand":0,"wds_primary_product_cat":0,"wds_primary_maison_dedition":0},"product_brand":[],"product_cat":[555,551,538],"product_tag":[],"maison_dedition":[630],"class_list":{"0":"post-171580","1":"product","2":"type-product","3":"status-publish","4":"has-post-thumbnail","6":"product_cat-6-ans-et-plus","7":"product_cat-activites","8":"product_cat-jeunesse","9":"pa_auteur-collectif","10":"maison_dedition-les-editions-goelette","12":"first","13":"instock","14":"taxable","15":"shipping-taxable","16":"purchasable","17":"product-type-variable"},"bundled_by":[],"bundle_stock_status":"instock","bundle_stock_quantity":null,"bundle_virtual":false,"bundle_layout":"","bundle_add_to_cart_form_location":"","bundle_editable_in_cart":false,"bundle_sold_individually_context":"","bundle_item_grouping":"","bundle_min_size":"","bundle_max_size":"","bundle_price":[],"bundled_items":[],"bundle_sell_ids":[],"acf":[],"_links":{"self":[{"href":"https:\/\/goelette.ca\/en\/wp-json\/wp\/v2\/product\/171580","targetHints":{"allow":["GET"]}}],"collection":[{"href":"https:\/\/goelette.ca\/en\/wp-json\/wp\/v2\/product"}],"about":[{"href":"https:\/\/goelette.ca\/en\/wp-json\/wp\/v2\/types\/product"}],"wp:featuredmedia":[{"embeddable":true,"href":"https:\/\/goelette.ca\/en\/wp-json\/wp\/v2\/media\/171582"}],"wp:attachment":[{"href":"https:\/\/goelette.ca\/en\/wp-json\/wp\/v2\/media?parent=171580"}],"wp:term":[{"taxonomy":"product_brand","embeddable":true,"href":"https:\/\/goelette.ca\/en\/wp-json\/wp\/v2\/product_brand?post=171580"},{"taxonomy":"product_cat","embeddable":true,"href":"https:\/\/goelette.ca\/en\/wp-json\/wp\/v2\/product_cat?post=171580"},{"taxonomy":"product_tag","embeddable":true,"href":"https:\/\/goelette.ca\/en\/wp-json\/wp\/v2\/product_tag?post=171580"},{"taxonomy":"maison_dedition","embeddable":true,"href":"https:\/\/goelette.ca\/en\/wp-json\/wp\/v2\/maison_dedition?post=171580"}],"curies":[{"name":"wp","href":"https:\/\/api.w.org\/{rel}","templated":true}]}}