{"id":17151,"date":"2020-03-09T01:00:00","date_gmt":"2021-10-04T20:37:11","guid":{"rendered":"https:\/\/www.goelette.ca\/produit\/a-lessai\/"},"modified":"2022-02-18T16:18:09","modified_gmt":"2022-02-18T21:18:09","slug":"a-lessai","status":"publish","type":"product","link":"https:\/\/goelette.ca\/en\/tous-les-livres\/a-lessai\/","title":{"rendered":"\u00c0 l&#8217;essai"},"content":{"rendered":"<p style=\"text-align: justify;\">Ses proches ont tent\u00e9 de la d\u00e9courager, mais Chlo\u00e9 est d\u00e9cid\u00e9e : elle quitte le monde de la finance pour celui de la t\u00e9l\u00e9vision. Gagnante du concours \u00ab Devenez journaliste pour ICI ! \u00bb, elle vient d&#8217;obtenir un contrat pour la plus importante cha\u00eene de t\u00e9l\u00e9 du pays, ce qui lui permettra d&#8217;apprendre le m\u00e9tier qui la fait r\u00eaver depuis des ann\u00e9es. Ses premiers mois sur le terrain seront dignes du parcours de l&#8217;astucieuse combattante, pr\u00eate \u00e0 tout risquer, m\u00eame son ego, pour trouver les scoops. Mais la jeune reporter saura-t-elle aussi rep\u00e9rer les scandales qui la guettent dans sa vie personnelle ? Rien n&#8217;est moins s\u00fbr !<\/p>\n","protected":false},"excerpt":{"rendered":"<p>Ses proches ont tent\u00e9 de la d\u00e9courager, mais Chlo\u00e9 est d\u00e9cid\u00e9e : elle quitte le monde de la finance pour celui de la t\u00e9l\u00e9vision. Gagnante du concours \u00ab Devenez journaliste pour ICI ! \u00bb, elle vient d&#8217;obtenir un contrat pour la plus importante cha\u00eene de t\u00e9l\u00e9 du pays, ce qui lui permettra d&#8217;apprendre le m\u00e9tier [&hellip;]<\/p>\n","protected":false},"featured_media":17149,"template":"","meta":{"wds_primary_product_brand":0,"wds_primary_product_cat":0,"wds_primary_maison_dedition":0},"product_brand":[],"product_cat":[548,564,542],"product_tag":[],"maison_dedition":[630],"class_list":{"0":"post-17151","1":"product","2":"type-product","3":"status-publish","4":"has-post-thumbnail","6":"product_cat-chick-lit","7":"product_cat-recueil-de-nouvelles","8":"product_cat-roman","9":"pa_auteur-sophie-berube","10":"maison_dedition-les-editions-goelette","12":"first","13":"instock","14":"taxable","15":"shipping-taxable","16":"purchasable","17":"product-type-variable"},"bundled_by":[],"bundle_stock_status":"instock","bundle_stock_quantity":null,"bundle_virtual":false,"bundle_layout":"","bundle_add_to_cart_form_location":"","bundle_editable_in_cart":false,"bundle_sold_individually_context":"","bundle_item_grouping":"","bundle_min_size":"","bundle_max_size":"","bundle_price":[],"bundled_items":[],"bundle_sell_ids":[],"acf":[],"_links":{"self":[{"href":"https:\/\/goelette.ca\/en\/wp-json\/wp\/v2\/product\/17151","targetHints":{"allow":["GET"]}}],"collection":[{"href":"https:\/\/goelette.ca\/en\/wp-json\/wp\/v2\/product"}],"about":[{"href":"https:\/\/goelette.ca\/en\/wp-json\/wp\/v2\/types\/product"}],"wp:featuredmedia":[{"embeddable":true,"href":"https:\/\/goelette.ca\/en\/wp-json\/wp\/v2\/media\/17149"}],"wp:attachment":[{"href":"https:\/\/goelette.ca\/en\/wp-json\/wp\/v2\/media?parent=17151"}],"wp:term":[{"taxonomy":"product_brand","embeddable":true,"href":"https:\/\/goelette.ca\/en\/wp-json\/wp\/v2\/product_brand?post=17151"},{"taxonomy":"product_cat","embeddable":true,"href":"https:\/\/goelette.ca\/en\/wp-json\/wp\/v2\/product_cat?post=17151"},{"taxonomy":"product_tag","embeddable":true,"href":"https:\/\/goelette.ca\/en\/wp-json\/wp\/v2\/product_tag?post=17151"},{"taxonomy":"maison_dedition","embeddable":true,"href":"https:\/\/goelette.ca\/en\/wp-json\/wp\/v2\/maison_dedition?post=17151"}],"curies":[{"name":"wp","href":"https:\/\/api.w.org\/{rel}","templated":true}]}}