{"id":17148,"date":"2018-10-31T01:00:00","date_gmt":"2021-10-04T20:37:09","guid":{"rendered":"https:\/\/www.goelette.ca\/produit\/on-est-ou\/"},"modified":"2022-02-18T16:19:50","modified_gmt":"2022-02-18T21:19:50","slug":"on-est-ou","status":"publish","type":"product","link":"https:\/\/goelette.ca\/en\/tous-les-livres\/on-est-ou\/","title":{"rendered":"On est o\u00f9 ?"},"content":{"rendered":"<p>Floralie est une influenceuse. Gr\u00e2ce \u00e0 ses r\u00e9seaux sociaux et \u00e0 ses nombreux fans aussi inconnus que cosmopolites, elle profite d&#8217;articles promotionnels, parcourt la plan\u00e8te et se voit invit\u00e9e aux soir\u00e9es les plus <em>glam<\/em>. La vie r\u00eav\u00e9e, quoi ! Pourtant, une seule question pos\u00e9e lors d\u2019un s\u00e9jour inoubliable au Mexique bouscule ses certitudes : \u00ab tu vas faire quoi quand tu vas \u00eatre grande ? \u00bb Incapable de r\u00e9pondre, Floralie s&#8217;embarque alors pour le voyage le plus inspirant, cocasse et enrichissant de sa vie.<\/p>\n<p>Pour chaque exemplaire vendu, un montant de 0,25 $ sera remis \u00e0 la Fondation du cancer du sein du Qu\u00e9bec. <\/p>\n","protected":false},"excerpt":{"rendered":"<p>Floralie est une influenceuse. Gr\u00e2ce \u00e0 ses r\u00e9seaux sociaux et \u00e0 ses nombreux fans aussi inconnus que cosmopolites, elle profite d&#8217;articles promotionnels, parcourt la plan\u00e8te et se voit invit\u00e9e aux soir\u00e9es les plus glam. La vie r\u00eav\u00e9e, quoi ! Pourtant, une seule question pos\u00e9e lors d\u2019un s\u00e9jour inoubliable au Mexique bouscule ses certitudes : \u00ab [&hellip;]<\/p>\n","protected":false},"featured_media":17146,"template":"","meta":{"wds_primary_product_brand":0,"wds_primary_product_cat":0,"wds_primary_maison_dedition":0},"product_brand":[],"product_cat":[548,564,542],"product_tag":[],"maison_dedition":[630],"class_list":{"0":"post-17148","1":"product","2":"type-product","3":"status-publish","4":"has-post-thumbnail","6":"product_cat-chick-lit","7":"product_cat-recueil-de-nouvelles","8":"product_cat-roman","9":"pa_auteur-melanie-leblanc","10":"maison_dedition-les-editions-goelette","12":"first","13":"instock","14":"taxable","15":"shipping-taxable","16":"purchasable","17":"product-type-variable"},"bundled_by":[],"bundle_stock_status":"instock","bundle_stock_quantity":null,"bundle_virtual":false,"bundle_layout":"","bundle_add_to_cart_form_location":"","bundle_editable_in_cart":false,"bundle_sold_individually_context":"","bundle_item_grouping":"","bundle_min_size":"","bundle_max_size":"","bundle_price":[],"bundled_items":[],"bundle_sell_ids":[],"acf":[],"_links":{"self":[{"href":"https:\/\/goelette.ca\/en\/wp-json\/wp\/v2\/product\/17148","targetHints":{"allow":["GET"]}}],"collection":[{"href":"https:\/\/goelette.ca\/en\/wp-json\/wp\/v2\/product"}],"about":[{"href":"https:\/\/goelette.ca\/en\/wp-json\/wp\/v2\/types\/product"}],"wp:featuredmedia":[{"embeddable":true,"href":"https:\/\/goelette.ca\/en\/wp-json\/wp\/v2\/media\/17146"}],"wp:attachment":[{"href":"https:\/\/goelette.ca\/en\/wp-json\/wp\/v2\/media?parent=17148"}],"wp:term":[{"taxonomy":"product_brand","embeddable":true,"href":"https:\/\/goelette.ca\/en\/wp-json\/wp\/v2\/product_brand?post=17148"},{"taxonomy":"product_cat","embeddable":true,"href":"https:\/\/goelette.ca\/en\/wp-json\/wp\/v2\/product_cat?post=17148"},{"taxonomy":"product_tag","embeddable":true,"href":"https:\/\/goelette.ca\/en\/wp-json\/wp\/v2\/product_tag?post=17148"},{"taxonomy":"maison_dedition","embeddable":true,"href":"https:\/\/goelette.ca\/en\/wp-json\/wp\/v2\/maison_dedition?post=17148"}],"curies":[{"name":"wp","href":"https:\/\/api.w.org\/{rel}","templated":true}]}}