{"id":17145,"date":"2018-10-31T01:00:00","date_gmt":"2021-10-04T20:37:02","guid":{"rendered":"https:\/\/www.goelette.ca\/produit\/comme-tout-le-monde\/"},"modified":"2022-02-18T16:19:49","modified_gmt":"2022-02-18T21:19:49","slug":"comme-tout-le-monde","status":"publish","type":"product","link":"https:\/\/goelette.ca\/en\/tous-les-livres\/comme-tout-le-monde\/","title":{"rendered":"Comme tout le monde"},"content":{"rendered":"<p>Maude-Emmanuelle, vingt-sept ans, s\u2019appr\u00eate \u00e0 r\u00e9aliser l\u2019un de ses plus grands r\u00eaves : devenir propri\u00e9taire d\u2019une maison en banlieue avec Charles-\u00c9tienne, son amoureux des sept derni\u00e8res ann\u00e9es. Elle a tout pr\u00e9vu\u2026 sauf se faire larguer, le jour de leur rendez-vous \u00e0 la banque, parce qu\u2019elle est trop pr\u00e9visible. Piqu\u00e9e au vif, elle part en Tha\u00eflande pour prouver \u00e0 Charles et \u00e0 la plan\u00e8te enti\u00e8re qu\u2019elle peut, elle aussi, \u00eatre <em>wild<\/em> comme tout le monde.<\/p>\n<p>Pour chaque exemplaire vendu, un montant de 0,25 $ sera remis \u00e0 la Fondation du cancer du sein du Qu\u00e9bec. <\/p>\n","protected":false},"excerpt":{"rendered":"<p>Maude-Emmanuelle, vingt-sept ans, s\u2019appr\u00eate \u00e0 r\u00e9aliser l\u2019un de ses plus grands r\u00eaves : devenir propri\u00e9taire d\u2019une maison en banlieue avec Charles-\u00c9tienne, son amoureux des sept derni\u00e8res ann\u00e9es. Elle a tout pr\u00e9vu\u2026 sauf se faire larguer, le jour de leur rendez-vous \u00e0 la banque, parce qu\u2019elle est trop pr\u00e9visible. Piqu\u00e9e au vif, elle part en Tha\u00eflande [&hellip;]<\/p>\n","protected":false},"featured_media":17143,"template":"","meta":{"wds_primary_product_brand":0,"wds_primary_product_cat":0,"wds_primary_maison_dedition":0},"product_brand":[],"product_cat":[548,564,542],"product_tag":[],"maison_dedition":[630],"class_list":{"0":"post-17145","1":"product","2":"type-product","3":"status-publish","4":"has-post-thumbnail","6":"product_cat-chick-lit","7":"product_cat-recueil-de-nouvelles","8":"product_cat-roman","9":"pa_auteur-marie-julie-gagnon","10":"maison_dedition-les-editions-goelette","12":"first","13":"instock","14":"taxable","15":"shipping-taxable","16":"purchasable","17":"product-type-variable"},"bundled_by":[],"bundle_stock_status":"instock","bundle_stock_quantity":null,"bundle_virtual":false,"bundle_layout":"","bundle_add_to_cart_form_location":"","bundle_editable_in_cart":false,"bundle_sold_individually_context":"","bundle_item_grouping":"","bundle_min_size":"","bundle_max_size":"","bundle_price":[],"bundled_items":[],"bundle_sell_ids":[],"acf":[],"_links":{"self":[{"href":"https:\/\/goelette.ca\/en\/wp-json\/wp\/v2\/product\/17145","targetHints":{"allow":["GET"]}}],"collection":[{"href":"https:\/\/goelette.ca\/en\/wp-json\/wp\/v2\/product"}],"about":[{"href":"https:\/\/goelette.ca\/en\/wp-json\/wp\/v2\/types\/product"}],"wp:featuredmedia":[{"embeddable":true,"href":"https:\/\/goelette.ca\/en\/wp-json\/wp\/v2\/media\/17143"}],"wp:attachment":[{"href":"https:\/\/goelette.ca\/en\/wp-json\/wp\/v2\/media?parent=17145"}],"wp:term":[{"taxonomy":"product_brand","embeddable":true,"href":"https:\/\/goelette.ca\/en\/wp-json\/wp\/v2\/product_brand?post=17145"},{"taxonomy":"product_cat","embeddable":true,"href":"https:\/\/goelette.ca\/en\/wp-json\/wp\/v2\/product_cat?post=17145"},{"taxonomy":"product_tag","embeddable":true,"href":"https:\/\/goelette.ca\/en\/wp-json\/wp\/v2\/product_tag?post=17145"},{"taxonomy":"maison_dedition","embeddable":true,"href":"https:\/\/goelette.ca\/en\/wp-json\/wp\/v2\/maison_dedition?post=17145"}],"curies":[{"name":"wp","href":"https:\/\/api.w.org\/{rel}","templated":true}]}}