{"id":17142,"date":"2018-10-31T01:00:00","date_gmt":"2021-10-04T20:36:59","guid":{"rendered":"https:\/\/www.goelette.ca\/produit\/je-ne-sais-pas-comment-tu-fais\/"},"modified":"2022-02-18T16:19:48","modified_gmt":"2022-02-18T21:19:48","slug":"je-ne-sais-pas-comment-tu-fais","status":"publish","type":"product","link":"https:\/\/goelette.ca\/en\/tous-les-livres\/je-ne-sais-pas-comment-tu-fais\/","title":{"rendered":"Je ne sais pas comment tu fais"},"content":{"rendered":"<p>Professionnelle ambitieuse, maman impliqu\u00e9e et \u00e9pouse attentionn\u00e9e, Esther est une v\u00e9ritable <em>superwoman<\/em>&#8230; au bout du rouleau ! Quand sa grande amie Jeanne lui propose que leurs familles se rejoignent \u00e0 l&#8217;autre bout du monde, elle accepte sans h\u00e9siter. Mais Esther se rend vite compte que si l&#8217;herbe semble parfois plus verte chez le voisin, la r\u00e9alit\u00e9 est souvent tout autre. Et si le bonheur c&#8217;\u00e9tait d&#8217;avoir la vie qui nous ressemble ? <\/p>\n<p>Pour chaque exemplaire vendu, un montant de 0,25 $ sera remis \u00e0 la Fondation du cancer du sein du Qu\u00e9bec. <\/p>\n","protected":false},"excerpt":{"rendered":"<p>Professionnelle ambitieuse, maman impliqu\u00e9e et \u00e9pouse attentionn\u00e9e, Esther est une v\u00e9ritable superwoman&#8230; au bout du rouleau ! Quand sa grande amie Jeanne lui propose que leurs familles se rejoignent \u00e0 l&#8217;autre bout du monde, elle accepte sans h\u00e9siter. Mais Esther se rend vite compte que si l&#8217;herbe semble parfois plus verte chez le voisin, la [&hellip;]<\/p>\n","protected":false},"featured_media":17140,"template":"","meta":{"wds_primary_product_brand":0,"wds_primary_product_cat":0,"wds_primary_maison_dedition":0},"product_brand":[],"product_cat":[548,564,542],"product_tag":[],"maison_dedition":[630],"class_list":{"0":"post-17142","1":"product","2":"type-product","3":"status-publish","4":"has-post-thumbnail","6":"product_cat-chick-lit","7":"product_cat-recueil-de-nouvelles","8":"product_cat-roman","9":"pa_auteur-nadia-lakhdari","10":"maison_dedition-les-editions-goelette","12":"first","13":"instock","14":"taxable","15":"shipping-taxable","16":"purchasable","17":"product-type-variable"},"bundled_by":[],"bundle_stock_status":"instock","bundle_stock_quantity":null,"bundle_virtual":false,"bundle_layout":"","bundle_add_to_cart_form_location":"","bundle_editable_in_cart":false,"bundle_sold_individually_context":"","bundle_item_grouping":"","bundle_min_size":"","bundle_max_size":"","bundle_price":[],"bundled_items":[],"bundle_sell_ids":[],"acf":[],"_links":{"self":[{"href":"https:\/\/goelette.ca\/en\/wp-json\/wp\/v2\/product\/17142","targetHints":{"allow":["GET"]}}],"collection":[{"href":"https:\/\/goelette.ca\/en\/wp-json\/wp\/v2\/product"}],"about":[{"href":"https:\/\/goelette.ca\/en\/wp-json\/wp\/v2\/types\/product"}],"wp:featuredmedia":[{"embeddable":true,"href":"https:\/\/goelette.ca\/en\/wp-json\/wp\/v2\/media\/17140"}],"wp:attachment":[{"href":"https:\/\/goelette.ca\/en\/wp-json\/wp\/v2\/media?parent=17142"}],"wp:term":[{"taxonomy":"product_brand","embeddable":true,"href":"https:\/\/goelette.ca\/en\/wp-json\/wp\/v2\/product_brand?post=17142"},{"taxonomy":"product_cat","embeddable":true,"href":"https:\/\/goelette.ca\/en\/wp-json\/wp\/v2\/product_cat?post=17142"},{"taxonomy":"product_tag","embeddable":true,"href":"https:\/\/goelette.ca\/en\/wp-json\/wp\/v2\/product_tag?post=17142"},{"taxonomy":"maison_dedition","embeddable":true,"href":"https:\/\/goelette.ca\/en\/wp-json\/wp\/v2\/maison_dedition?post=17142"}],"curies":[{"name":"wp","href":"https:\/\/api.w.org\/{rel}","templated":true}]}}