{"id":17133,"date":"2017-03-21T01:00:00","date_gmt":"2021-10-04T20:36:45","guid":{"rendered":"https:\/\/www.goelette.ca\/produit\/le-petit-chaperon-blanc\/"},"modified":"2022-02-18T16:19:47","modified_gmt":"2022-02-18T21:19:47","slug":"le-petit-chaperon-blanc","status":"publish","type":"product","link":"https:\/\/goelette.ca\/en\/tous-les-livres\/le-petit-chaperon-blanc\/","title":{"rendered":"Le petit chaperon blanc"},"content":{"rendered":"<p><span style=\"font-size: 14px;\">B\u00e9atrice tr\u00e9pigne \u00e0 l&#8217;id\u00e9e de son week-end romantique au chalet. Elle sait que son annulaire gauche sera orn\u00e9 d&#8217;une bague diamant\u00e9e d&#8217;ici son retour en ville. Apr\u00e8s dix ans de vie commune, il est plus que temps que Samuel fasse sa grande demande. Mais comme dans les histoires pour enfants, la vie met parfois sur notre route de grands m\u00e9chants loups pour manger les pots de beurre et g\u00e2cher la balade en for\u00eat. Un r\u00e9cit qui explore le mensonge au sein du couple, l&#8217;ambition professionnelle et l&#8217;usure du quotidien sur la passion amoureuse.<\/span><\/p>\n","protected":false},"excerpt":{"rendered":"<p>B\u00e9atrice tr\u00e9pigne \u00e0 l&#8217;id\u00e9e de son week-end romantique au chalet. Elle sait que son annulaire gauche sera orn\u00e9 d&#8217;une bague diamant\u00e9e d&#8217;ici son retour en ville. Apr\u00e8s dix ans de vie commune, il est plus que temps que Samuel fasse sa grande demande. Mais comme dans les histoires pour enfants, la vie met parfois sur [&hellip;]<\/p>\n","protected":false},"featured_media":17131,"template":"","meta":{"wds_primary_product_brand":0,"wds_primary_product_cat":0,"wds_primary_maison_dedition":0},"product_brand":[],"product_cat":[664,542,585],"product_tag":[],"maison_dedition":[630],"class_list":{"0":"post-17133","1":"product","2":"type-product","3":"status-publish","4":"has-post-thumbnail","6":"product_cat-nouvelle","7":"product_cat-roman","8":"product_cat-romance","9":"pa_auteur-josee-bournival","10":"maison_dedition-les-editions-goelette","12":"first","13":"instock","14":"taxable","15":"shipping-taxable","16":"purchasable","17":"product-type-variable"},"bundled_by":[],"bundle_stock_status":"instock","bundle_stock_quantity":null,"bundle_virtual":false,"bundle_layout":"","bundle_add_to_cart_form_location":"","bundle_editable_in_cart":false,"bundle_sold_individually_context":"","bundle_item_grouping":"","bundle_min_size":"","bundle_max_size":"","bundle_price":[],"bundled_items":[],"bundle_sell_ids":[],"acf":[],"_links":{"self":[{"href":"https:\/\/goelette.ca\/en\/wp-json\/wp\/v2\/product\/17133","targetHints":{"allow":["GET"]}}],"collection":[{"href":"https:\/\/goelette.ca\/en\/wp-json\/wp\/v2\/product"}],"about":[{"href":"https:\/\/goelette.ca\/en\/wp-json\/wp\/v2\/types\/product"}],"wp:featuredmedia":[{"embeddable":true,"href":"https:\/\/goelette.ca\/en\/wp-json\/wp\/v2\/media\/17131"}],"wp:attachment":[{"href":"https:\/\/goelette.ca\/en\/wp-json\/wp\/v2\/media?parent=17133"}],"wp:term":[{"taxonomy":"product_brand","embeddable":true,"href":"https:\/\/goelette.ca\/en\/wp-json\/wp\/v2\/product_brand?post=17133"},{"taxonomy":"product_cat","embeddable":true,"href":"https:\/\/goelette.ca\/en\/wp-json\/wp\/v2\/product_cat?post=17133"},{"taxonomy":"product_tag","embeddable":true,"href":"https:\/\/goelette.ca\/en\/wp-json\/wp\/v2\/product_tag?post=17133"},{"taxonomy":"maison_dedition","embeddable":true,"href":"https:\/\/goelette.ca\/en\/wp-json\/wp\/v2\/maison_dedition?post=17133"}],"curies":[{"name":"wp","href":"https:\/\/api.w.org\/{rel}","templated":true}]}}