{"id":17130,"date":"2017-03-21T01:00:00","date_gmt":"2021-10-04T20:36:43","guid":{"rendered":"https:\/\/www.goelette.ca\/produit\/le-shack\/"},"modified":"2022-02-18T16:19:47","modified_gmt":"2022-02-18T21:19:47","slug":"le-shack","status":"publish","type":"product","link":"https:\/\/goelette.ca\/en\/tous-les-livres\/le-shack\/","title":{"rendered":"Le shack"},"content":{"rendered":"<p><span style=\"font-size: 14px;\">Lorsque le p\u00e8re de Jasmine se r\u00e9sout enfin \u00e0 vendre le vieux chalet familial, sa m\u00e8re, Brigitte, profite de l&#8217;occasion pour y r\u00e9unir ses quatre enfants une derni\u00e8re fois. Bien que Jasmine appr\u00e9hende la rencontre avec Rosalie, alias la m\u00e8re Teresa de Terrebonne, et avec Nicolas, l&#8217;enfant prodigue, elle sait qu&#8217;elle peut compter sur Mathilde pour l&#8217;aider \u00e0 endosser son r\u00f4le de mouton noir. Un huis clos familial \u00e0 la fois comique et touchant, qui permettra \u00e0 chaque membre de la famille Richer de faire la paix avec son pass\u00e9.<\/span><\/p>\n","protected":false},"excerpt":{"rendered":"<p>Lorsque le p\u00e8re de Jasmine se r\u00e9sout enfin \u00e0 vendre le vieux chalet familial, sa m\u00e8re, Brigitte, profite de l&#8217;occasion pour y r\u00e9unir ses quatre enfants une derni\u00e8re fois. Bien que Jasmine appr\u00e9hende la rencontre avec Rosalie, alias la m\u00e8re Teresa de Terrebonne, et avec Nicolas, l&#8217;enfant prodigue, elle sait qu&#8217;elle peut compter sur Mathilde [&hellip;]<\/p>\n","protected":false},"featured_media":17128,"template":"","meta":{"wds_primary_product_brand":0,"wds_primary_product_cat":0,"wds_primary_maison_dedition":0},"product_brand":[],"product_cat":[664,542,585],"product_tag":[],"maison_dedition":[630],"class_list":{"0":"post-17130","1":"product","2":"type-product","3":"status-publish","4":"has-post-thumbnail","6":"product_cat-nouvelle","7":"product_cat-roman","8":"product_cat-romance","9":"pa_auteur-catherine-girard-audet","10":"maison_dedition-les-editions-goelette","12":"first","13":"instock","14":"taxable","15":"shipping-taxable","16":"purchasable","17":"product-type-variable"},"bundled_by":[],"bundle_stock_status":"instock","bundle_stock_quantity":null,"bundle_virtual":false,"bundle_layout":"","bundle_add_to_cart_form_location":"","bundle_editable_in_cart":false,"bundle_sold_individually_context":"","bundle_item_grouping":"","bundle_min_size":"","bundle_max_size":"","bundle_price":[],"bundled_items":[],"bundle_sell_ids":[],"acf":[],"_links":{"self":[{"href":"https:\/\/goelette.ca\/en\/wp-json\/wp\/v2\/product\/17130","targetHints":{"allow":["GET"]}}],"collection":[{"href":"https:\/\/goelette.ca\/en\/wp-json\/wp\/v2\/product"}],"about":[{"href":"https:\/\/goelette.ca\/en\/wp-json\/wp\/v2\/types\/product"}],"wp:featuredmedia":[{"embeddable":true,"href":"https:\/\/goelette.ca\/en\/wp-json\/wp\/v2\/media\/17128"}],"wp:attachment":[{"href":"https:\/\/goelette.ca\/en\/wp-json\/wp\/v2\/media?parent=17130"}],"wp:term":[{"taxonomy":"product_brand","embeddable":true,"href":"https:\/\/goelette.ca\/en\/wp-json\/wp\/v2\/product_brand?post=17130"},{"taxonomy":"product_cat","embeddable":true,"href":"https:\/\/goelette.ca\/en\/wp-json\/wp\/v2\/product_cat?post=17130"},{"taxonomy":"product_tag","embeddable":true,"href":"https:\/\/goelette.ca\/en\/wp-json\/wp\/v2\/product_tag?post=17130"},{"taxonomy":"maison_dedition","embeddable":true,"href":"https:\/\/goelette.ca\/en\/wp-json\/wp\/v2\/maison_dedition?post=17130"}],"curies":[{"name":"wp","href":"https:\/\/api.w.org\/{rel}","templated":true}]}}