{"id":17127,"date":"2017-03-21T01:00:00","date_gmt":"2021-10-04T20:36:41","guid":{"rendered":"https:\/\/www.goelette.ca\/produit\/cest-ca-qui-compte\/"},"modified":"2022-02-18T16:19:46","modified_gmt":"2022-02-18T21:19:46","slug":"cest-ca-qui-compte","status":"publish","type":"product","link":"https:\/\/goelette.ca\/en\/tous-les-livres\/cest-ca-qui-compte\/","title":{"rendered":"C&#8217;est \u00e7a qui compte"},"content":{"rendered":"<p><span style=\"font-size: 14px;\">Trois couples, amis depuis toujours, louent chaque \u00e9t\u00e9 le m\u00eame chalet dans le bois. Mais cette fois-ci, deux semaines avant le d\u00e9part, l&#8217;un des couples annonce sa rupture&#8230; envoyant une onde de choc dans le petit groupe tricot\u00e9 serr\u00e9. Un roman d&#8217;ici qui parle d&#8217;amiti\u00e9, de couple, de maternit\u00e9, de for\u00eat, de nature, de soleil et de l&#8217;eau fra\u00eeche d&#8217;un lac qu\u00e9b\u00e9cois, l&#8217;\u00e9t\u00e9.<\/span><\/p>\n","protected":false},"excerpt":{"rendered":"<p>Trois couples, amis depuis toujours, louent chaque \u00e9t\u00e9 le m\u00eame chalet dans le bois. Mais cette fois-ci, deux semaines avant le d\u00e9part, l&#8217;un des couples annonce sa rupture&#8230; envoyant une onde de choc dans le petit groupe tricot\u00e9 serr\u00e9. Un roman d&#8217;ici qui parle d&#8217;amiti\u00e9, de couple, de maternit\u00e9, de for\u00eat, de nature, de soleil [&hellip;]<\/p>\n","protected":false},"featured_media":17125,"template":"","meta":{"wds_primary_product_brand":0,"wds_primary_product_cat":0,"wds_primary_maison_dedition":0},"product_brand":[],"product_cat":[664,542,585],"product_tag":[],"maison_dedition":[630],"class_list":{"0":"post-17127","1":"product","2":"type-product","3":"status-publish","4":"has-post-thumbnail","6":"product_cat-nouvelle","7":"product_cat-roman","8":"product_cat-romance","9":"pa_auteur-nadia-lakhdari","10":"maison_dedition-les-editions-goelette","12":"first","13":"instock","14":"taxable","15":"shipping-taxable","16":"purchasable","17":"product-type-variable"},"bundled_by":[],"bundle_stock_status":"instock","bundle_stock_quantity":null,"bundle_virtual":false,"bundle_layout":"","bundle_add_to_cart_form_location":"","bundle_editable_in_cart":false,"bundle_sold_individually_context":"","bundle_item_grouping":"","bundle_min_size":"","bundle_max_size":"","bundle_price":[],"bundled_items":[],"bundle_sell_ids":[],"acf":[],"_links":{"self":[{"href":"https:\/\/goelette.ca\/en\/wp-json\/wp\/v2\/product\/17127","targetHints":{"allow":["GET"]}}],"collection":[{"href":"https:\/\/goelette.ca\/en\/wp-json\/wp\/v2\/product"}],"about":[{"href":"https:\/\/goelette.ca\/en\/wp-json\/wp\/v2\/types\/product"}],"wp:featuredmedia":[{"embeddable":true,"href":"https:\/\/goelette.ca\/en\/wp-json\/wp\/v2\/media\/17125"}],"wp:attachment":[{"href":"https:\/\/goelette.ca\/en\/wp-json\/wp\/v2\/media?parent=17127"}],"wp:term":[{"taxonomy":"product_brand","embeddable":true,"href":"https:\/\/goelette.ca\/en\/wp-json\/wp\/v2\/product_brand?post=17127"},{"taxonomy":"product_cat","embeddable":true,"href":"https:\/\/goelette.ca\/en\/wp-json\/wp\/v2\/product_cat?post=17127"},{"taxonomy":"product_tag","embeddable":true,"href":"https:\/\/goelette.ca\/en\/wp-json\/wp\/v2\/product_tag?post=17127"},{"taxonomy":"maison_dedition","embeddable":true,"href":"https:\/\/goelette.ca\/en\/wp-json\/wp\/v2\/maison_dedition?post=17127"}],"curies":[{"name":"wp","href":"https:\/\/api.w.org\/{rel}","templated":true}]}}