{"id":170628,"date":"2024-09-26T00:01:32","date_gmt":"2024-09-26T04:01:32","guid":{"rendered":"https:\/\/goelette.ca\/?post_type=product&#038;p=170628"},"modified":"2024-09-26T11:00:08","modified_gmt":"2024-09-26T15:00:08","slug":"le-tarot","status":"publish","type":"product","link":"https:\/\/goelette.ca\/en\/tous-les-livres\/le-tarot\/","title":{"rendered":"Le tarot"},"content":{"rendered":"<p>N\u2019avez-vous jamais cherch\u00e9 \u00e0 savoir ce que signifient les symboles et les images d\u2019un jeu de tarot ? Le pr\u00e9sent livre vous r\u00e9v\u00e8lera ces secrets. De la fa\u00e7on de lire un tirage aux significations de chacune des 78 cartes, en passant par les types de tirages possibles, ce guide est l\u2019outil indispensable. Que vous choisissiez de consulter les cartes pour vous-m\u00eame afin d\u2019\u00eatre guid\u00e9 dans votre vie ou pour \u00e9clairer les autres, vous apprendrez dans ce livre \u00e0 ma\u00eetriser ces deux approches en toute confiance.<\/p>\n<p>D\u00e9couvrez comment r\u00e9aliser un tirage relationnel, un tirage classique en croix celtique et un tirage astrologique plus moderne, tout en acqu\u00e9rant suffisamment de connaissances<br \/>\npour concevoir vos propres tirages. Faisant appel au jeu de tarot traditionnel de Marseille, ce livre vous accompagnera tout au long de votre aventure dans le monde du tarot.<\/p>\n","protected":false},"excerpt":{"rendered":"<p>N\u2019avez-vous jamais cherch\u00e9 \u00e0 savoir ce que signifient les symboles et les images d\u2019un jeu de tarot ? Le pr\u00e9sent livre vous r\u00e9v\u00e8lera ces secrets. De la fa\u00e7on de lire un tirage aux significations de chacune des 78 cartes, en passant par les types de tirages possibles, ce guide est l\u2019outil indispensable. Que vous choisissiez [&hellip;]<\/p>\n","protected":false},"featured_media":170630,"template":"","meta":{"wds_primary_product_brand":0,"wds_primary_product_cat":0,"wds_primary_maison_dedition":867},"product_brand":[],"product_cat":[581,649],"product_tag":[],"maison_dedition":[630],"class_list":{"0":"post-170628","1":"product","2":"type-product","3":"status-publish","4":"has-post-thumbnail","6":"product_cat-esoterisme","7":"product_cat-esoterisme-livres-de-jeux","8":"pa_auteur-collectif","9":"maison_dedition-les-editions-goelette","11":"first","12":"instock","13":"taxable","14":"shipping-taxable","15":"purchasable","16":"product-type-variable"},"bundled_by":[],"bundle_stock_status":"instock","bundle_stock_quantity":null,"bundle_virtual":false,"bundle_layout":"","bundle_add_to_cart_form_location":"","bundle_editable_in_cart":false,"bundle_sold_individually_context":"","bundle_item_grouping":"","bundle_min_size":"","bundle_max_size":"","bundle_price":[],"bundled_items":[],"bundle_sell_ids":[],"acf":[],"_links":{"self":[{"href":"https:\/\/goelette.ca\/en\/wp-json\/wp\/v2\/product\/170628","targetHints":{"allow":["GET"]}}],"collection":[{"href":"https:\/\/goelette.ca\/en\/wp-json\/wp\/v2\/product"}],"about":[{"href":"https:\/\/goelette.ca\/en\/wp-json\/wp\/v2\/types\/product"}],"wp:featuredmedia":[{"embeddable":true,"href":"https:\/\/goelette.ca\/en\/wp-json\/wp\/v2\/media\/170630"}],"wp:attachment":[{"href":"https:\/\/goelette.ca\/en\/wp-json\/wp\/v2\/media?parent=170628"}],"wp:term":[{"taxonomy":"product_brand","embeddable":true,"href":"https:\/\/goelette.ca\/en\/wp-json\/wp\/v2\/product_brand?post=170628"},{"taxonomy":"product_cat","embeddable":true,"href":"https:\/\/goelette.ca\/en\/wp-json\/wp\/v2\/product_cat?post=170628"},{"taxonomy":"product_tag","embeddable":true,"href":"https:\/\/goelette.ca\/en\/wp-json\/wp\/v2\/product_tag?post=170628"},{"taxonomy":"maison_dedition","embeddable":true,"href":"https:\/\/goelette.ca\/en\/wp-json\/wp\/v2\/maison_dedition?post=170628"}],"curies":[{"name":"wp","href":"https:\/\/api.w.org\/{rel}","templated":true}]}}