{"id":170621,"date":"2024-09-26T00:01:12","date_gmt":"2024-09-26T04:01:12","guid":{"rendered":"https:\/\/goelette.ca\/?post_type=product&#038;p=170621"},"modified":"2024-09-13T16:17:04","modified_gmt":"2024-09-13T20:17:04","slug":"le-tarot-astrologique","status":"publish","type":"product","link":"https:\/\/goelette.ca\/en\/tous-les-livres\/le-tarot-astrologique\/","title":{"rendered":"Le tarot astrologique"},"content":{"rendered":"<p>Ce jeu unique combine l\u2019astrologie et le tarot, afin de vous accompagner dans votre voyage \u00e0 travers la vie. Dans ce guide, vous apprendrez \u00e0 utiliser les cartes dans les tirages et \u00e0<br \/>\ninterpr\u00e9ter leur signification par rapport \u00e0 vos questions. En combinant le zodiaque avec les 78 cartes du tarot, vous obtiendrez un aper\u00e7u de votre personnalit\u00e9, de vos choix de vie et des le\u00e7ons que vous devez apprendre.<\/p>\n<p>Prenez plaisir \u00e0 d\u00e9couvrir ce que ces cartes c\u00e9lestes vous r\u00e9v\u00e8lent.<\/p>\n","protected":false},"excerpt":{"rendered":"<p>Ce jeu unique combine l\u2019astrologie et le tarot, afin de vous accompagner dans votre voyage \u00e0 travers la vie. Dans ce guide, vous apprendrez \u00e0 utiliser les cartes dans les tirages et \u00e0 interpr\u00e9ter leur signification par rapport \u00e0 vos questions. En combinant le zodiaque avec les 78 cartes du tarot, vous obtiendrez un aper\u00e7u [&hellip;]<\/p>\n","protected":false},"featured_media":170626,"template":"","meta":{"wds_primary_product_brand":0,"wds_primary_product_cat":0,"wds_primary_maison_dedition":867},"product_brand":[],"product_cat":[581,649],"product_tag":[],"maison_dedition":[630],"class_list":{"0":"post-170621","1":"product","2":"type-product","3":"status-publish","4":"has-post-thumbnail","6":"product_cat-esoterisme","7":"product_cat-esoterisme-livres-de-jeux","8":"pa_auteur-collectif","9":"maison_dedition-les-editions-goelette","11":"first","12":"instock","13":"taxable","14":"shipping-taxable","15":"purchasable","16":"product-type-variable"},"bundled_by":[],"bundle_stock_status":"instock","bundle_stock_quantity":null,"bundle_virtual":false,"bundle_layout":"","bundle_add_to_cart_form_location":"","bundle_editable_in_cart":false,"bundle_sold_individually_context":"","bundle_item_grouping":"","bundle_min_size":"","bundle_max_size":"","bundle_price":[],"bundled_items":[],"bundle_sell_ids":[],"acf":[],"_links":{"self":[{"href":"https:\/\/goelette.ca\/en\/wp-json\/wp\/v2\/product\/170621","targetHints":{"allow":["GET"]}}],"collection":[{"href":"https:\/\/goelette.ca\/en\/wp-json\/wp\/v2\/product"}],"about":[{"href":"https:\/\/goelette.ca\/en\/wp-json\/wp\/v2\/types\/product"}],"wp:featuredmedia":[{"embeddable":true,"href":"https:\/\/goelette.ca\/en\/wp-json\/wp\/v2\/media\/170626"}],"wp:attachment":[{"href":"https:\/\/goelette.ca\/en\/wp-json\/wp\/v2\/media?parent=170621"}],"wp:term":[{"taxonomy":"product_brand","embeddable":true,"href":"https:\/\/goelette.ca\/en\/wp-json\/wp\/v2\/product_brand?post=170621"},{"taxonomy":"product_cat","embeddable":true,"href":"https:\/\/goelette.ca\/en\/wp-json\/wp\/v2\/product_cat?post=170621"},{"taxonomy":"product_tag","embeddable":true,"href":"https:\/\/goelette.ca\/en\/wp-json\/wp\/v2\/product_tag?post=170621"},{"taxonomy":"maison_dedition","embeddable":true,"href":"https:\/\/goelette.ca\/en\/wp-json\/wp\/v2\/maison_dedition?post=170621"}],"curies":[{"name":"wp","href":"https:\/\/api.w.org\/{rel}","templated":true}]}}