{"id":170602,"date":"2024-09-26T00:01:58","date_gmt":"2024-09-26T04:01:58","guid":{"rendered":"https:\/\/goelette.ca\/?post_type=product&#038;p=170602"},"modified":"2024-09-13T15:27:03","modified_gmt":"2024-09-13T19:27:03","slug":"jeux-luxueux-jeux-varies-2","status":"publish","type":"product","link":"https:\/\/goelette.ca\/en\/tous-les-livres\/jeux-luxueux-jeux-varies-2\/","title":{"rendered":"Jeux luxueux &#8211; Jeux vari\u00e9s"},"content":{"rendered":"<p style=\"text-align: left;\">Creusez vos m\u00e9ninges et amusez-vous avec cette s\u00e9lection de jeux vari\u00e9s !<br \/>\nLes amateurs de jeux de lettres et de logique seront ravis par cette collection qui propose leurs divertissements favoris dans une \u00e9dition de luxe.<\/p>\n","protected":false},"excerpt":{"rendered":"<p>Creusez vos m\u00e9ninges et amusez-vous avec cette s\u00e9lection de jeux vari\u00e9s ! Les amateurs de jeux de lettres et de logique seront ravis par cette collection qui propose leurs divertissements favoris dans une \u00e9dition de luxe.<\/p>\n","protected":false},"featured_media":170606,"template":"","meta":{"wds_primary_product_brand":0,"wds_primary_product_cat":0,"wds_primary_maison_dedition":0},"product_brand":[],"product_cat":[567,587,566],"product_tag":[],"maison_dedition":[630],"class_list":{"0":"post-170602","1":"product","2":"type-product","3":"status-publish","4":"has-post-thumbnail","6":"product_cat-adulte","7":"product_cat-jeux-melanges","8":"product_cat-livres-de-jeux","9":"pa_auteur-collectif","10":"maison_dedition-les-editions-goelette","12":"first","13":"instock","14":"taxable","15":"shipping-taxable","16":"purchasable","17":"product-type-variable"},"bundled_by":[],"bundle_stock_status":"instock","bundle_stock_quantity":null,"bundle_virtual":false,"bundle_layout":"","bundle_add_to_cart_form_location":"","bundle_editable_in_cart":false,"bundle_sold_individually_context":"","bundle_item_grouping":"","bundle_min_size":"","bundle_max_size":"","bundle_price":[],"bundled_items":[],"bundle_sell_ids":[],"acf":[],"_links":{"self":[{"href":"https:\/\/goelette.ca\/en\/wp-json\/wp\/v2\/product\/170602","targetHints":{"allow":["GET"]}}],"collection":[{"href":"https:\/\/goelette.ca\/en\/wp-json\/wp\/v2\/product"}],"about":[{"href":"https:\/\/goelette.ca\/en\/wp-json\/wp\/v2\/types\/product"}],"wp:featuredmedia":[{"embeddable":true,"href":"https:\/\/goelette.ca\/en\/wp-json\/wp\/v2\/media\/170606"}],"wp:attachment":[{"href":"https:\/\/goelette.ca\/en\/wp-json\/wp\/v2\/media?parent=170602"}],"wp:term":[{"taxonomy":"product_brand","embeddable":true,"href":"https:\/\/goelette.ca\/en\/wp-json\/wp\/v2\/product_brand?post=170602"},{"taxonomy":"product_cat","embeddable":true,"href":"https:\/\/goelette.ca\/en\/wp-json\/wp\/v2\/product_cat?post=170602"},{"taxonomy":"product_tag","embeddable":true,"href":"https:\/\/goelette.ca\/en\/wp-json\/wp\/v2\/product_tag?post=170602"},{"taxonomy":"maison_dedition","embeddable":true,"href":"https:\/\/goelette.ca\/en\/wp-json\/wp\/v2\/maison_dedition?post=170602"}],"curies":[{"name":"wp","href":"https:\/\/api.w.org\/{rel}","templated":true}]}}