{"id":170586,"date":"2024-09-13T15:30:03","date_gmt":"2024-09-13T19:30:03","guid":{"rendered":"https:\/\/goelette.ca\/?post_type=product&#038;p=170586"},"modified":"2024-09-26T10:55:07","modified_gmt":"2024-09-26T14:55:07","slug":"le-guide-de-la-parfaite-sorciere-tarot","status":"publish","type":"product","link":"https:\/\/goelette.ca\/en\/tous-les-livres\/le-guide-de-la-parfaite-sorciere-tarot\/","title":{"rendered":"Le guide de la parfaite sorci\u00e8re &#8211; Tarot"},"content":{"rendered":"<p>D\u00e9couvre tes pouvoirs cach\u00e9s !<\/p>\n<p>\u00c9tudie les merveilles du tarot et d\u00e9veloppe ton intuition avec ce guide inestimable de cette pratique intemporelle. Avec des tirages de base et des explications d\u00e9taill\u00e9es des cartes, ce livre fournit tout ce dont tu as besoin pour commencer ton voyage de tarot. Apprends \u00e0 \u00e9couter les messages de l\u2019Univers, puis mets-toi \u00e0 l\u2019\u00e9coute de toi et des autres gr\u00e2ce \u00e0 ce livre magique !<\/p>\n","protected":false},"excerpt":{"rendered":"<p>D\u00e9couvre tes pouvoirs cach\u00e9s ! \u00c9tudie les merveilles du tarot et d\u00e9veloppe ton intuition avec ce guide inestimable de cette pratique intemporelle. Avec des tirages de base et des explications d\u00e9taill\u00e9es des cartes, ce livre fournit tout ce dont tu as besoin pour commencer ton voyage de tarot. Apprends \u00e0 \u00e9couter les messages de l\u2019Univers, [&hellip;]<\/p>\n","protected":false},"featured_media":170588,"template":"","meta":{"wds_primary_product_brand":0,"wds_primary_product_cat":0,"wds_primary_maison_dedition":867},"product_brand":[],"product_cat":[578,649,581,625,604,538,866],"product_tag":[],"maison_dedition":[867,630],"class_list":{"0":"post-170586","1":"product","2":"type-product","3":"status-publish","4":"has-post-thumbnail","6":"product_cat-albums-illustres","7":"product_cat-esoterisme-livres-de-jeux","8":"product_cat-esoterisme","9":"product_cat-halloween","10":"product_cat-jeunesse-livres-en-anglais","11":"product_cat-jeunesse","12":"product_cat-sorcellerie","13":"pa_auteur-claire-philip","14":"pa_illustrateur-luna-valentine","15":"maison_dedition-le-guide-de-la-parfaite-sorciere","16":"maison_dedition-les-editions-goelette","18":"first","19":"instock","20":"taxable","21":"shipping-taxable","22":"purchasable","23":"product-type-variable"},"bundled_by":[],"bundle_stock_status":"instock","bundle_stock_quantity":null,"bundle_virtual":false,"bundle_layout":"","bundle_add_to_cart_form_location":"","bundle_editable_in_cart":false,"bundle_sold_individually_context":"","bundle_item_grouping":"","bundle_min_size":"","bundle_max_size":"","bundle_price":[],"bundled_items":[],"bundle_sell_ids":[],"acf":[],"_links":{"self":[{"href":"https:\/\/goelette.ca\/en\/wp-json\/wp\/v2\/product\/170586","targetHints":{"allow":["GET"]}}],"collection":[{"href":"https:\/\/goelette.ca\/en\/wp-json\/wp\/v2\/product"}],"about":[{"href":"https:\/\/goelette.ca\/en\/wp-json\/wp\/v2\/types\/product"}],"wp:featuredmedia":[{"embeddable":true,"href":"https:\/\/goelette.ca\/en\/wp-json\/wp\/v2\/media\/170588"}],"wp:attachment":[{"href":"https:\/\/goelette.ca\/en\/wp-json\/wp\/v2\/media?parent=170586"}],"wp:term":[{"taxonomy":"product_brand","embeddable":true,"href":"https:\/\/goelette.ca\/en\/wp-json\/wp\/v2\/product_brand?post=170586"},{"taxonomy":"product_cat","embeddable":true,"href":"https:\/\/goelette.ca\/en\/wp-json\/wp\/v2\/product_cat?post=170586"},{"taxonomy":"product_tag","embeddable":true,"href":"https:\/\/goelette.ca\/en\/wp-json\/wp\/v2\/product_tag?post=170586"},{"taxonomy":"maison_dedition","embeddable":true,"href":"https:\/\/goelette.ca\/en\/wp-json\/wp\/v2\/maison_dedition?post=170586"}],"curies":[{"name":"wp","href":"https:\/\/api.w.org\/{rel}","templated":true}]}}