{"id":170572,"date":"2024-09-13T15:30:39","date_gmt":"2024-09-13T19:30:39","guid":{"rendered":"https:\/\/goelette.ca\/?post_type=product&#038;p=170572"},"modified":"2024-09-26T10:52:04","modified_gmt":"2024-09-26T14:52:04","slug":"le-guide-de-la-parfaite-sorciere-manifestation","status":"publish","type":"product","link":"https:\/\/goelette.ca\/en\/tous-les-livres\/le-guide-de-la-parfaite-sorciere-manifestation\/","title":{"rendered":"Le guide de la parfaite sorci\u00e8re &#8211; Manifestation"},"content":{"rendered":"<p>D\u00e9couvre tes pouvoirs cach\u00e9s !<\/p>\n<p>Prends conscience des merveilles de la manifestation et apprends \u00e0 fa\u00e7onner ton monde avec ce guide inestimable. Tu y trouveras des explications d\u00e9taill\u00e9es sur la m\u00e9ditation et la pleine conscience, ainsi que de nombreux sorts qui t\u2019aideront \u00e0 obtenir ce que tu veux dans diff\u00e9rents domaines de ta vie. Il contient tout ce qu\u2019il te faut pour commencer ton voyage vers la manifestation. Vis dans le moment pr\u00e9sent, \u00e9l\u00e8ve ta vibration et trouve le succ\u00e8s avec ce livre magique !<\/p>\n","protected":false},"excerpt":{"rendered":"<p>D\u00e9couvre tes pouvoirs cach\u00e9s ! Prends conscience des merveilles de la manifestation et apprends \u00e0 fa\u00e7onner ton monde avec ce guide inestimable. Tu y trouveras des explications d\u00e9taill\u00e9es sur la m\u00e9ditation et la pleine conscience, ainsi que de nombreux sorts qui t\u2019aideront \u00e0 obtenir ce que tu veux dans diff\u00e9rents domaines de ta vie. Il [&hellip;]<\/p>\n","protected":false},"featured_media":170574,"template":"","meta":{"wds_primary_product_brand":0,"wds_primary_product_cat":0,"wds_primary_maison_dedition":867},"product_brand":[],"product_cat":[578,581,649,625,604,538,866],"product_tag":[],"maison_dedition":[867,630],"class_list":{"0":"post-170572","1":"product","2":"type-product","3":"status-publish","4":"has-post-thumbnail","6":"product_cat-albums-illustres","7":"product_cat-esoterisme","8":"product_cat-esoterisme-livres-de-jeux","9":"product_cat-halloween","10":"product_cat-jeunesse-livres-en-anglais","11":"product_cat-jeunesse","12":"product_cat-sorcellerie","13":"pa_auteur-claire-philip","14":"pa_illustrateur-luna-valentine","15":"maison_dedition-le-guide-de-la-parfaite-sorciere","16":"maison_dedition-les-editions-goelette","18":"first","19":"instock","20":"taxable","21":"shipping-taxable","22":"purchasable","23":"product-type-variable"},"bundled_by":[],"bundle_stock_status":"instock","bundle_stock_quantity":null,"bundle_virtual":false,"bundle_layout":"","bundle_add_to_cart_form_location":"","bundle_editable_in_cart":false,"bundle_sold_individually_context":"","bundle_item_grouping":"","bundle_min_size":"","bundle_max_size":"","bundle_price":[],"bundled_items":[],"bundle_sell_ids":[],"acf":[],"_links":{"self":[{"href":"https:\/\/goelette.ca\/en\/wp-json\/wp\/v2\/product\/170572","targetHints":{"allow":["GET"]}}],"collection":[{"href":"https:\/\/goelette.ca\/en\/wp-json\/wp\/v2\/product"}],"about":[{"href":"https:\/\/goelette.ca\/en\/wp-json\/wp\/v2\/types\/product"}],"wp:featuredmedia":[{"embeddable":true,"href":"https:\/\/goelette.ca\/en\/wp-json\/wp\/v2\/media\/170574"}],"wp:attachment":[{"href":"https:\/\/goelette.ca\/en\/wp-json\/wp\/v2\/media?parent=170572"}],"wp:term":[{"taxonomy":"product_brand","embeddable":true,"href":"https:\/\/goelette.ca\/en\/wp-json\/wp\/v2\/product_brand?post=170572"},{"taxonomy":"product_cat","embeddable":true,"href":"https:\/\/goelette.ca\/en\/wp-json\/wp\/v2\/product_cat?post=170572"},{"taxonomy":"product_tag","embeddable":true,"href":"https:\/\/goelette.ca\/en\/wp-json\/wp\/v2\/product_tag?post=170572"},{"taxonomy":"maison_dedition","embeddable":true,"href":"https:\/\/goelette.ca\/en\/wp-json\/wp\/v2\/maison_dedition?post=170572"}],"curies":[{"name":"wp","href":"https:\/\/api.w.org\/{rel}","templated":true}]}}