{"id":170551,"date":"2024-09-21T09:00:20","date_gmt":"2024-09-21T13:00:20","guid":{"rendered":"https:\/\/goelette.ca\/?post_type=product&#038;p=170551"},"modified":"2025-08-19T08:19:01","modified_gmt":"2025-08-19T12:19:01","slug":"le-cafe-on-en-mange","status":"publish","type":"product","link":"https:\/\/goelette.ca\/en\/tous-les-livres\/le-cafe-on-en-mange\/","title":{"rendered":"Le caf\u00e9&#8230; On en mange !"},"content":{"rendered":"<p>Le caf\u00e9 accompagne le quotidien de millions de gens depuis des lunes. Bien plus qu\u2019une boisson pris\u00e9e, il peut aussi \u00eatre mang\u00e9 du d\u00e9jeuner au dessert.<\/p>\n<p>Le caf\u00e9 \u2026 On en mange ! d\u00e9voile toutes les facettes de cet incontournable caf\u00e9in\u00e9 en proposant une foule de recettes accessibles, originales et savoureuses. Gruaux, smoothies, potages, p\u00e2tes, sandwiches, salades, biscuits et cocktails feront notamment le bonheur de vos papilles !<\/p>\n<p>Les experts torr\u00e9facteurs tracent \u00e9galement le parcours du caf\u00e9, du grain \u00e0 la tasse, avant qu\u2019il ne soit d\u00e9gust\u00e9 dans toutes ses nuances.<\/p>\n","protected":false},"excerpt":{"rendered":"<p>Le caf\u00e9 accompagne le quotidien de millions de gens depuis des lunes. Bien plus qu\u2019une boisson pris\u00e9e, il peut aussi \u00eatre mang\u00e9 du d\u00e9jeuner au dessert. Le caf\u00e9 \u2026 On en mange ! d\u00e9voile toutes les facettes de cet incontournable caf\u00e9in\u00e9 en proposant une foule de recettes accessibles, originales et savoureuses. Gruaux, smoothies, potages, p\u00e2tes, [&hellip;]<\/p>\n","protected":false},"featured_media":170557,"template":"","meta":{"wds_primary_product_brand":0,"wds_primary_product_cat":0,"wds_primary_maison_dedition":0},"product_brand":[],"product_cat":[550],"product_tag":[],"maison_dedition":[630],"class_list":{"0":"post-170551","1":"product","2":"type-product","3":"status-publish","4":"has-post-thumbnail","6":"product_cat-livres-de-cuisine","7":"pa_auteur-lise-auclair","8":"maison_dedition-les-editions-goelette","10":"first","11":"instock","12":"taxable","13":"shipping-taxable","14":"purchasable","15":"product-type-variable"},"bundled_by":[],"bundle_stock_status":"instock","bundle_stock_quantity":null,"bundle_virtual":false,"bundle_layout":"","bundle_add_to_cart_form_location":"","bundle_editable_in_cart":false,"bundle_sold_individually_context":"","bundle_item_grouping":"","bundle_min_size":"","bundle_max_size":"","bundle_price":[],"bundled_items":[],"bundle_sell_ids":[],"acf":[],"_links":{"self":[{"href":"https:\/\/goelette.ca\/en\/wp-json\/wp\/v2\/product\/170551","targetHints":{"allow":["GET"]}}],"collection":[{"href":"https:\/\/goelette.ca\/en\/wp-json\/wp\/v2\/product"}],"about":[{"href":"https:\/\/goelette.ca\/en\/wp-json\/wp\/v2\/types\/product"}],"wp:featuredmedia":[{"embeddable":true,"href":"https:\/\/goelette.ca\/en\/wp-json\/wp\/v2\/media\/170557"}],"wp:attachment":[{"href":"https:\/\/goelette.ca\/en\/wp-json\/wp\/v2\/media?parent=170551"}],"wp:term":[{"taxonomy":"product_brand","embeddable":true,"href":"https:\/\/goelette.ca\/en\/wp-json\/wp\/v2\/product_brand?post=170551"},{"taxonomy":"product_cat","embeddable":true,"href":"https:\/\/goelette.ca\/en\/wp-json\/wp\/v2\/product_cat?post=170551"},{"taxonomy":"product_tag","embeddable":true,"href":"https:\/\/goelette.ca\/en\/wp-json\/wp\/v2\/product_tag?post=170551"},{"taxonomy":"maison_dedition","embeddable":true,"href":"https:\/\/goelette.ca\/en\/wp-json\/wp\/v2\/maison_dedition?post=170551"}],"curies":[{"name":"wp","href":"https:\/\/api.w.org\/{rel}","templated":true}]}}