{"id":170531,"date":"2024-09-13T15:30:15","date_gmt":"2024-09-13T19:30:15","guid":{"rendered":"https:\/\/goelette.ca\/?post_type=product&#038;p=170531"},"modified":"2025-02-14T08:58:05","modified_gmt":"2025-02-14T13:58:05","slug":"le-guide-de-la-parfaite-sorciere-divination","status":"publish","type":"product","link":"https:\/\/goelette.ca\/en\/tous-les-livres\/le-guide-de-la-parfaite-sorciere-divination\/","title":{"rendered":"Le guide de la parfaite sorci\u00e8re &#8211; Divination"},"content":{"rendered":"<p>D\u00e9couvre tes pouvoirs cach\u00e9s !<\/p>\n<p>Explore les merveilles de la divination et d\u00e9veloppe tes talents de voyance gr\u00e2ce \u00e0 ce guide inestimable. Avec des explications d\u00e9taill\u00e9es sur le Yi Jing, la num\u00e9rologie, les runes, l\u2019interpr\u00e9tation des r\u00eaves et bien plus encore, ce guide contient tout ce dont tu as besoin pour commencer ton voyage dans le monde de la divination. Apprends \u00e0 \u00e9couter les messages de l\u2019Univers et \u00e0 te connecter avec toi-m\u00eame et avec les autres gr\u00e2ce \u00e0 ce livre magique !<\/p>\n","protected":false},"excerpt":{"rendered":"<p>D\u00e9couvre tes pouvoirs cach\u00e9s ! Explore les merveilles de la divination et d\u00e9veloppe tes talents de voyance gr\u00e2ce \u00e0 ce guide inestimable. Avec des explications d\u00e9taill\u00e9es sur le Yi Jing, la num\u00e9rologie, les runes, l\u2019interpr\u00e9tation des r\u00eaves et bien plus encore, ce guide contient tout ce dont tu as besoin pour commencer ton voyage dans [&hellip;]<\/p>\n","protected":false},"featured_media":215965,"template":"","meta":{"wds_primary_product_brand":0,"wds_primary_product_cat":0,"wds_primary_maison_dedition":867},"product_brand":[],"product_cat":[578,649,581,625,604,538,866],"product_tag":[],"maison_dedition":[867,630],"class_list":{"0":"post-170531","1":"product","2":"type-product","3":"status-publish","4":"has-post-thumbnail","6":"product_cat-albums-illustres","7":"product_cat-esoterisme-livres-de-jeux","8":"product_cat-esoterisme","9":"product_cat-halloween","10":"product_cat-jeunesse-livres-en-anglais","11":"product_cat-jeunesse","12":"product_cat-sorcellerie","13":"pa_auteur-claire-philip","14":"pa_illustrateur-luna-valentine","15":"maison_dedition-le-guide-de-la-parfaite-sorciere","16":"maison_dedition-les-editions-goelette","18":"first","19":"instock","20":"taxable","21":"shipping-taxable","22":"purchasable","23":"product-type-variable"},"bundled_by":[],"bundle_stock_status":"instock","bundle_stock_quantity":null,"bundle_virtual":false,"bundle_layout":"","bundle_add_to_cart_form_location":"","bundle_editable_in_cart":false,"bundle_sold_individually_context":"","bundle_item_grouping":"","bundle_min_size":"","bundle_max_size":"","bundle_price":[],"bundled_items":[],"bundle_sell_ids":[],"acf":[],"_links":{"self":[{"href":"https:\/\/goelette.ca\/en\/wp-json\/wp\/v2\/product\/170531","targetHints":{"allow":["GET"]}}],"collection":[{"href":"https:\/\/goelette.ca\/en\/wp-json\/wp\/v2\/product"}],"about":[{"href":"https:\/\/goelette.ca\/en\/wp-json\/wp\/v2\/types\/product"}],"wp:featuredmedia":[{"embeddable":true,"href":"https:\/\/goelette.ca\/en\/wp-json\/wp\/v2\/media\/215965"}],"wp:attachment":[{"href":"https:\/\/goelette.ca\/en\/wp-json\/wp\/v2\/media?parent=170531"}],"wp:term":[{"taxonomy":"product_brand","embeddable":true,"href":"https:\/\/goelette.ca\/en\/wp-json\/wp\/v2\/product_brand?post=170531"},{"taxonomy":"product_cat","embeddable":true,"href":"https:\/\/goelette.ca\/en\/wp-json\/wp\/v2\/product_cat?post=170531"},{"taxonomy":"product_tag","embeddable":true,"href":"https:\/\/goelette.ca\/en\/wp-json\/wp\/v2\/product_tag?post=170531"},{"taxonomy":"maison_dedition","embeddable":true,"href":"https:\/\/goelette.ca\/en\/wp-json\/wp\/v2\/maison_dedition?post=170531"}],"curies":[{"name":"wp","href":"https:\/\/api.w.org\/{rel}","templated":true}]}}