{"id":170499,"date":"2024-09-26T00:01:31","date_gmt":"2024-09-26T04:01:31","guid":{"rendered":"https:\/\/goelette.ca\/?post_type=product&#038;p=170499"},"modified":"2025-08-18T14:27:09","modified_gmt":"2025-08-18T18:27:09","slug":"lautre-cote-du-mur","status":"publish","type":"product","link":"https:\/\/goelette.ca\/en\/tous-les-livres\/lautre-cote-du-mur\/","title":{"rendered":"L&#8217;autre c\u00f4t\u00e9 du mur"},"content":{"rendered":"<p>Le milieu carc\u00e9ral et ses codes fascinent autant qu\u2019ils ne rebutent. Mais que s\u2019y passe-t-il vraiment ? Comment devient-on agente correctionnelle ? Est-il risqu\u00e9 d\u2019y travailler quand on est une femme ? Toutes ces questions et d\u2019autres encore, ce r\u00e9cit autobiographique captivant les aborde de front et ne fait pas myst\u00e8re des difficult\u00e9s inh\u00e9rentes au travail men\u00e9 avec les d\u00e9tenus.<\/p>\n<p>Le lecteur est ainsi invit\u00e9 \u00e0 plonger dans un milieu certes difficile, mais o\u00f9 la r\u00e9habilitation, nous dit l\u2019autrice, demeure toujours une lueur d\u2019espoir. Quant aux premi\u00e8res femmes qui ont commenc\u00e9 \u00e0 l\u2019int\u00e9grer dans les ann\u00e9es 1980, c\u2019est peu dire qu\u2019elles ont d\u00fb faire leur place et composer avec une culture qui, \u00e0 leurs d\u00e9buts, ne reconnaissait pas leurs aptitudes. En cela, on peut dire, comme bien d\u2019autres femmes, qu\u2019elles auront \u00e9t\u00e9 de v\u00e9ritables pionni\u00e8res.<\/p>\n","protected":false},"excerpt":{"rendered":"<p>Le milieu carc\u00e9ral et ses codes fascinent autant qu\u2019ils ne rebutent. Mais que s\u2019y passe-t-il vraiment ? Comment devient-on agente correctionnelle ? Est-il risqu\u00e9 d\u2019y travailler quand on est une femme ? Toutes ces questions et d\u2019autres encore, ce r\u00e9cit autobiographique captivant les aborde de front et ne fait pas myst\u00e8re des difficult\u00e9s inh\u00e9rentes au [&hellip;]<\/p>\n","protected":false},"featured_media":170505,"template":"","meta":{"wds_primary_product_brand":0,"wds_primary_product_cat":0,"wds_primary_maison_dedition":0},"product_brand":[],"product_cat":[868,542],"product_tag":[],"maison_dedition":[630],"class_list":{"0":"post-170499","1":"product","2":"type-product","3":"status-publish","4":"has-post-thumbnail","6":"product_cat-recit","7":"product_cat-roman","8":"pa_auteur-lise-viola","9":"maison_dedition-les-editions-goelette","11":"first","12":"instock","13":"taxable","14":"shipping-taxable","15":"purchasable","16":"product-type-variable"},"bundled_by":[],"bundle_stock_status":"instock","bundle_stock_quantity":null,"bundle_virtual":false,"bundle_layout":"","bundle_add_to_cart_form_location":"","bundle_editable_in_cart":false,"bundle_sold_individually_context":"","bundle_item_grouping":"","bundle_min_size":"","bundle_max_size":"","bundle_price":[],"bundled_items":[],"bundle_sell_ids":[],"acf":[],"_links":{"self":[{"href":"https:\/\/goelette.ca\/en\/wp-json\/wp\/v2\/product\/170499","targetHints":{"allow":["GET"]}}],"collection":[{"href":"https:\/\/goelette.ca\/en\/wp-json\/wp\/v2\/product"}],"about":[{"href":"https:\/\/goelette.ca\/en\/wp-json\/wp\/v2\/types\/product"}],"wp:featuredmedia":[{"embeddable":true,"href":"https:\/\/goelette.ca\/en\/wp-json\/wp\/v2\/media\/170505"}],"wp:attachment":[{"href":"https:\/\/goelette.ca\/en\/wp-json\/wp\/v2\/media?parent=170499"}],"wp:term":[{"taxonomy":"product_brand","embeddable":true,"href":"https:\/\/goelette.ca\/en\/wp-json\/wp\/v2\/product_brand?post=170499"},{"taxonomy":"product_cat","embeddable":true,"href":"https:\/\/goelette.ca\/en\/wp-json\/wp\/v2\/product_cat?post=170499"},{"taxonomy":"product_tag","embeddable":true,"href":"https:\/\/goelette.ca\/en\/wp-json\/wp\/v2\/product_tag?post=170499"},{"taxonomy":"maison_dedition","embeddable":true,"href":"https:\/\/goelette.ca\/en\/wp-json\/wp\/v2\/maison_dedition?post=170499"}],"curies":[{"name":"wp","href":"https:\/\/api.w.org\/{rel}","templated":true}]}}