{"id":170491,"date":"2024-09-26T00:01:17","date_gmt":"2024-09-26T04:01:17","guid":{"rendered":"https:\/\/goelette.ca\/?post_type=product&#038;p=170491"},"modified":"2025-01-27T14:26:37","modified_gmt":"2025-01-27T19:26:37","slug":"la-citrouille-farceuse","status":"publish","type":"product","link":"https:\/\/goelette.ca\/en\/tous-les-livres\/la-citrouille-farceuse\/","title":{"rendered":"La citrouille farceuse"},"content":{"rendered":"<p>Chaque ann\u00e9e, \u00e0 l\u2019Halloween, les cr\u00e9atures les plus effrayantes du monde mal\u00e9fique se r\u00e9unissaient pour jouer de mauvais tours. Mais cette fois, la citrouille eut une id\u00e9e pour que les choses se d\u00e9roulent autrement&#8230;<\/p>\n","protected":false},"excerpt":{"rendered":"<p>Chaque ann\u00e9e, \u00e0 l\u2019Halloween, les cr\u00e9atures les plus effrayantes du monde mal\u00e9fique se r\u00e9unissaient pour jouer de mauvais tours. Mais cette fois, la citrouille eut une id\u00e9e pour que les choses se d\u00e9roulent autrement&#8230;<\/p>\n","protected":false},"featured_media":172380,"template":"","meta":{"wds_primary_product_brand":0,"wds_primary_product_cat":0,"wds_primary_maison_dedition":0},"product_brand":[],"product_cat":[560,625,538,667],"product_tag":[],"maison_dedition":[630],"class_list":{"0":"post-170491","1":"product","2":"type-product","3":"status-publish","4":"has-post-thumbnail","6":"product_cat-3-5-ans","7":"product_cat-halloween","8":"product_cat-jeunesse","9":"product_cat-livres-tout-carton","10":"pa_auteur-collectif","11":"maison_dedition-les-editions-goelette","13":"first","14":"instock","15":"taxable","16":"shipping-taxable","17":"purchasable","18":"product-type-variable"},"bundled_by":[],"bundle_stock_status":"instock","bundle_stock_quantity":null,"bundle_virtual":false,"bundle_layout":"","bundle_add_to_cart_form_location":"","bundle_editable_in_cart":false,"bundle_sold_individually_context":"","bundle_item_grouping":"","bundle_min_size":"","bundle_max_size":"","bundle_price":[],"bundled_items":[],"bundle_sell_ids":[],"acf":[],"_links":{"self":[{"href":"https:\/\/goelette.ca\/en\/wp-json\/wp\/v2\/product\/170491","targetHints":{"allow":["GET"]}}],"collection":[{"href":"https:\/\/goelette.ca\/en\/wp-json\/wp\/v2\/product"}],"about":[{"href":"https:\/\/goelette.ca\/en\/wp-json\/wp\/v2\/types\/product"}],"wp:featuredmedia":[{"embeddable":true,"href":"https:\/\/goelette.ca\/en\/wp-json\/wp\/v2\/media\/172380"}],"wp:attachment":[{"href":"https:\/\/goelette.ca\/en\/wp-json\/wp\/v2\/media?parent=170491"}],"wp:term":[{"taxonomy":"product_brand","embeddable":true,"href":"https:\/\/goelette.ca\/en\/wp-json\/wp\/v2\/product_brand?post=170491"},{"taxonomy":"product_cat","embeddable":true,"href":"https:\/\/goelette.ca\/en\/wp-json\/wp\/v2\/product_cat?post=170491"},{"taxonomy":"product_tag","embeddable":true,"href":"https:\/\/goelette.ca\/en\/wp-json\/wp\/v2\/product_tag?post=170491"},{"taxonomy":"maison_dedition","embeddable":true,"href":"https:\/\/goelette.ca\/en\/wp-json\/wp\/v2\/maison_dedition?post=170491"}],"curies":[{"name":"wp","href":"https:\/\/api.w.org\/{rel}","templated":true}]}}