{"id":170254,"date":"2024-09-12T00:01:43","date_gmt":"2024-09-12T04:01:43","guid":{"rendered":"https:\/\/goelette.ca\/?post_type=product&#038;p=170254"},"modified":"2024-09-11T15:44:06","modified_gmt":"2024-09-11T19:44:06","slug":"touche-a-tout-les-couleurs","status":"publish","type":"product","link":"https:\/\/goelette.ca\/en\/tous-les-livres\/touche-a-tout-les-couleurs\/","title":{"rendered":"Touche \u00e0 tout ! &#8211; Les couleurs"},"content":{"rendered":"<p>Le monde qui nous entoure est plein de couleurs. Accompagne Lapineau pour toutes les d\u00e9couvrir ! Chaque page pr\u00e9sente une mati\u00e8re diff\u00e9rente pour explorer et exp\u00e9rimenter, caresse apr\u00e8s caresse, le monde autour de toi !<\/p>\n","protected":false},"excerpt":{"rendered":"<p>Le monde qui nous entoure est plein de couleurs. Accompagne Lapineau pour toutes les d\u00e9couvrir ! Chaque page pr\u00e9sente une mati\u00e8re diff\u00e9rente pour explorer et exp\u00e9rimenter, caresse apr\u00e8s caresse, le monde autour de toi !<\/p>\n","protected":false},"featured_media":170260,"template":"","meta":{"wds_primary_product_brand":0,"wds_primary_product_cat":0,"wds_primary_maison_dedition":0},"product_brand":[],"product_cat":[540,560,538],"product_tag":[],"maison_dedition":[630],"class_list":{"0":"post-170254","1":"product","2":"type-product","3":"status-publish","4":"has-post-thumbnail","6":"product_cat-0-2-ans","7":"product_cat-3-5-ans","8":"product_cat-jeunesse","9":"maison_dedition-les-editions-goelette","11":"first","12":"instock","13":"taxable","14":"shipping-taxable","15":"purchasable","16":"product-type-variable"},"bundled_by":[],"bundle_stock_status":"instock","bundle_stock_quantity":null,"bundle_virtual":false,"bundle_layout":"","bundle_add_to_cart_form_location":"","bundle_editable_in_cart":false,"bundle_sold_individually_context":"","bundle_item_grouping":"","bundle_min_size":"","bundle_max_size":"","bundle_price":[],"bundled_items":[],"bundle_sell_ids":[],"acf":[],"_links":{"self":[{"href":"https:\/\/goelette.ca\/en\/wp-json\/wp\/v2\/product\/170254","targetHints":{"allow":["GET"]}}],"collection":[{"href":"https:\/\/goelette.ca\/en\/wp-json\/wp\/v2\/product"}],"about":[{"href":"https:\/\/goelette.ca\/en\/wp-json\/wp\/v2\/types\/product"}],"wp:featuredmedia":[{"embeddable":true,"href":"https:\/\/goelette.ca\/en\/wp-json\/wp\/v2\/media\/170260"}],"wp:attachment":[{"href":"https:\/\/goelette.ca\/en\/wp-json\/wp\/v2\/media?parent=170254"}],"wp:term":[{"taxonomy":"product_brand","embeddable":true,"href":"https:\/\/goelette.ca\/en\/wp-json\/wp\/v2\/product_brand?post=170254"},{"taxonomy":"product_cat","embeddable":true,"href":"https:\/\/goelette.ca\/en\/wp-json\/wp\/v2\/product_cat?post=170254"},{"taxonomy":"product_tag","embeddable":true,"href":"https:\/\/goelette.ca\/en\/wp-json\/wp\/v2\/product_tag?post=170254"},{"taxonomy":"maison_dedition","embeddable":true,"href":"https:\/\/goelette.ca\/en\/wp-json\/wp\/v2\/maison_dedition?post=170254"}],"curies":[{"name":"wp","href":"https:\/\/api.w.org\/{rel}","templated":true}]}}