{"id":168896,"date":"2024-09-05T00:01:00","date_gmt":"2024-09-05T04:01:00","guid":{"rendered":"https:\/\/goelette.ca\/?post_type=product&#038;p=168896"},"modified":"2024-11-12T13:49:39","modified_gmt":"2024-11-12T18:49:39","slug":"petits-rituels-du-quotidien","status":"publish","type":"product","link":"https:\/\/goelette.ca\/en\/tous-les-livres\/petits-rituels-du-quotidien\/","title":{"rendered":"Petits rituels du quotidien"},"content":{"rendered":"<p>Dans notre soci\u00e9t\u00e9 moderne, nous semblons avoir perdu l\u2019esprit du sacr\u00e9. Pourtant, tous les jours, nous faisons des rituels, sans trop nous en rendre compte, parce qu\u2019ils nous font du bien et nous apportent du r\u00e9confort. Dans cet ouvrage, vous en trouverez \u00e0 effectuer au quotidien pour votre mieux-\u00eatre, ainsi que des rem\u00e8des de grand-m\u00e8re et d\u2019autres pratiques un peu magiques (mais pas trop !). Vous apprendrez aussi comment inviter des Guides de Lumi\u00e8re dans votre vie, couper des liens avec des personnes toxiques, prot\u00e9ger votre \u00e9nergie et encore plus ! Entrez dans le monde de la Bonne Femme Demers.<\/p>\n","protected":false},"excerpt":{"rendered":"<p>Dans notre soci\u00e9t\u00e9 moderne, nous semblons avoir perdu l\u2019esprit du sacr\u00e9. Pourtant, tous les jours, nous faisons des rituels, sans trop nous en rendre compte, parce qu\u2019ils nous font du bien et nous apportent du r\u00e9confort. Dans cet ouvrage, vous en trouverez \u00e0 effectuer au quotidien pour votre mieux-\u00eatre, ainsi que des rem\u00e8des de grand-m\u00e8re [&hellip;]<\/p>\n","protected":false},"featured_media":182885,"template":"","meta":{"wds_primary_product_brand":0,"wds_primary_product_cat":0,"wds_primary_maison_dedition":0},"product_brand":[],"product_cat":[586,557],"product_tag":[],"maison_dedition":[630],"class_list":{"0":"post-168896","1":"product","2":"type-product","3":"status-publish","4":"has-post-thumbnail","6":"product_cat-bien-etre-et-sante-pratique","7":"product_cat-pratique","8":"pa_auteur-sylvie-demers","9":"maison_dedition-les-editions-goelette","11":"first","12":"instock","13":"taxable","14":"shipping-taxable","15":"purchasable","16":"product-type-variable"},"bundled_by":[],"bundle_stock_status":"instock","bundle_stock_quantity":null,"bundle_virtual":false,"bundle_layout":"","bundle_add_to_cart_form_location":"","bundle_editable_in_cart":false,"bundle_sold_individually_context":"","bundle_item_grouping":"","bundle_min_size":"","bundle_max_size":"","bundle_price":[],"bundled_items":[],"bundle_sell_ids":[],"acf":[],"_links":{"self":[{"href":"https:\/\/goelette.ca\/en\/wp-json\/wp\/v2\/product\/168896","targetHints":{"allow":["GET"]}}],"collection":[{"href":"https:\/\/goelette.ca\/en\/wp-json\/wp\/v2\/product"}],"about":[{"href":"https:\/\/goelette.ca\/en\/wp-json\/wp\/v2\/types\/product"}],"wp:featuredmedia":[{"embeddable":true,"href":"https:\/\/goelette.ca\/en\/wp-json\/wp\/v2\/media\/182885"}],"wp:attachment":[{"href":"https:\/\/goelette.ca\/en\/wp-json\/wp\/v2\/media?parent=168896"}],"wp:term":[{"taxonomy":"product_brand","embeddable":true,"href":"https:\/\/goelette.ca\/en\/wp-json\/wp\/v2\/product_brand?post=168896"},{"taxonomy":"product_cat","embeddable":true,"href":"https:\/\/goelette.ca\/en\/wp-json\/wp\/v2\/product_cat?post=168896"},{"taxonomy":"product_tag","embeddable":true,"href":"https:\/\/goelette.ca\/en\/wp-json\/wp\/v2\/product_tag?post=168896"},{"taxonomy":"maison_dedition","embeddable":true,"href":"https:\/\/goelette.ca\/en\/wp-json\/wp\/v2\/maison_dedition?post=168896"}],"curies":[{"name":"wp","href":"https:\/\/api.w.org\/{rel}","templated":true}]}}