{"id":16860,"date":"2020-03-24T01:00:00","date_gmt":"2021-10-04T20:32:28","guid":{"rendered":"https:\/\/www.goelette.ca\/produit\/histoires-pour-les-petits-vol-1\/"},"modified":"2023-12-20T13:55:45","modified_gmt":"2023-12-20T18:55:45","slug":"histoires-pour-les-petits-vol-1","status":"publish","type":"product","link":"https:\/\/goelette.ca\/en\/tous-les-livres\/histoires-pour-les-petits-vol-1\/","title":{"rendered":"Histoires pour les petits vol. 1"},"content":{"rendered":"<p style=\"text-align: justify;\">Pour une heure du conte tout en douceur, plongez dans ces 4 charmantes histoires, qui feront r\u00eaver les tout-petits. Une fois la lecture termin\u00e9e, poursuivez la discussion avec votre enfant pour stimuler son apprentissage et son imagination \u00e0 l\u2019aide d\u2019une page de r\u00e9flexion \u00e0 la fin de chaque livre !<\/p>\n<p><strong>Alfred \u00e0 la rescousse !<\/strong><br \/><em>\u00c9crit par Maude-Iris Hamelin-Ouellette et illustr\u00e9 par Sabrina Gendron<\/em><\/p>\n<p>Alfred est un cochonnet bien serviable qui adore les histoires de super-h\u00e9ros. Chaque soir, son papa lui raconte les aventures du Lapin Masqu\u00e9, et Alfred r\u00eave d\u2019\u00eatre, lui aussi, un h\u00e9ros, le sauveur de Cochonville ! Mais dans une ville aussi paisible, comment Alfred s\u2019y prendra-t-il ?<\/p>\n<p><strong>Un ami pour B\u00e9atriz<\/strong><br \/><em>\u00c9crit par Annie Lanthier et illustr\u00e9 par Sabrina Gendron<\/em><\/p>\n<p>Le devoir d&#8217;une mouche et d&#8217;\u00e9nerver les animaux ! Pourtant, B\u00e9atriz aimerait bien se faire un copain parmi ceux qui habitent sur la m\u00eame ferme qu&#8217;elle. Sa vie serait tellement moins ennuyeuse ! Mais qui est pr\u00eat \u00e0 se lier d&#8217;amiti\u00e9 avec une petite mouche ?<\/p>\n<p><strong>Pas trop petit pour s&#8217;amuser !<\/strong><br \/><em>\u00c9crit par Maude-Iris Hamelin-Ouellette et illustr\u00e9 par Elen Lescoat<\/em><\/p>\n<p>C&#8217;est la premi\u00e8re fois que L\u00e9o visite le parc d&#8217;attractions de sa ville avec sa famille. Il a h\u00e2te de faire des man\u00e8ges, mais il se rend compte qu&#8217;il est trop petit pour monter dans toutes les attractions, au contraire de sa grande soeur Lola ! Par quel moyen les petits lapins comme lui parviennent-ils alors \u00e0 s&#8217;amuser comme les grands ?<\/p>\n<p><strong>La trottinette de Zo\u00e9<\/strong><br \/><em>\u00c9crit par Maude-Iris Hamelin-Ouellette et illustr\u00e9 par Elen Lescoat<\/em><\/p>\n<p>Zo\u00e9 la petite renarde adore sa trottinette rouge ! Elle l\u2019a re\u00e7ue pour son anniversaire et se prom\u00e8ne avec elle tous les jours ! Mais par une belle matin\u00e9e, la roue avant se casse et Zo\u00e9 est tr\u00e8s triste. Comment pourra-t-elle la r\u00e9parer ? Par chance, son papa est un habile bricoleur rempli d\u2019id\u00e9es !<\/p>\n","protected":false},"excerpt":{"rendered":"<p>Pour une heure du conte tout en douceur, plongez dans ces 4 charmantes histoires, qui feront r\u00eaver les tout-petits. Une fois la lecture termin\u00e9e, poursuivez la discussion avec votre enfant pour stimuler son apprentissage et son imagination \u00e0 l\u2019aide d\u2019une page de r\u00e9flexion \u00e0 la fin de chaque livre ! Alfred \u00e0 la rescousse !\u00c9crit [&hellip;]<\/p>\n","protected":false},"featured_media":16858,"template":"","meta":{"wds_primary_product_brand":0,"wds_primary_product_cat":0,"wds_primary_maison_dedition":0},"product_brand":[],"product_cat":[560,578,662,538],"product_tag":[],"maison_dedition":[663],"class_list":{"0":"post-16860","1":"product","2":"type-product","3":"status-publish","4":"has-post-thumbnail","6":"product_cat-3-5-ans","7":"product_cat-albums-illustres","8":"product_cat-coffret-jeunesse","9":"product_cat-jeunesse","10":"pa_auteur-annie-lanthier","11":"pa_auteur-maude-iris-hamelin-ouellette","12":"pa_illustrateur-elen-lescoat","13":"pa_illustrateur-sabrina-gendron","14":"maison_dedition-petites-lectures-les-editions-goelette","16":"first","17":"instock","18":"taxable","19":"shipping-taxable","20":"purchasable","21":"product-type-variable"},"bundled_by":[],"bundle_stock_status":"instock","bundle_stock_quantity":null,"bundle_virtual":false,"bundle_layout":"","bundle_add_to_cart_form_location":"","bundle_editable_in_cart":false,"bundle_sold_individually_context":"","bundle_item_grouping":"","bundle_min_size":"","bundle_max_size":"","bundle_price":[],"bundled_items":[],"bundle_sell_ids":[],"acf":[],"_links":{"self":[{"href":"https:\/\/goelette.ca\/en\/wp-json\/wp\/v2\/product\/16860","targetHints":{"allow":["GET"]}}],"collection":[{"href":"https:\/\/goelette.ca\/en\/wp-json\/wp\/v2\/product"}],"about":[{"href":"https:\/\/goelette.ca\/en\/wp-json\/wp\/v2\/types\/product"}],"wp:featuredmedia":[{"embeddable":true,"href":"https:\/\/goelette.ca\/en\/wp-json\/wp\/v2\/media\/16858"}],"wp:attachment":[{"href":"https:\/\/goelette.ca\/en\/wp-json\/wp\/v2\/media?parent=16860"}],"wp:term":[{"taxonomy":"product_brand","embeddable":true,"href":"https:\/\/goelette.ca\/en\/wp-json\/wp\/v2\/product_brand?post=16860"},{"taxonomy":"product_cat","embeddable":true,"href":"https:\/\/goelette.ca\/en\/wp-json\/wp\/v2\/product_cat?post=16860"},{"taxonomy":"product_tag","embeddable":true,"href":"https:\/\/goelette.ca\/en\/wp-json\/wp\/v2\/product_tag?post=16860"},{"taxonomy":"maison_dedition","embeddable":true,"href":"https:\/\/goelette.ca\/en\/wp-json\/wp\/v2\/maison_dedition?post=16860"}],"curies":[{"name":"wp","href":"https:\/\/api.w.org\/{rel}","templated":true}]}}