{"id":16857,"date":"2020-03-24T01:00:00","date_gmt":"2021-10-04T20:32:27","guid":{"rendered":"https:\/\/www.goelette.ca\/produit\/mes-histoires-rigolotes-vol-2\/"},"modified":"2023-12-20T13:48:51","modified_gmt":"2023-12-20T18:48:51","slug":"mes-histoires-rigolotes-vol-2","status":"publish","type":"product","link":"https:\/\/goelette.ca\/en\/tous-les-livres\/mes-histoires-rigolotes-vol-2\/","title":{"rendered":"Mes histoires rigolotes vol. 2"},"content":{"rendered":"<p style=\"text-align: justify;\">L\u2019heure du conte n\u2019aura jamais \u00e9t\u00e9 aussi amusante ! Avec ces histoires toutes plus dr\u00f4les les unes que les autres, d\u00e9couvrez les aventures captivantes de 4 personnages attachants. Une fois la lecture termin\u00e9e, poursuivez la discussion avec votre enfant et faites-le r\u00e9fl\u00e9chir gr\u00e2ce \u00e0 une page sp\u00e9ciale \u00e0 la fin de chaque album abordant le th\u00e8me du r\u00e9cit !<\/p>\n<p><strong>Le flamant qui n&#8217;aimait pas le rose<\/strong><br \/>\n<em>\u00c9crit par Maude-Iris Hamelin-Ouellette et illustr\u00e9 par Elen Lescoat<\/em><\/p>\n<p>Fiona n&#8217;aime pas le rose, et encore moins que son plumage soit de cette couleur. Sa vie de flamant serait tellement plus agr\u00e9able s&#8217;il \u00e9tait de l&#8217;une des jolies teintes de l&#8217;arc-en-ciel. Heureusement, son copain le singe est tr\u00e8s malin ! Il sait ce que Fiona doit faire pour exaucer son souhait.<\/p>\n<p><strong>Fais attention !<\/strong><br \/>\n<em>\u00c9crit par Marilou Charpentier et illustr\u00e9 par Ga\u00eblle Picard<\/em><\/p>\n<p>Oh non ! Le ballon de Kylian est coinc\u00e9 sur le toit de sa maison. Il l&#8217;a lanc\u00e9 trop haut ! Ni lui ni sa s\u0153ur Kathy ne peuvent l&#8217;atteindre malgr\u00e9 tous leurs bonds de kangourou. Comment pourront-ils le r\u00e9cup\u00e9rer sans se mettre en danger ?<\/p>\n<p><strong>Le grand d\u00e9fi de Toulouse<\/strong><br \/>\n<em>\u00c9crit par Annie Lanthier et illustr\u00e9 par Mathieu Strale<\/em><\/p>\n<p>Toulouse est reconnu pour relever tous les d\u00e9fis sportifs, sans exception ! M\u00eame lorsqu&#8217;il est face \u00e0 quelque chose de compliqu\u00e9 pour un chien saucisse comme lui, il se creuse les m\u00e9ninges et trouve la solution ! Qu&#8217;inventera-t-il alors le jour o\u00f9 il d\u00e9cidera de monter au sommet de la plus haute tour jamais construite dans sa ville ?<\/p>\n<p><strong>Mission fruit\u00e9e<\/strong><br \/>\n<em>\u00c9crit par Catherine C\u00f4t\u00e9 et illustr\u00e9 par Adora<\/em><\/p>\n<p>Il est hors de question pour les jeunes fruits et l\u00e9gumes de l&#8217;\u00e9picerie de finir tout moisis. Ils doivent \u00eatre choisis ! Mais alors que tous se mettent sur leur trente-six et r\u00eavent \u00e0 ce qu&#8217;ils vont devenir, Paola la pitaya \u00e9clate en pleurs. Comment pourrait-elle \u00eatre s\u00e9lectionn\u00e9e si elle ne sait m\u00eame pas \u00e0 quoi elle sert ?<\/p>\n","protected":false},"excerpt":{"rendered":"<p>L\u2019heure du conte n\u2019aura jamais \u00e9t\u00e9 aussi amusante ! Avec ces histoires toutes plus dr\u00f4les les unes que les autres, d\u00e9couvrez les aventures captivantes de 4 personnages attachants. Une fois la lecture termin\u00e9e, poursuivez la discussion avec votre enfant et faites-le r\u00e9fl\u00e9chir gr\u00e2ce \u00e0 une page sp\u00e9ciale \u00e0 la fin de chaque album abordant le [&hellip;]<\/p>\n","protected":false},"featured_media":16855,"template":"","meta":{"wds_primary_product_brand":0,"wds_primary_product_cat":0,"wds_primary_maison_dedition":0},"product_brand":[],"product_cat":[560,578,662,538],"product_tag":[],"maison_dedition":[663],"class_list":{"0":"post-16857","1":"product","2":"type-product","3":"status-publish","4":"has-post-thumbnail","6":"product_cat-3-5-ans","7":"product_cat-albums-illustres","8":"product_cat-coffret-jeunesse","9":"product_cat-jeunesse","10":"pa_auteur-annie-lanthier","11":"pa_auteur-catherine-cote","12":"pa_auteur-marilou-charpentier","13":"pa_auteur-maude-iris-hamelin-ouellette","14":"pa_illustrateur-adora","15":"pa_illustrateur-elen-lescoat","16":"pa_illustrateur-gaelle-picard","17":"pa_illustrateur-mathieu-strale","18":"maison_dedition-petites-lectures-les-editions-goelette","20":"first","21":"instock","22":"taxable","23":"shipping-taxable","24":"purchasable","25":"product-type-variable"},"bundled_by":[],"bundle_stock_status":"instock","bundle_stock_quantity":null,"bundle_virtual":false,"bundle_layout":"","bundle_add_to_cart_form_location":"","bundle_editable_in_cart":false,"bundle_sold_individually_context":"","bundle_item_grouping":"","bundle_min_size":"","bundle_max_size":"","bundle_price":[],"bundled_items":[],"bundle_sell_ids":[],"acf":[],"_links":{"self":[{"href":"https:\/\/goelette.ca\/en\/wp-json\/wp\/v2\/product\/16857","targetHints":{"allow":["GET"]}}],"collection":[{"href":"https:\/\/goelette.ca\/en\/wp-json\/wp\/v2\/product"}],"about":[{"href":"https:\/\/goelette.ca\/en\/wp-json\/wp\/v2\/types\/product"}],"wp:featuredmedia":[{"embeddable":true,"href":"https:\/\/goelette.ca\/en\/wp-json\/wp\/v2\/media\/16855"}],"wp:attachment":[{"href":"https:\/\/goelette.ca\/en\/wp-json\/wp\/v2\/media?parent=16857"}],"wp:term":[{"taxonomy":"product_brand","embeddable":true,"href":"https:\/\/goelette.ca\/en\/wp-json\/wp\/v2\/product_brand?post=16857"},{"taxonomy":"product_cat","embeddable":true,"href":"https:\/\/goelette.ca\/en\/wp-json\/wp\/v2\/product_cat?post=16857"},{"taxonomy":"product_tag","embeddable":true,"href":"https:\/\/goelette.ca\/en\/wp-json\/wp\/v2\/product_tag?post=16857"},{"taxonomy":"maison_dedition","embeddable":true,"href":"https:\/\/goelette.ca\/en\/wp-json\/wp\/v2\/maison_dedition?post=16857"}],"curies":[{"name":"wp","href":"https:\/\/api.w.org\/{rel}","templated":true}]}}