{"id":16854,"date":"2020-03-24T01:00:00","date_gmt":"2021-10-04T20:32:25","guid":{"rendered":"https:\/\/www.goelette.ca\/produit\/mes-histoires-rigolotes-vol-1\/"},"modified":"2023-12-20T13:35:35","modified_gmt":"2023-12-20T18:35:35","slug":"mes-histoires-rigolotes-vol-1","status":"publish","type":"product","link":"https:\/\/goelette.ca\/en\/tous-les-livres\/mes-histoires-rigolotes-vol-1\/","title":{"rendered":"Mes histoires rigolotes vol. 1"},"content":{"rendered":"<p style=\"text-align: justify;\">L\u2019heure du conte n\u2019aura jamais \u00e9t\u00e9 aussi amusante ! Avec ces histoires toutes plus dr\u00f4les les unes que les autres, d\u00e9couvrez les aventures captivantes de 4 personnages attachants. Une fois la lecture termin\u00e9e, poursuivez la discussion avec votre enfant et faites-le r\u00e9fl\u00e9chir gr\u00e2ce \u00e0 une page sp\u00e9ciale \u00e0 la fin de chaque album abordant le th\u00e8me du r\u00e9cit !<\/p>\n<p><strong>\u00c0 quoi sert ce cou ?<\/strong><br \/>\n<em>\u00c9crit par Annie Lanthier et illustr\u00e9 par Sandrine Lamour<\/em><\/p>\n<p>Sarah la girafe d\u00e9teste ce cou si long et inutile ! En secret, elle r\u00eave de ressembler \u00e0 sa voisine C\u00e9cile, la chatte du Bengal si agile. Cependant, lorsqu&#8217;un \u00e9v\u00e9nement vient troubler la qui\u00e9tude de la savane, Sarah est pr\u00eate \u00e0 remettre en question ses certitudes&#8230;<\/p>\n<p><strong>Un talent cach\u00e9<\/strong><br \/>\n<em>\u00c9crit par Maude-Iris Hamelin-Ouellette et illustr\u00e9 par Elena Aiello<\/em><\/p>\n<p>Alma Alpaga est une petite alpaga semblable en tous points aux autres alpagas. Sauf qu&#8217;elle souhaite par-dessus tout se faire remarquer et que tout le monde la connaisse. Comment pourrait-elle y arriver, elle qui n&#8217;a rien de bien sp\u00e9cial ? Par chance, son entourage est l\u00e0 pour l&#8217;aider \u00e0 trouver son talent !<\/p>\n<p><strong>\u00c0 quoi sert ce cou ?<\/strong><br \/>\n<em>\u00c9crit par Annie Lanthier et illustr\u00e9 par Sandrine Lamour<\/em><\/p>\n<p>Sarah la girafe d\u00e9teste ce cou si long et inutile ! En secret, elle r\u00eave de ressembler \u00e0 sa voisine C\u00e9cile, la chatte du Bengal si agile. Cependant, lorsqu&#8217;un \u00e9v\u00e9nement vient troubler la qui\u00e9tude de la savane, Sarah est pr\u00eate \u00e0 remettre en question ses certitudes&#8230;<\/p>\n<p><strong>Colette, la mouffette parfumeuse<\/strong><br \/>\n<em>\u00c9crit par Catherine Ouellet et illustr\u00e9 par Laurie Lesp\u00e9rance<\/em><\/p>\n<p>Colette r\u00eave de devenir une grande parfumeuse. Convaincue de son talent, elle concocte un parfum qui, malheureusement, fait fuir les autres animaux. Pourtant, la recette du chef-d&#8217;\u0153uvre qui la rendra c\u00e9l\u00e8bre ne peut pas \u00eatre si difficile \u00e0 trouver !<\/p>\n<p><strong>Quel gaffeur !<\/strong><br \/>\n<em>\u00c9crit par Fannie Jacques et illustr\u00e9 par Claudio Cerri<\/em><\/p>\n<p>Lorsque les humains quittent la maison, Merlin peut enfin se d\u00e9gourdir les jambes. Toutefois, il n&#8217;a pas fait trois pas qu&#8217;il tombe la t\u00eate la premi\u00e8re et brise son beau chapeau. Zut ! Il doit vite le r\u00e9parer. Sauf que pour un nain de jardin aussi maladroit que Merlin, une b\u00eatise n&#8217;en attend pas une autre !<\/p>\n","protected":false},"excerpt":{"rendered":"<p>L\u2019heure du conte n\u2019aura jamais \u00e9t\u00e9 aussi amusante ! Avec ces histoires toutes plus dr\u00f4les les unes que les autres, d\u00e9couvrez les aventures captivantes de 4 personnages attachants. Une fois la lecture termin\u00e9e, poursuivez la discussion avec votre enfant et faites-le r\u00e9fl\u00e9chir gr\u00e2ce \u00e0 une page sp\u00e9ciale \u00e0 la fin de chaque album abordant le [&hellip;]<\/p>\n","protected":false},"featured_media":16852,"template":"","meta":{"wds_primary_product_brand":0,"wds_primary_product_cat":0,"wds_primary_maison_dedition":0},"product_brand":[],"product_cat":[560,578,662,538],"product_tag":[],"maison_dedition":[663],"class_list":{"0":"post-16854","1":"product","2":"type-product","3":"status-publish","4":"has-post-thumbnail","6":"product_cat-3-5-ans","7":"product_cat-albums-illustres","8":"product_cat-coffret-jeunesse","9":"product_cat-jeunesse","10":"pa_auteur-annie-lanthier","11":"pa_auteur-catherine-ouellet","12":"pa_auteur-fannie-jacques","13":"pa_auteur-maude-iris-hamelin-ouellette","14":"pa_illustrateur-claudio-cerri","15":"pa_illustrateur-elena-aiello","16":"pa_illustrateur-laurie-lesperance","17":"pa_illustrateur-sandrine-lamour","18":"maison_dedition-petites-lectures-les-editions-goelette","20":"first","21":"instock","22":"taxable","23":"shipping-taxable","24":"purchasable","25":"product-type-variable"},"bundled_by":[],"bundle_stock_status":"instock","bundle_stock_quantity":null,"bundle_virtual":false,"bundle_layout":"","bundle_add_to_cart_form_location":"","bundle_editable_in_cart":false,"bundle_sold_individually_context":"","bundle_item_grouping":"","bundle_min_size":"","bundle_max_size":"","bundle_price":[],"bundled_items":[],"bundle_sell_ids":[],"acf":[],"_links":{"self":[{"href":"https:\/\/goelette.ca\/en\/wp-json\/wp\/v2\/product\/16854","targetHints":{"allow":["GET"]}}],"collection":[{"href":"https:\/\/goelette.ca\/en\/wp-json\/wp\/v2\/product"}],"about":[{"href":"https:\/\/goelette.ca\/en\/wp-json\/wp\/v2\/types\/product"}],"wp:featuredmedia":[{"embeddable":true,"href":"https:\/\/goelette.ca\/en\/wp-json\/wp\/v2\/media\/16852"}],"wp:attachment":[{"href":"https:\/\/goelette.ca\/en\/wp-json\/wp\/v2\/media?parent=16854"}],"wp:term":[{"taxonomy":"product_brand","embeddable":true,"href":"https:\/\/goelette.ca\/en\/wp-json\/wp\/v2\/product_brand?post=16854"},{"taxonomy":"product_cat","embeddable":true,"href":"https:\/\/goelette.ca\/en\/wp-json\/wp\/v2\/product_cat?post=16854"},{"taxonomy":"product_tag","embeddable":true,"href":"https:\/\/goelette.ca\/en\/wp-json\/wp\/v2\/product_tag?post=16854"},{"taxonomy":"maison_dedition","embeddable":true,"href":"https:\/\/goelette.ca\/en\/wp-json\/wp\/v2\/maison_dedition?post=16854"}],"curies":[{"name":"wp","href":"https:\/\/api.w.org\/{rel}","templated":true}]}}