{"id":16851,"date":"2020-03-24T01:00:00","date_gmt":"2021-10-04T20:32:24","guid":{"rendered":"https:\/\/www.goelette.ca\/produit\/je-lis-et-jexplore-vol-1\/"},"modified":"2023-12-20T13:27:54","modified_gmt":"2023-12-20T18:27:54","slug":"je-lis-et-jexplore-vol-1","status":"publish","type":"product","link":"https:\/\/goelette.ca\/en\/tous-les-livres\/je-lis-et-jexplore-vol-1\/","title":{"rendered":"Je lis et j&#8217;explore vol. 1"},"content":{"rendered":"<p style=\"text-align: justify;\">C\u2019est l\u2019heure du conte ! Gr\u00e2ce \u00e0 ces histoires attachantes r\u00e9dig\u00e9es par des auteures qu\u00e9b\u00e9coises, initiez votre enfant \u00e0 4 univers th\u00e9matiques fascinants. Au fil des pages, vous trouverez des bulles d\u2019information pour poursuivre l\u2019apprentissage et faire le lien avec les aventures des personnages !<\/p>\n<p><strong>L&#8217;\u00e9cole des microbes<\/strong><br \/>\n<em>\u00c9crit par Maude-Iris Hamelin-Ouellette et illustr\u00e9 par Ga\u00eblle Picard<\/em><\/p>\n<p>\u00c0 l&#8217;\u00e9cole des microbes, les petits virus et les petites bact\u00e9ries apprennent \u00e0 \u00eatre des microbes terrifiants qui propagent des maladies. Mais qu&#8217;arrivera-t-il \u00e0 Flo, la bact\u00e9rie, lorsqu&#8217;elle devra faire son devoir pour la premi\u00e8re fois?<\/p>\n<p><strong>L&#8217;\u00e9tonnant voyage de Louis<\/strong><br \/>\n<em>\u00c9crit par Catherine Ouellet et illustr\u00e9 par \u00c9milie Graebling<\/em><\/p>\n<p>Louis est captiv\u00e9 par l&#8217;espace ! Alors que ses voisins fabriquent des bo\u00eetes \u00e0 savon pour la course \u00e0 venir, il est occup\u00e9 par un tout autre projet. Parviendra-t-il r\u00e9ellement \u00e0 voir les \u00e9toiles ? Et si son grand-p\u00e8re lui donnait un coup de main ?<\/p>\n<p><strong>Un amour de tomates<\/strong><br \/>\n<em>\u00c9crit par Maude-Iris Hamelin-Ouellette et illustr\u00e9 par Sabrina Gendron<\/em><\/p>\n<p>Lorsque tante Sophie invite Clara \u00e0 cultiver un l\u00e9gume dans son potager, la petite fille se d\u00e9voue \u00e0 la t\u00e2che. Quel effet le soleil, l&#8217;amour et la patience de Clara auront-ils sur ces myst\u00e9rieux l\u00e9gumes ?<\/p>\n<p><strong>Plouf, la goutte d&#8217;eau dans le corps humain<\/strong><br \/>\n<em>\u00c9crit par Catherine Ouellet et illustr\u00e9 par Chiara Nocentini<\/em><\/p>\n<p>Plouf, la goutte d&#8217;eau est tr\u00e8s heureuse d&#8217;accompagner Emma en classe nature. Peut-\u00eatre pourra-t-elle enfin r\u00e9aliser son r\u00eave de nager dans un lac? Mais lorsque la fillette l&#8217;avale, Plouf entame un voyage bien diff\u00e9rent qui lui permettra d&#8217;explorer le corps humain.<\/p>\n","protected":false},"excerpt":{"rendered":"<p>C\u2019est l\u2019heure du conte ! Gr\u00e2ce \u00e0 ces histoires attachantes r\u00e9dig\u00e9es par des auteures qu\u00e9b\u00e9coises, initiez votre enfant \u00e0 4 univers th\u00e9matiques fascinants. Au fil des pages, vous trouverez des bulles d\u2019information pour poursuivre l\u2019apprentissage et faire le lien avec les aventures des personnages ! L&#8217;\u00e9cole des microbes \u00c9crit par Maude-Iris Hamelin-Ouellette et illustr\u00e9 par [&hellip;]<\/p>\n","protected":false},"featured_media":16849,"template":"","meta":{"wds_primary_product_brand":0,"wds_primary_product_cat":0,"wds_primary_maison_dedition":0},"product_brand":[],"product_cat":[555,578,662,538],"product_tag":[],"maison_dedition":[630],"class_list":{"0":"post-16851","1":"product","2":"type-product","3":"status-publish","4":"has-post-thumbnail","6":"product_cat-6-ans-et-plus","7":"product_cat-albums-illustres","8":"product_cat-coffret-jeunesse","9":"product_cat-jeunesse","10":"pa_auteur-catherine-ouellet","11":"pa_auteur-maude-iris-hamelin-ouellette","12":"pa_illustrateur-chiara-nocentini","13":"pa_illustrateur-emilie-graebling","14":"pa_illustrateur-gaelle-picard","15":"pa_illustrateur-sabrina-gendron","16":"maison_dedition-les-editions-goelette","18":"first","19":"instock","20":"taxable","21":"shipping-taxable","22":"purchasable","23":"product-type-variable"},"bundled_by":[],"bundle_stock_status":"instock","bundle_stock_quantity":null,"bundle_virtual":false,"bundle_layout":"","bundle_add_to_cart_form_location":"","bundle_editable_in_cart":false,"bundle_sold_individually_context":"","bundle_item_grouping":"","bundle_min_size":"","bundle_max_size":"","bundle_price":[],"bundled_items":[],"bundle_sell_ids":[],"acf":[],"_links":{"self":[{"href":"https:\/\/goelette.ca\/en\/wp-json\/wp\/v2\/product\/16851","targetHints":{"allow":["GET"]}}],"collection":[{"href":"https:\/\/goelette.ca\/en\/wp-json\/wp\/v2\/product"}],"about":[{"href":"https:\/\/goelette.ca\/en\/wp-json\/wp\/v2\/types\/product"}],"wp:featuredmedia":[{"embeddable":true,"href":"https:\/\/goelette.ca\/en\/wp-json\/wp\/v2\/media\/16849"}],"wp:attachment":[{"href":"https:\/\/goelette.ca\/en\/wp-json\/wp\/v2\/media?parent=16851"}],"wp:term":[{"taxonomy":"product_brand","embeddable":true,"href":"https:\/\/goelette.ca\/en\/wp-json\/wp\/v2\/product_brand?post=16851"},{"taxonomy":"product_cat","embeddable":true,"href":"https:\/\/goelette.ca\/en\/wp-json\/wp\/v2\/product_cat?post=16851"},{"taxonomy":"product_tag","embeddable":true,"href":"https:\/\/goelette.ca\/en\/wp-json\/wp\/v2\/product_tag?post=16851"},{"taxonomy":"maison_dedition","embeddable":true,"href":"https:\/\/goelette.ca\/en\/wp-json\/wp\/v2\/maison_dedition?post=16851"}],"curies":[{"name":"wp","href":"https:\/\/api.w.org\/{rel}","templated":true}]}}