{"id":16848,"date":"2020-03-24T01:00:00","date_gmt":"2021-10-04T20:32:21","guid":{"rendered":"https:\/\/www.goelette.ca\/produit\/droles-daventures-vol-2\/"},"modified":"2023-12-20T14:02:15","modified_gmt":"2023-12-20T19:02:15","slug":"droles-daventures-vol-2","status":"publish","type":"product","link":"https:\/\/goelette.ca\/en\/tous-les-livres\/droles-daventures-vol-2\/","title":{"rendered":"Dr\u00f4les d&#8217;aventures vol. 2"},"content":{"rendered":"<p style=\"text-align: justify;\">D\u00e9couvre les animaux du Qu\u00e9bec \u00e0 travers ces 4 jolies histoires mettant en sc\u00e8ne les b\u00eates de notre belle province ! Prends plaisir \u00e0 lire les aventures de ces personnages adorables, puis approfondis tes connaissances sur les diff\u00e9rentes esp\u00e8ces gr\u00e2ce \u00e0 une page d\u2019information documentaire \u00e0 la fin de chaque album.<\/p>\n<p><strong>Pr\u00eat \u00e0 tout pour grandir<\/strong><br \/>\n<em>\u00c9crit par Val\u00e9rie Gagn\u00e9 et illustr\u00e9 par Sabrina Denault<\/em><\/p>\n<p>Mousse l&#8217;orignal est d\u00e9\u00e7u ! Au retour en classe, il s&#8217;aper\u00e7oit que tous ses camarades ont grandi, sauf lui. Il aimerait tant \u00eatre imposant comme son papa et avoir une immense ramure ! Et s&#8217;il suivait les conseils de G\u00e9raldine la grenouille ? Son amie est toujours pleine d&#8217;id\u00e9es.<\/p>\n<p><strong>Le voleur de fourrure<\/strong><br \/>\n<em>\u00c9crit par Annie Lanthier et illustr\u00e9 par Chiara Nocentini<\/em><\/p>\n<p>Depuis toujours, R\u00e9al le raton laveur offre un service de lessivage et d&#8217;entreposage de fourrures et de ramures. gr\u00e2ce \u00e0 ses petits coupons, son syst\u00e8me est infaillible &#8230; jusqu&#8217;au jour o\u00f9 un voleur s&#8217;empare du manteau de Miriam la belette. Qui peut bien \u00eatre le coupable ?<\/p>\n<p><strong>Joyeux anniversaire, Claudette !<\/strong><br \/>\n<em>\u00c9crit par Annie Lanthier et illustr\u00e9 par Emilie Graebling<\/em><\/p>\n<p>Claudette est une chouette gourmande. Un soir, alors qu&#8217;elle surveille la p\u00e2tisserie du village du haut de sa branche, elle voit une famille en sortir avec une \u00e9trange bo\u00eete blanche et d\u00e9cide de la suivre. Se pourrait-il que les humains aient pens\u00e9 \u00e0 son anniversaire ?<\/p>\n<p><strong>Sois brave, petit phoque<\/strong><br \/>\n<em>\u00c9crit par Catherine C\u00f4t\u00e9 et illustr\u00e9 par Elena Aiello<\/em><\/p>\n<p>Le temps est venu pour Logan d&#8217;apprendre \u00e0 nager ! Papa a h\u00e2te que son petit phoque p\u00eache comme un grand. Toutefois, \u00e0 la vue de l&#8217;eau et du courant, ce dernier est bien craintif. Comment Logan pourra-t-il surmonter sa peur et affronter les vagues ?<\/p>\n","protected":false},"excerpt":{"rendered":"<p>D\u00e9couvre les animaux du Qu\u00e9bec \u00e0 travers ces 4 jolies histoires mettant en sc\u00e8ne les b\u00eates de notre belle province ! Prends plaisir \u00e0 lire les aventures de ces personnages adorables, puis approfondis tes connaissances sur les diff\u00e9rentes esp\u00e8ces gr\u00e2ce \u00e0 une page d\u2019information documentaire \u00e0 la fin de chaque album. Pr\u00eat \u00e0 tout pour [&hellip;]<\/p>\n","protected":false},"featured_media":16846,"template":"","meta":{"wds_primary_product_brand":0,"wds_primary_product_cat":0,"wds_primary_maison_dedition":0},"product_brand":[],"product_cat":[560,578,662,538],"product_tag":[],"maison_dedition":[663],"class_list":{"0":"post-16848","1":"product","2":"type-product","3":"status-publish","4":"has-post-thumbnail","6":"product_cat-3-5-ans","7":"product_cat-albums-illustres","8":"product_cat-coffret-jeunesse","9":"product_cat-jeunesse","10":"pa_auteur-annie-lanthier","11":"pa_auteur-catherine-cote","12":"pa_auteur-valerie-gagne","13":"pa_illustrateur-chiara-nocentini","14":"pa_illustrateur-elena-aiello","15":"pa_illustrateur-emilie-graebling","16":"pa_illustrateur-sabrina-denault","17":"maison_dedition-petites-lectures-les-editions-goelette","19":"first","20":"instock","21":"taxable","22":"shipping-taxable","23":"purchasable","24":"product-type-variable"},"bundled_by":[],"bundle_stock_status":"instock","bundle_stock_quantity":null,"bundle_virtual":false,"bundle_layout":"","bundle_add_to_cart_form_location":"","bundle_editable_in_cart":false,"bundle_sold_individually_context":"","bundle_item_grouping":"","bundle_min_size":"","bundle_max_size":"","bundle_price":[],"bundled_items":[],"bundle_sell_ids":[],"acf":[],"_links":{"self":[{"href":"https:\/\/goelette.ca\/en\/wp-json\/wp\/v2\/product\/16848","targetHints":{"allow":["GET"]}}],"collection":[{"href":"https:\/\/goelette.ca\/en\/wp-json\/wp\/v2\/product"}],"about":[{"href":"https:\/\/goelette.ca\/en\/wp-json\/wp\/v2\/types\/product"}],"wp:featuredmedia":[{"embeddable":true,"href":"https:\/\/goelette.ca\/en\/wp-json\/wp\/v2\/media\/16846"}],"wp:attachment":[{"href":"https:\/\/goelette.ca\/en\/wp-json\/wp\/v2\/media?parent=16848"}],"wp:term":[{"taxonomy":"product_brand","embeddable":true,"href":"https:\/\/goelette.ca\/en\/wp-json\/wp\/v2\/product_brand?post=16848"},{"taxonomy":"product_cat","embeddable":true,"href":"https:\/\/goelette.ca\/en\/wp-json\/wp\/v2\/product_cat?post=16848"},{"taxonomy":"product_tag","embeddable":true,"href":"https:\/\/goelette.ca\/en\/wp-json\/wp\/v2\/product_tag?post=16848"},{"taxonomy":"maison_dedition","embeddable":true,"href":"https:\/\/goelette.ca\/en\/wp-json\/wp\/v2\/maison_dedition?post=16848"}],"curies":[{"name":"wp","href":"https:\/\/api.w.org\/{rel}","templated":true}]}}