{"id":16845,"date":"2020-03-24T01:00:00","date_gmt":"2021-10-04T20:32:20","guid":{"rendered":"https:\/\/www.goelette.ca\/produit\/droles-daventures-vol-1\/"},"modified":"2023-12-19T11:06:18","modified_gmt":"2023-12-19T16:06:18","slug":"droles-daventures-vol-1","status":"publish","type":"product","link":"https:\/\/goelette.ca\/en\/tous-les-livres\/droles-daventures-vol-1\/","title":{"rendered":"Dr\u00f4les d&#8217;aventures vol. 1"},"content":{"rendered":"<p style=\"text-align: justify;\">D\u00e9couvre les animaux du Qu\u00e9bec \u00e0 travers ces 4 jolies histoires mettant en sc\u00e8ne les b\u00eates de notre belle province ! Prends plaisir \u00e0 lire les aventures de ces personnages adorables, puis approfondis tes connaissances sur les diff\u00e9rentes esp\u00e8ces gr\u00e2ce \u00e0 une page d\u2019information documentaire \u00e0 la fin de chaque album.<\/p>\n<p><strong>Une bouteille \u00e0 la mer<\/strong><br \/><em>\u00c9crit par Marilou Charpentier et illustr\u00e9 par Sabrina Gendron<\/em><\/p>\n<p>Pauvre Mathias, son jouet favori a \u00e9t\u00e9 emport\u00e9 par la mar\u00e9e ! Billie le b\u00e9luga et son amie Ma\u00e9lie le marsouin aimeraient bien aider le gar\u00e7on. Jusqu&#8217;o\u00f9 devront-elles suivre le courant pour retrouver le petit bateau rouge ?<\/p>\n<p><strong>Le plus grognon des ours<\/strong><br \/><em>\u00c9crit par Val\u00e9rie Gagn\u00e9 et illustr\u00e9 par Angela Sbandelli<\/em><\/p>\n<p>Dans la for\u00eat des Mille Pins, il n&#8217;y a pas d&#8217;animal plus grincheux que Rufus ! Le vieil ours est si solitaire qu&#8217;il a am\u00e9nag\u00e9 toutes sortes d&#8217;installations pour \u00eatre tranquille dans son jardin. Cependant, le jour o\u00f9 il aura besoin d&#8217;aide pour se pr\u00e9parer pour l&#8217;hiver, acceptera t-il la pr\u00e9sence de ses voisins ?<\/p>\n<p><strong>La chorale de monsieur Ouaouaron<\/strong><br \/><em>\u00c9crit par Annie Lanthier et illustr\u00e9 par Marta Comito<\/em><\/p>\n<p>Monsieur Ouaouaron adore chanter. Il est m\u00eame convaincu d&#8217;avoir la plus belle voix ! Pourtant, les habitants de son \u00e9tang fuient tous sa s\u00e9r\u00e9nade. Qui donc acceptera de se joindre \u00e0 lui lorsqu&#8217;il tentera de cr\u00e9er la plus grande chorale de la for\u00eat ?<\/p>\n<p><strong>Les jolies cr\u00e9ations de Flore Castor<\/strong><br \/><em>\u00c9crit par Maude-Iris Hamelin-Ouellette et illustr\u00e9 par Julie Michaud<\/em><\/p>\n<p>B\u00e2tir des barrages, c&#8217;est ce que les castors font de mieux ! mais Flore Castor n&#8217;en a pas envie&#8230; car elle ne trouve pas ces constructions assez jolies. Que pourrait-elle fabriquer qui soit beau et utile pour rendre son p\u00e8re fier ?<\/p>\n","protected":false},"excerpt":{"rendered":"<p>D\u00e9couvre les animaux du Qu\u00e9bec \u00e0 travers ces 4 jolies histoires mettant en sc\u00e8ne les b\u00eates de notre belle province ! Prends plaisir \u00e0 lire les aventures de ces personnages adorables, puis approfondis tes connaissances sur les diff\u00e9rentes esp\u00e8ces gr\u00e2ce \u00e0 une page d\u2019information documentaire \u00e0 la fin de chaque album. Une bouteille \u00e0 la [&hellip;]<\/p>\n","protected":false},"featured_media":16843,"template":"","meta":{"wds_primary_product_brand":0,"wds_primary_product_cat":0,"wds_primary_maison_dedition":0},"product_brand":[],"product_cat":[560,578,662,538],"product_tag":[],"maison_dedition":[663],"class_list":{"0":"post-16845","1":"product","2":"type-product","3":"status-publish","4":"has-post-thumbnail","6":"product_cat-3-5-ans","7":"product_cat-albums-illustres","8":"product_cat-coffret-jeunesse","9":"product_cat-jeunesse","10":"pa_auteur-marilou-charpentier","11":"pa_auteur-maude-iris-hamelin-ouellette","12":"pa_auteur-valerie-gagne","13":"pa_illustrateur-angela-sbandelli","14":"pa_illustrateur-julie-michaud","15":"pa_illustrateur-marta-comito","16":"pa_illustrateur-sabrina-gendron","17":"maison_dedition-petites-lectures-les-editions-goelette","19":"first","20":"instock","21":"taxable","22":"shipping-taxable","23":"purchasable","24":"product-type-variable"},"bundled_by":[],"bundle_stock_status":"instock","bundle_stock_quantity":null,"bundle_virtual":false,"bundle_layout":"","bundle_add_to_cart_form_location":"","bundle_editable_in_cart":false,"bundle_sold_individually_context":"","bundle_item_grouping":"","bundle_min_size":"","bundle_max_size":"","bundle_price":[],"bundled_items":[],"bundle_sell_ids":[],"acf":[],"_links":{"self":[{"href":"https:\/\/goelette.ca\/en\/wp-json\/wp\/v2\/product\/16845","targetHints":{"allow":["GET"]}}],"collection":[{"href":"https:\/\/goelette.ca\/en\/wp-json\/wp\/v2\/product"}],"about":[{"href":"https:\/\/goelette.ca\/en\/wp-json\/wp\/v2\/types\/product"}],"wp:featuredmedia":[{"embeddable":true,"href":"https:\/\/goelette.ca\/en\/wp-json\/wp\/v2\/media\/16843"}],"wp:attachment":[{"href":"https:\/\/goelette.ca\/en\/wp-json\/wp\/v2\/media?parent=16845"}],"wp:term":[{"taxonomy":"product_brand","embeddable":true,"href":"https:\/\/goelette.ca\/en\/wp-json\/wp\/v2\/product_brand?post=16845"},{"taxonomy":"product_cat","embeddable":true,"href":"https:\/\/goelette.ca\/en\/wp-json\/wp\/v2\/product_cat?post=16845"},{"taxonomy":"product_tag","embeddable":true,"href":"https:\/\/goelette.ca\/en\/wp-json\/wp\/v2\/product_tag?post=16845"},{"taxonomy":"maison_dedition","embeddable":true,"href":"https:\/\/goelette.ca\/en\/wp-json\/wp\/v2\/maison_dedition?post=16845"}],"curies":[{"name":"wp","href":"https:\/\/api.w.org\/{rel}","templated":true}]}}