{"id":16842,"date":"2019-04-05T01:00:00","date_gmt":"2021-10-04T20:32:16","guid":{"rendered":"https:\/\/www.goelette.ca\/produit\/un-trop-long-hiver\/"},"modified":"2022-02-18T16:19:31","modified_gmt":"2022-02-18T21:19:31","slug":"un-trop-long-hiver","status":"publish","type":"product","link":"https:\/\/goelette.ca\/en\/tous-les-livres\/un-trop-long-hiver\/","title":{"rendered":"Un trop long hiver"},"content":{"rendered":"<p><span style=\"font-size: 12px;\">L\u2019hiver. Mois de gel, de vent et de froidure. Tout s\u2019arr\u00eate. Une pause sans fin pour Julie, qui souhaite que la vie reprenne, que la nature lui lance une invitation \u00e0 sortir, \u00e0 r\u00eaver, \u00e0 chanter, pour rompre enfin cet interminable isolement. Or la temp\u00eate s\u2019acharne sur elle et elle attend en vain qu\u2019un \u00e9v\u00e9nement lib\u00e9rateur se produise.<\/span><\/p>\n<p><span style=\"font-size: 12px;\">Retenue captive \u00e0 l\u2019int\u00e9rieur d\u2019elle-m\u00eame \u00e0 cause de ses angoisses et de ses troubles grandissants, elle n\u2019arrive plus \u00e0 expliquer les pens\u00e9es tristes et confuses qui l\u2019assaillent. Elle sombre malgr\u00e9 elle dans la morosit\u00e9, avec le sentiment insupportable que personne n\u2019entend ses appels \u00e0 l\u2019aide.<\/span><\/p>\n<p><span style=\"font-size: 12px;\">\u00c0 travers une narration touchante qui vacille entre un pr\u00e9sent m\u00e9lancolique et un pass\u00e9 marqu\u00e9 par la r\u00e9clusion et l\u2019amertume, Louise Simard r\u00e9ussit \u00e0 rendre avec une justesse simple et d\u00e9routante l\u2019histoire d\u2019une jeune femme prisonni\u00e8re de ses souvenirs d\u2019enfance et d\u2019une solitude qui la submerge sans qu\u2019elle puisse y faire quoi que ce soit.<\/span><\/p><\/p>\n","protected":false},"excerpt":{"rendered":"<p>L\u2019hiver. Mois de gel, de vent et de froidure. Tout s\u2019arr\u00eate. Une pause sans fin pour Julie, qui souhaite que la vie reprenne, que la nature lui lance une invitation \u00e0 sortir, \u00e0 r\u00eaver, \u00e0 chanter, pour rompre enfin cet interminable isolement. Or la temp\u00eate s\u2019acharne sur elle et elle attend en vain qu\u2019un \u00e9v\u00e9nement [&hellip;]<\/p>\n","protected":false},"featured_media":16840,"template":"","meta":{"wds_primary_product_brand":0,"wds_primary_product_cat":0,"wds_primary_maison_dedition":0},"product_brand":[],"product_cat":[565,542],"product_tag":[],"maison_dedition":[630],"class_list":{"0":"post-16842","1":"product","2":"type-product","3":"status-publish","4":"has-post-thumbnail","6":"product_cat-drame","7":"product_cat-roman","8":"pa_auteur-louise-simard","9":"maison_dedition-les-editions-goelette","11":"first","12":"instock","13":"taxable","14":"shipping-taxable","15":"purchasable","16":"product-type-variable"},"bundled_by":[],"bundle_stock_status":"instock","bundle_stock_quantity":null,"bundle_virtual":false,"bundle_layout":"","bundle_add_to_cart_form_location":"","bundle_editable_in_cart":false,"bundle_sold_individually_context":"","bundle_item_grouping":"","bundle_min_size":"","bundle_max_size":"","bundle_price":[],"bundled_items":[],"bundle_sell_ids":[],"acf":[],"_links":{"self":[{"href":"https:\/\/goelette.ca\/en\/wp-json\/wp\/v2\/product\/16842","targetHints":{"allow":["GET"]}}],"collection":[{"href":"https:\/\/goelette.ca\/en\/wp-json\/wp\/v2\/product"}],"about":[{"href":"https:\/\/goelette.ca\/en\/wp-json\/wp\/v2\/types\/product"}],"wp:featuredmedia":[{"embeddable":true,"href":"https:\/\/goelette.ca\/en\/wp-json\/wp\/v2\/media\/16840"}],"wp:attachment":[{"href":"https:\/\/goelette.ca\/en\/wp-json\/wp\/v2\/media?parent=16842"}],"wp:term":[{"taxonomy":"product_brand","embeddable":true,"href":"https:\/\/goelette.ca\/en\/wp-json\/wp\/v2\/product_brand?post=16842"},{"taxonomy":"product_cat","embeddable":true,"href":"https:\/\/goelette.ca\/en\/wp-json\/wp\/v2\/product_cat?post=16842"},{"taxonomy":"product_tag","embeddable":true,"href":"https:\/\/goelette.ca\/en\/wp-json\/wp\/v2\/product_tag?post=16842"},{"taxonomy":"maison_dedition","embeddable":true,"href":"https:\/\/goelette.ca\/en\/wp-json\/wp\/v2\/maison_dedition?post=16842"}],"curies":[{"name":"wp","href":"https:\/\/api.w.org\/{rel}","templated":true}]}}